{"id":11659,"date":"2021-08-27T21:28:59","date_gmt":"2021-08-27T19:28:59","guid":{"rendered":"https:\/\/wagas.eu\/terms-and-conditions-database\/"},"modified":"2021-09-07T12:25:52","modified_gmt":"2021-09-07T10:25:52","slug":"databaze-vpp","status":"publish","type":"page","link":"https:\/\/wagas.eu\/cs\/databaze-vpp\/","title":{"rendered":"Datab\u00e1ze V\u0161eobecn\u00fdch pojistn\u00fdch podm\u00ednek"},"content":{"rendered":"<p>1<\/p>\n","protected":false},"excerpt":{"rendered":"1","protected":false},"author":1,"featured_media":0,"parent":0,"menu_order":0,"comment_status":"closed","ping_status":"closed","template":"page-OWU.php","meta":{"footnotes":""},"_links":{"self":[{"href":"https:\/\/wagas.eu\/cs\/wp-json\/wp\/v2\/pages\/11659"}],"collection":[{"href":"https:\/\/wagas.eu\/cs\/wp-json\/wp\/v2\/pages"}],"about":[{"href":"https:\/\/wagas.eu\/cs\/wp-json\/wp\/v2\/types\/page"}],"author":[{"embeddable":true,"href":"https:\/\/wagas.eu\/cs\/wp-json\/wp\/v2\/users\/1"}],"replies":[{"embeddable":true,"href":"https:\/\/wagas.eu\/cs\/wp-json\/wp\/v2\/comments?post=11659"}],"version-history":[{"count":7,"href":"https:\/\/wagas.eu\/cs\/wp-json\/wp\/v2\/pages\/11659\/revisions"}],"predecessor-version":[{"id":12700,"href":"https:\/\/wagas.eu\/cs\/wp-json\/wp\/v2\/pages\/11659\/revisions\/12700"}],"wp:attachment":[{"href":"https:\/\/wagas.eu\/cs\/wp-json\/wp\/v2\/media?parent=11659"}],"curies":[{"name":"wp","href":"https:\/\/api.w.org\/{rel}","templated":true}]}}