{"id":3365,"date":"2019-04-09T15:52:15","date_gmt":"2019-04-09T13:52:15","guid":{"rendered":"http:\/\/www.sandis.type.pl\/wagas\/bg\/cookie-policy\/"},"modified":"2021-06-02T16:50:45","modified_gmt":"2021-06-02T14:50:45","slug":"politika-souboru-cookie","status":"publish","type":"page","link":"https:\/\/wagas.eu\/cs\/politika-souboru-cookie\/","title":{"rendered":"Politika soubor\u016f cookie"},"content":{"rendered":"<h3 aria-level=\"1\"><span data-contrast=\"none\">Co jsou soubory cookie?<\/span><span data-ccp-props=\"{&quot;335559738&quot;:240}\">\u00a0<\/span><\/h3>\n<p><span data-contrast=\"auto\">Soubory cookie (cookies) jsou textov\u00e9 soubory odeslan\u00e9 nav\u0161t\u00edven\u00fdmi webov\u00fdmi str\u00e1nkami a pot\u00e9 sta\u017een\u00e9 do po\u010d\u00edta\u010de u\u017eivatele.\u00a0Informace obsa\u017een\u00e9 v cookies mohou b\u00fdt \u010dteny pouze webovou str\u00e1nkou, kter\u00e1 je vytvo\u0159ila.\u00a0Tato str\u00e1nka z\u00e1rove\u0148 nem\u00e1 p\u0159\u00edstup k dal\u0161\u00edm soubor\u016fm, kter\u00e9 jsou v po\u010d\u00edta\u010di u\u017eivatele<\/span><span data-ccp-props=\"{}\">\u00a0<\/span><\/p>\n<p><span data-ccp-props=\"{}\">\u00a0<\/span><\/p>\n<p><span data-contrast=\"none\">Typy soubor\u016f cookie pou\u017e\u00edvan\u00fdch spole\u010dnost\u00ed WAGAS S.A.\u00a0<\/span><span data-ccp-props=\"{}\">\u00a0<\/span><\/p>\n<p><span data-contrast=\"auto\">V\u202fr\u00e1mci webov\u00fdch str\u00e1nek\u00a0wagas.pl oraz wagas.eu\u00a0a mobiln\u00edch aplikac\u00ed\u00a0\u00a0WAGAS S.A.\u00a0mohou b\u00fdt pou\u017eity dva typu cookies soubor\u016f :<\/span><span data-ccp-props=\"{}\">\u00a0<\/span><\/p>\n<p><span data-ccp-props=\"{}\">\u00a0<\/span><\/p>\n<ul>\n<li data-leveltext=\"\uf0b7\" data-font=\"Symbol\" data-listid=\"5\" aria-setsize=\"-1\" data-aria-posinset=\"1\" data-aria-level=\"1\"><span data-contrast=\"auto\">Trval\u00e9 cookies\u00a0&#8211;\u00a0Jsou to soubory ulo\u017een\u00e9 na koncov\u00e9m za\u0159\u00edzen\u00ed u\u017eivatele po dobu uvedenou v parametrech souboru cookie nebo do doby, ne\u017e je u\u017eivatel sma\u017ee;<\/span><span data-ccp-props=\"{&quot;134233279&quot;:true}\">\u00a0<\/span><\/li>\n<li data-leveltext=\"\uf0b7\" data-font=\"Symbol\" data-listid=\"5\" aria-setsize=\"-1\" data-aria-posinset=\"2\" data-aria-level=\"1\"><span data-contrast=\"auto\">Rela\u010dn\u00ed cookies\u00a0&#8211;\u00a0Jsou to do\u010dasn\u00e9 soubory, kter\u00e9 jsou ulo\u017eeny na koncov\u00e9m za\u0159\u00edzen\u00ed u\u017eivatele a\u017e do odhl\u00e1\u0161en\u00ed, opu\u0161t\u011bn\u00ed webu nebo vypnut\u00ed softwaru (webov\u00fd prohl\u00ed\u017ee\u010d).<\/span><span data-ccp-props=\"{&quot;134233279&quot;:true}\">\u00a0<\/span><\/li>\n<\/ul>\n<p><span data-ccp-props=\"{}\">\u00a0<\/span><\/p>\n<h3><span data-contrast=\"none\">\u00da\u010del pou\u017eit\u00ed cookies\u00a0<\/span><span data-ccp-props=\"{}\">\u00a0<\/span><\/h3>\n<p><span data-contrast=\"auto\">Soubory cookie pou\u017e\u00edvan\u00e9 webovou str\u00e1nkou umo\u017e\u0148uj\u00ed p\u0159\u00edslu\u0161nou \u00fapravu informac\u00ed zobrazen\u00fdch na webov\u00e9 str\u00e1nce a\u00a0personalizaci\u00a0zobrazovan\u00e9ho\u00a0obsahu. Umo\u017e\u0148uj\u00ed tak\u00e9 m\u011b\u0159it u\u017eivatelsk\u00e9 interakce na webov\u00fdch str\u00e1nk\u00e1ch. Soubory cookie se pou\u017e\u00edvaj\u00ed k \u00faprav\u011b a zlep\u0161en\u00ed fungov\u00e1n\u00ed webov\u00fdch str\u00e1nek a aplikac\u00ed a tak\u00e9 k m\u011b\u0159en\u00ed \u00fa\u010dink\u016f akc\u00ed prov\u00e1d\u011bn\u00fdch jako sou\u010d\u00e1st webov\u00fdch str\u00e1nek.<\/span><span data-ccp-props=\"{}\">\u00a0<\/span><\/p>\n<p><span data-ccp-props=\"{}\">\u00a0<\/span><\/p>\n<h3><span data-contrast=\"none\">P\u0159\u00edklady pou\u017eit\u00ed cookies na webov\u00fdch str\u00e1nk\u00e1ch:<\/span><span data-ccp-props=\"{&quot;201341983&quot;:2,&quot;335559739&quot;:225,&quot;335559740&quot;:330}\">\u00a0<\/span><\/h3>\n<ul>\n<li data-leveltext=\"\uf0b7\" data-font=\"Symbol\" data-listid=\"2\" aria-setsize=\"-1\" data-aria-posinset=\"1\" data-aria-level=\"1\"><span data-contrast=\"none\">lep\u0161\u00ed p\u0159izp\u016fsoben\u00ed\u00a0<\/span><span data-contrast=\"auto\">reklam zobrazovan\u00fdch na webu<\/span><span data-contrast=\"none\">;<\/span><span data-ccp-props=\"{&quot;335559738&quot;:96,&quot;335559739&quot;:96}\">\u00a0<\/span><\/li>\n<li data-leveltext=\"\uf0b7\" data-font=\"Symbol\" data-listid=\"2\" aria-setsize=\"-1\" data-aria-posinset=\"2\" data-aria-level=\"1\"><span data-contrast=\"none\">anal\u00fdza u\u017eivatelsk\u00fdch preferenc\u00ed a aktivity na webu;<\/span><span data-ccp-props=\"{&quot;335559738&quot;:96,&quot;335559739&quot;:96}\">\u00a0<\/span><\/li>\n<\/ul>\n<ul>\n<li data-leveltext=\"\uf0b7\" data-font=\"Symbol\" data-listid=\"2\" aria-setsize=\"-1\" data-aria-posinset=\"1\" data-aria-level=\"1\"><span data-contrast=\"none\">\u00faprava obsahu reklam zobrazovan\u00fdch mimo jin\u00e9 v reklamn\u00ed s\u00edti. Google (remarketing);<\/span><span data-ccp-props=\"{&quot;335559738&quot;:96,&quot;335559739&quot;:96}\">\u00a0<\/span><\/li>\n<li data-leveltext=\"\uf0b7\" data-font=\"Symbol\" data-listid=\"2\" aria-setsize=\"-1\" data-aria-posinset=\"2\" data-aria-level=\"1\"><span data-contrast=\"none\">m\u011b\u0159en\u00ed \u00fa\u010dinnosti akc\u00ed prov\u00e1d\u011bn\u00fdch pro\u00a0Poji\u0161\u0165ovnu, nap\u0159. v Google, p\u0159idru\u017een\u00fdch s\u00edt\u00edch, partnersk\u00fdch programech;<\/span><span data-ccp-props=\"{&quot;335559738&quot;:96,&quot;335559739&quot;:96}\">\u00a0<\/span><\/li>\n<li data-leveltext=\"\uf0b7\" data-font=\"Symbol\" data-listid=\"2\" aria-setsize=\"-1\" data-aria-posinset=\"3\" data-aria-level=\"1\"><span data-contrast=\"none\">implementace soubor\u016f t\u0159et\u00edch stran, nap\u0159. p\u0159idru\u017een\u00e9 s\u00edt\u011b prost\u0159ednictv\u00edm Google Tag Manager &#8211; v\u00edce informac\u00ed<\/span><span data-contrast=\"none\">\u202f<\/span><a href=\"https:\/\/www.google.com\/analytics\/tag-manager\/use-policy\/\"><span data-contrast=\"none\">zde<\/span><\/a><span data-contrast=\"none\">\u00a0;<\/span><span data-ccp-props=\"{&quot;335559738&quot;:96,&quot;335559739&quot;:96}\">\u00a0<\/span><\/li>\n<li data-leveltext=\"\uf0b7\" data-font=\"Symbol\" data-listid=\"2\" aria-setsize=\"-1\" data-aria-posinset=\"4\" data-aria-level=\"1\"><span data-contrast=\"none\">ulo\u017een\u00ed\u00a0nesouhlasu se zobrazov\u00e1n\u00edm\u00a0ur\u010dit\u00e9ho obsahu v budoucnu.<\/span><span data-ccp-props=\"{&quot;335559738&quot;:96,&quot;335559739&quot;:96}\">\u00a0<\/span><\/li>\n<\/ul>\n<p><span data-contrast=\"auto\">\u00a0<\/span><span data-ccp-props=\"{}\">\u00a0<\/span><\/p>\n<h3 aria-level=\"1\"><span data-contrast=\"none\">Soubory cookie t\u0159et\u00edch stran<\/span><span data-ccp-props=\"{&quot;335559738&quot;:240}\">\u00a0<\/span><\/h3>\n<p><span data-contrast=\"auto\">Pou\u017e\u00edv\u00e1me nebo m\u016f\u017eeme pou\u017e\u00edvat soubory cookie t\u0159et\u00edch stran, \u010dili soubory cookie zve\u0159ejn\u011bn\u00e9 na webov\u00fdch str\u00e1nk\u00e1ch na\u0161imi partnery, tj.:<\/span><span data-ccp-props=\"{}\">\u00a0<\/span><\/p>\n<ul>\n<li data-leveltext=\"\uf0b7\" data-font=\"Symbol\" data-listid=\"6\" aria-setsize=\"-1\" data-aria-posinset=\"1\" data-aria-level=\"1\"><span data-contrast=\"auto\">Google<\/span><span data-ccp-props=\"{&quot;134233279&quot;:true}\">\u00a0<\/span><\/li>\n<li data-leveltext=\"\uf0b7\" data-font=\"Symbol\" data-listid=\"6\" aria-setsize=\"-1\" data-aria-posinset=\"2\" data-aria-level=\"1\"><span data-contrast=\"auto\">Facebook<\/span><span data-ccp-props=\"{&quot;134233279&quot;:true}\">\u00a0<\/span><\/li>\n<li data-leveltext=\"\uf0b7\" data-font=\"Symbol\" data-listid=\"6\" aria-setsize=\"-1\" data-aria-posinset=\"3\" data-aria-level=\"1\"><span data-contrast=\"auto\">Hotjar<\/span><span data-ccp-props=\"{&quot;134233279&quot;:true}\">\u00a0<\/span><\/li>\n<\/ul>\n<p><span data-ccp-props=\"{}\">\u00a0<\/span><\/p>\n<h3><span data-contrast=\"none\">Cookie a anal\u00fdza provozu\u00a0na webu\u00a0a chov\u00e1n\u00ed u\u017eivatel\u016f\u00a0<\/span><span data-ccp-props=\"{}\">\u00a0<\/span><\/h3>\n<p><span data-contrast=\"auto\">Pro rozbor a zlep\u0161en\u00ed\u00a0fungov\u00e1n\u00ed na\u0161ich webov\u00fdch str\u00e1nek, pou\u017e\u00edv\u00e1me slu\u017eby a reklamn\u00ed funkce, kter\u00e9 nab\u00edz\u00ed\u00a0n\u00e1stroj\u00a0Google Analytics\u00a0dod\u00e1van\u00fd spole\u010dnost\u00ed\u00a0Google Inc. Google Analytics\u00a0hromadn\u011b a anonymn\u011b zpracov\u00e1v\u00e1\u00a0shrom\u00e1\u017ed\u011bn\u00e1\u00a0\u00a0data, proto nen\u00ed mo\u017en\u00e9 identifikovat jedinou osobu, jej\u00ed\u017e \u00fadaje byly z\u00edsk\u00e1ny. Google Analytics\u00a0pou\u017e\u00edv\u00e1 cookies k anal\u00fdze toho, jak pou\u017e\u00edv\u00e1te web a k vytv\u00e1\u0159en\u00ed souhrnn\u00fdch statistik \/ zpr\u00e1v o n\u00e1v\u0161t\u011bvn\u00edc\u00edch.\u00a0Krom\u011b toho\u00a0d\u00edky reklamn\u00ed funkci\u00a0Google Analytics\u00a0m\u00e1me mo\u017enost:<\/span><span data-ccp-props=\"{}\">\u00a0<\/span><\/p>\n<ul>\n<li data-leveltext=\"\uf0b7\" data-font=\"Symbol\" data-listid=\"4\" aria-setsize=\"-1\" data-aria-posinset=\"1\" data-aria-level=\"1\"><span data-contrast=\"none\">pou\u017e\u00edvat remarketing s vyu\u017eit\u00edm\u00a0\u00a0Google Analytics;<\/span><span data-ccp-props=\"{&quot;335559738&quot;:96,&quot;335559739&quot;:96}\">\u00a0<\/span><\/li>\n<li data-leveltext=\"\uf0b7\" data-font=\"Symbol\" data-listid=\"4\" aria-setsize=\"-1\" data-aria-posinset=\"2\" data-aria-level=\"1\"><span data-contrast=\"none\">p\u0159ipravovat zpr\u00e1vy\u00a0ohledn\u011b\u00a0zobrazen\u00ed v reklamn\u00ed s\u00edti\u00a0Google;<\/span><span data-ccp-props=\"{&quot;335559738&quot;:96,&quot;335559739&quot;:96}\">\u00a0<\/span><\/li>\n<\/ul>\n<ul>\n<li data-leveltext=\"\uf0b7\" data-font=\"Symbol\" data-listid=\"4\" aria-setsize=\"-1\" data-aria-posinset=\"1\" data-aria-level=\"1\"><span data-contrast=\"none\">p\u0159ipravovat zpr\u00e1vy ohledn\u011b\u00a0demografick\u00fdch \u00fadaj\u016f a z\u00e1jm\u016f\u00a0v\u00a0Google Analytics;<\/span><span data-ccp-props=\"{&quot;335559738&quot;:96,&quot;335559739&quot;:96}\">\u00a0<\/span><\/li>\n<li data-leveltext=\"\uf0b7\" data-font=\"Symbol\" data-listid=\"4\" aria-setsize=\"-1\" data-aria-posinset=\"2\" data-aria-level=\"1\"><span data-contrast=\"none\">vyu\u017e\u00edvat integrovan\u00e9 slu\u017eby, kter\u00e9 vy\u017eaduj\u00ed, aby\u00a0Google Analytics\u00a0shroma\u017e\u010foval\u00a0\u00fadaje pro reklamn\u00ed \u00fa\u010dely, v\u010detn\u011b pou\u017eit\u00ed identifik\u00e1tor\u016f a soubor\u016f\u00a0cookies\u00a0t\u00fdkaj\u00edc\u00edch se\u00a0reklam.<\/span><span data-ccp-props=\"{&quot;335559738&quot;:96,&quot;335559739&quot;:96}\">\u00a0<\/span><\/li>\n<\/ul>\n<p><span data-contrast=\"auto\">Nastaven\u00ed reklam m\u016f\u017eete kdykoli zm\u011bnit\u00a0v\u202fr\u00e1mci slu\u017eby\u00a0Google,\u00a0v\u010detn\u011b deaktivace personalizace reklam, kter\u00e1\u00a0d\u00e1v\u00e1\u00a0Google na\u00a0mo\u017enost vyu\u017e\u00edv\u00e1n\u00ed\u00a0informac\u00ed o Va\u0161\u00ed aktivit\u011b v \u00fa\u010dtu\u00a0Google,\u00a0informac\u00ed uchov\u00e1van\u00fdch v\u202fr\u00e1mci\u00a0Google\u00a0slu\u017eeb\u00a0(jako\u00a0nap\u0159\u00edklad\u00a0\u00a0vyhled\u00e1va\u010d a\u00a0YouTube)\u00a0a \u00fadaj\u016f t\u00fdkaj\u00edc\u00edch se\u00a0prohl\u00ed\u017een\u00ed dat z web\u016f a aplikac\u00ed\u00a0\u00a0partner\u016f\u00a0Google.\u00a0Nastaven\u00ed reklamy m\u016f\u017eete zm\u011bnit\u202f<\/span><a href=\"https:\/\/adssettings.google.com\/\"><span data-contrast=\"none\">zde<\/span><\/a><span data-ccp-props=\"{}\">\u00a0<\/span><\/p>\n<p><span data-ccp-props=\"{}\">\u00a0<\/span><\/p>\n<p><span data-contrast=\"auto\">Pokud nechcete poskytovat anonymn\u00ed data o pou\u017e\u00edv\u00e1n\u00ed webu slu\u017eb\u011b Google Analytics, m\u016f\u017eete pou\u017e\u00edt plugin poskytovan\u00fd\u00a0\u00a0spole\u010dnost\u00ed\u00a0Google\u00a0<\/span><a href=\"https:\/\/tools.google.com\/dlpage\/gaoptout\/?hl=en\"><span data-contrast=\"none\">zde<\/span><\/a><span data-contrast=\"auto\">\u00a0Po nainstalov\u00e1n\u00ed do Va\u0161eho prohl\u00ed\u017ee\u010de a aktivaci nebudou d\u00e1le data odes\u00edl\u00e1na, ale Vy budete st\u00e1le m\u00edt p\u0159\u00edstup k\u202fdan\u00e9mu webu.<\/span><span data-ccp-props=\"{}\">\u00a0<\/span><\/p>\n<p><span data-ccp-props=\"{}\">\u00a0<\/span><\/p>\n<p><span data-contrast=\"auto\">V\u00edce informac\u00ed o zpracov\u00e1n\u00ed a vyu\u017eit\u00ed dat\u00a0v\u202fr\u00e1mci\u00a0\u00a0Google Analytics\u00a0najdete\u00a0<\/span><a href=\"https:\/\/policies.google.com\/technologies\/partner-sites?hl=cs\"><span data-contrast=\"none\">zde<\/span><\/a><span data-contrast=\"auto\">\u00a0<\/span><span data-contrast=\"none\">,\u00a0<\/span><span data-contrast=\"auto\">zat\u00edmco \u00fapln\u00e1\u00a0pravidla pro ochranu\u00a0osobn\u00edch \u00fadaj\u016f\u00a0Google Inc.\u00a0Jsou dostupn\u00e1\u00a0<\/span><a href=\"https:\/\/policies.google.com\/privacy?cz=cz&amp;hl=cs\"><span data-contrast=\"none\">zde<\/span><\/a><span data-ccp-props=\"{}\">\u00a0<\/span><\/p>\n<p><span data-ccp-props=\"{}\">\u00a0<\/span><\/p>\n<h3 aria-level=\"1\"><span data-contrast=\"none\">Zm\u011bna nastaven\u00ed\u00a0cookie\u00a0soubor\u016f\u00a0v prohl\u00ed\u017ee\u010di<\/span><span data-ccp-props=\"{&quot;335559738&quot;:240}\">\u00a0<\/span><\/h3>\n<p><span data-contrast=\"auto\">Zm\u011bna podm\u00ednek\u00a0pro\u00a0ukl\u00e1d\u00e1n\u00ed nebo p\u0159ij\u00edm\u00e1n\u00ed cookies je mo\u017en\u00e1 konfigurac\u00ed nastaven\u00ed\u00a0ve webov\u00fdch prohl\u00ed\u017ee\u010d\u00edch, nap\u0159.:<\/span><span data-ccp-props=\"{}\">\u00a0<\/span><\/p>\n<ul>\n<li data-leveltext=\"\uf0b7\" data-font=\"Symbol\" data-listid=\"7\" aria-setsize=\"-1\" data-aria-posinset=\"1\" data-aria-level=\"1\"><span data-contrast=\"none\">v prohl\u00ed\u017ee\u010di\u202f<\/span><a href=\"https:\/\/support.google.com\/chrome\/answer\/95647?hl=cz\"><span data-contrast=\"none\">Chrome<\/span><\/a><span data-ccp-props=\"{&quot;134233117&quot;:true,&quot;335559739&quot;:150}\">\u00a0<\/span><\/li>\n<li data-leveltext=\"\uf0b7\" data-font=\"Symbol\" data-listid=\"7\" aria-setsize=\"-1\" data-aria-posinset=\"2\" data-aria-level=\"1\"><span data-contrast=\"none\">v prohl\u00ed\u017ee\u010di\u202f<\/span><a href=\"https:\/\/support.microsoft.com\/cs-cz\/windows\/odstran%C4%9Bn%C3%AD-a-spr%C3%A1va-soubor%C5%AF-cookie-168dab11-0753-043d-7c16-ede5947fc64d\"><span data-contrast=\"none\">Internet\u00a0Explorer<\/span><\/a><span data-ccp-props=\"{&quot;134233117&quot;:true,&quot;335559739&quot;:150}\">\u00a0<\/span><\/li>\n<li data-leveltext=\"\uf0b7\" data-font=\"Symbol\" data-listid=\"7\" aria-setsize=\"-1\" data-aria-posinset=\"3\" data-aria-level=\"1\"><span data-contrast=\"none\">v prohl\u00ed\u017ee\u010di\u202f<\/span><a href=\"https:\/\/support.mozilla.org\/pl\/kb\/ciasteczka\"><span data-contrast=\"none\">Mozilla Firefox<\/span><\/a><span data-ccp-props=\"{&quot;134233117&quot;:true,&quot;335559739&quot;:150}\">\u00a0<\/span><\/li>\n<li data-leveltext=\"\uf0b7\" data-font=\"Symbol\" data-listid=\"7\" aria-setsize=\"-1\" data-aria-posinset=\"4\" data-aria-level=\"1\"><span data-contrast=\"none\">v prohl\u00ed\u017ee\u010di\u202f<\/span><a href=\"https:\/\/help.opera.com\/cs\/latest\/web-preferences\/\"><span data-contrast=\"none\">Opera<\/span><\/a><span data-ccp-props=\"{&quot;134233117&quot;:true,&quot;335559739&quot;:150}\">\u00a0<\/span><\/li>\n<li data-leveltext=\"\uf0b7\" data-font=\"Symbol\" data-listid=\"7\" aria-setsize=\"-1\" data-aria-posinset=\"5\" data-aria-level=\"1\"><span data-contrast=\"none\">v prohl\u00ed\u017ee\u010di\u202f<\/span><a href=\"https:\/\/support.apple.com\/cs-cz\/guide\/safari\/sfri11471\/mac\"><span data-contrast=\"none\">Safari<\/span><\/a><span data-ccp-props=\"{&quot;134233117&quot;:true,&quot;335559739&quot;:150}\">\u00a0<\/span><\/li>\n<\/ul>\n","protected":false},"excerpt":{"rendered":"Co jsou soubory cookie?\u00a0 Soubory cookie (cookies) jsou textov\u00e9 soubory odeslan\u00e9 nav\u0161t\u00edven\u00fdmi webov\u00fdmi str\u00e1nkami a pot\u00e9 sta\u017een\u00e9 do po\u010d\u00edta\u010de u\u017eivatele.\u00a0Informace obsa\u017een\u00e9 v cookies mohou b\u00fdt \u010dteny pouze webovou str\u00e1nkou, kter\u00e1 je vytvo\u0159ila.\u00a0Tato str\u00e1nka z\u00e1rove\u0148 nem\u00e1 p\u0159\u00edstup k dal\u0161\u00edm soubor\u016fm, kter\u00e9 jsou v po\u010d\u00edta\u010di u\u017eivatele\u00a0 \u00a0 Typy soubor\u016f cookie pou\u017e\u00edvan\u00fdch spole\u010dnost\u00ed WAGAS S.A.\u00a0\u00a0 V\u202fr\u00e1mci webov\u00fdch str\u00e1nek\u00a0wagas.pl&#8230; <a class=\"view-article\" href=\"https:\/\/wagas.eu\/cs\/politika-souboru-cookie\/\">View Article<\/a>","protected":false},"author":1,"featured_media":0,"parent":0,"menu_order":0,"comment_status":"closed","ping_status":"closed","template":"","meta":{"footnotes":""},"_links":{"self":[{"href":"https:\/\/wagas.eu\/cs\/wp-json\/wp\/v2\/pages\/3365"}],"collection":[{"href":"https:\/\/wagas.eu\/cs\/wp-json\/wp\/v2\/pages"}],"about":[{"href":"https:\/\/wagas.eu\/cs\/wp-json\/wp\/v2\/types\/page"}],"author":[{"embeddable":true,"href":"https:\/\/wagas.eu\/cs\/wp-json\/wp\/v2\/users\/1"}],"replies":[{"embeddable":true,"href":"https:\/\/wagas.eu\/cs\/wp-json\/wp\/v2\/comments?post=3365"}],"version-history":[{"count":4,"href":"https:\/\/wagas.eu\/cs\/wp-json\/wp\/v2\/pages\/3365\/revisions"}],"predecessor-version":[{"id":7974,"href":"https:\/\/wagas.eu\/cs\/wp-json\/wp\/v2\/pages\/3365\/revisions\/7974"}],"wp:attachment":[{"href":"https:\/\/wagas.eu\/cs\/wp-json\/wp\/v2\/media?parent=3365"}],"curies":[{"name":"wp","href":"https:\/\/api.w.org\/{rel}","templated":true}]}}