{"id":3366,"date":"2019-04-09T15:52:15","date_gmt":"2019-04-09T13:52:15","guid":{"rendered":"http:\/\/www.sandis.type.pl\/wagas\/bg\/cookie-policy\/"},"modified":"2021-06-02T16:53:24","modified_gmt":"2021-06-02T14:53:24","slug":"kupsiste-poliitika","status":"publish","type":"page","link":"https:\/\/wagas.eu\/et\/kupsiste-poliitika\/","title":{"rendered":"K\u00fcpsiste poliitika"},"content":{"rendered":"<h3 aria-level=\"1\"><span data-contrast=\"none\">Mis on k<\/span><span data-contrast=\"none\">\u00fcpsised<\/span><span data-contrast=\"none\">\u00a0<\/span><span data-contrast=\"none\">(c<\/span><span data-contrast=\"none\">ookie<\/span><span data-contrast=\"none\">s)<\/span><span data-contrast=\"none\">?<\/span><span data-ccp-props=\"{&quot;201341983&quot;:0,&quot;335559738&quot;:240,&quot;335559739&quot;:0,&quot;335559740&quot;:240}\">\u00a0<\/span><\/h3>\n<p><span data-contrast=\"auto\">K\u00fcpsised on\u00a0veebilehe k\u00fclastamisel teie arvutisse v\u00f5i seadmesse salvestatavad tekstifailid. Nendes failides sisalduv info on k\u00e4ttesaadav\u00a0ainult sellele\u00a0veebilehele, mis on neid k\u00fcpsiseid loonud. Samal ajal veebilehel ei ole liigip\u00e4\u00e4su teistele\u00a0kasutaja arvutis v\u00f5i seadmes olevatele failidele.\u00a0<\/span><span data-ccp-props=\"{&quot;201341983&quot;:0,&quot;335559739&quot;:0,&quot;335559740&quot;:240}\">\u00a0<\/span><\/p>\n<p><span data-ccp-props=\"{&quot;201341983&quot;:0,&quot;335559739&quot;:0,&quot;335559740&quot;:240}\">\u00a0<\/span><\/p>\n<h3><span data-contrast=\"none\">WAGAS S.A.\u00a0kasutavate\u00a0k<\/span><span data-contrast=\"none\">\u00fcpsiste liigid<\/span><span data-ccp-props=\"{&quot;201341983&quot;:0,&quot;335559739&quot;:0,&quot;335559740&quot;:240}\">\u00a0<\/span><\/h3>\n<p><span data-contrast=\"auto\">Veebilehtedel wagas.pl ja wagas.eu ning WAGAS S.A. \u00e4ppis saab kasutada kahte liiki k\u00fcpsiseid:<\/span><span data-ccp-props=\"{&quot;201341983&quot;:0,&quot;335559739&quot;:0,&quot;335559740&quot;:240}\">\u00a0<\/span><\/p>\n<p><span data-ccp-props=\"{&quot;201341983&quot;:0,&quot;335559739&quot;:0,&quot;335559740&quot;:240}\">\u00a0<\/span><\/p>\n<ul>\n<li data-leveltext=\"\uf0b7\" data-font=\"Symbol\" data-listid=\"3\" aria-setsize=\"-1\" data-aria-posinset=\"1\" data-aria-level=\"1\"><span data-contrast=\"auto\">p\u00fcsik\u00fcpsised\u00a0\u2013\u00a0j\u00e4\u00e4vad kasutaja arvutisse v\u00f5i seadmesse faili seadmetes m\u00e4\u00e4ratud ajaks v\u00f5i kuni k\u00e4sitsi eemaldamiseni;<\/span><span data-ccp-props=\"{&quot;134233279&quot;:true,&quot;201341983&quot;:0,&quot;335559739&quot;:0,&quot;335559740&quot;:240}\">\u00a0<\/span><\/li>\n<li data-leveltext=\"\uf0b7\" data-font=\"Symbol\" data-listid=\"3\" aria-setsize=\"-1\" data-aria-posinset=\"2\" data-aria-level=\"1\"><span data-contrast=\"auto\">seansik\u00fcpsised &#8211;\u00a0j\u00e4\u00e4vad kasutaja arvutisse v\u00f5i seadmesse\u00a0kuni\u00a0veebilehitseja\u00a0v\u00e4ljal\u00fclitamiseni v\u00f5i kuni kasutaja viibib veebilehel.<\/span><span data-ccp-props=\"{&quot;134233279&quot;:true,&quot;201341983&quot;:0,&quot;335559739&quot;:0,&quot;335559740&quot;:240}\">\u00a0<\/span><\/li>\n<\/ul>\n<h3 aria-level=\"1\"><span data-contrast=\"none\">K\u00fcpsiste kasutamise eesm\u00e4rk<\/span><span data-ccp-props=\"{&quot;201341983&quot;:0,&quot;335559738&quot;:240,&quot;335559739&quot;:0,&quot;335559740&quot;:240}\">\u00a0<\/span><\/h3>\n<p><span data-contrast=\"auto\">T\u00e4nu veebilehtedel ja \u00e4ppis kasutavatele k\u00fcpsistele saame n\u00e4idata kohandatud infot,\u00a0personaliseerida sisu, ning\u00a0m\u00f5\u00f5ta\u00a0kasutajate interaktsioone veebilehtedega ja \u00e4ppiga. K\u00fcpsiseid kasutatakse veebilehtede ja \u00e4ppi toimimise kohandamiseks, parandamiseks, ning\u00a0korraldavate tegevuste\u00a0tulemuste m\u00f5\u00f5tmiseks.\u00a0<\/span><span data-ccp-props=\"{&quot;201341983&quot;:0,&quot;335559739&quot;:0,&quot;335559740&quot;:240}\">\u00a0<\/span><\/p>\n<p><span data-ccp-props=\"{&quot;201341983&quot;:0,&quot;335559739&quot;:0,&quot;335559740&quot;:240}\">\u00a0<\/span><\/p>\n<p><span data-ccp-props=\"{&quot;201341983&quot;:0,&quot;335559739&quot;:0,&quot;335559740&quot;:240}\">\u00a0<\/span><\/p>\n<h3><span data-contrast=\"none\">N\u00e4ited k\u00fcpsiste kasutamisest meie veebilehtedel ja \u00e4ppis:<\/span><span data-ccp-props=\"{&quot;201341983&quot;:2,&quot;335559739&quot;:225,&quot;335559740&quot;:330}\">\u00a0<\/span><\/h3>\n<ul>\n<li data-leveltext=\"\uf0b7\" data-font=\"Symbol\" data-listid=\"1\" aria-setsize=\"-1\" data-aria-posinset=\"1\" data-aria-level=\"1\"><span data-contrast=\"none\">veebilehtedel kuvatavate reklaamide kohandamine;<\/span><span data-ccp-props=\"{&quot;201341983&quot;:0,&quot;335559738&quot;:96,&quot;335559739&quot;:96,&quot;335559740&quot;:240}\">\u00a0<\/span><\/li>\n<li data-leveltext=\"\uf0b7\" data-font=\"Symbol\" data-listid=\"1\" aria-setsize=\"-1\" data-aria-posinset=\"2\" data-aria-level=\"1\"><span data-contrast=\"none\">kasutaja eelistuste ja k\u00e4itumise anal\u00fc\u00fcs;<\/span><span data-ccp-props=\"{&quot;201341983&quot;:0,&quot;335559738&quot;:96,&quot;335559739&quot;:96,&quot;335559740&quot;:240}\">\u00a0<\/span><\/li>\n<\/ul>\n<ul>\n<li data-leveltext=\"\uf0b7\" data-font=\"Symbol\" data-listid=\"1\" aria-setsize=\"-1\" data-aria-posinset=\"1\" data-aria-level=\"1\"><span data-contrast=\"none\">reklaamiv\u00f5rgustikul, sh.\u00a0<\/span><span data-contrast=\"none\">Google\u2019is,\u00a0kuvatavate reklaamide kohandamine\u00a0(remarketing);<\/span><span data-ccp-props=\"{&quot;201341983&quot;:0,&quot;335559738&quot;:96,&quot;335559739&quot;:96,&quot;335559740&quot;:240}\">\u00a0<\/span><\/li>\n<li data-leveltext=\"\uf0b7\" data-font=\"Symbol\" data-listid=\"1\" aria-setsize=\"-1\" data-aria-posinset=\"2\" data-aria-level=\"1\"><span data-contrast=\"none\">kindlustaja kasuks\u00a0l\u00e4biviidavate\u00a0tegevuste t\u00f5hususe m\u00f5\u00f5tmine, n\u00e4iteks Google\u2019is, affiliate v\u00f5rgustikel\u00a0ja\u00a0partnerprogrammides;<\/span><span data-ccp-props=\"{&quot;201341983&quot;:0,&quot;335559738&quot;:96,&quot;335559739&quot;:96,&quot;335559740&quot;:240}\">\u00a0<\/span><\/li>\n<li data-leveltext=\"\uf0b7\" data-font=\"Symbol\" data-listid=\"1\" aria-setsize=\"-1\" data-aria-posinset=\"3\" data-aria-level=\"1\"><span data-contrast=\"none\">kolmandate osapoolte failide rakendamine, n\u00e4iteks\u00a0affiliate v\u00f5rgustike Google Tag Manager\u2019i vahendusel,\u00a0<\/span><a href=\"https:\/\/www.google.com\/analytics\/tag-manager\/use-policy\/\"><span data-contrast=\"none\">loe l\u00e4hemalt SIIT<\/span><\/a><span data-contrast=\"none\">;<\/span><span data-ccp-props=\"{&quot;201341983&quot;:0,&quot;335559738&quot;:96,&quot;335559739&quot;:96,&quot;335559740&quot;:240}\">\u00a0<\/span><\/li>\n<li data-leveltext=\"\uf0b7\" data-font=\"Symbol\" data-listid=\"1\" aria-setsize=\"-1\" data-aria-posinset=\"4\" data-aria-level=\"1\"><span data-contrast=\"none\">meelespidamine, et kasutaja\u00a0ei andnud n\u00f5usolekut\u00a0teatud sisu\u00a0kuvamiseks.\u00a0<\/span><span data-ccp-props=\"{&quot;201341983&quot;:0,&quot;335559738&quot;:96,&quot;335559739&quot;:96,&quot;335559740&quot;:240}\">\u00a0<\/span><\/li>\n<\/ul>\n<p aria-level=\"1\"><span data-contrast=\"none\">K\u00fcpsiste kasutamise n\u00e4ited<\/span><span data-ccp-props=\"{&quot;201341983&quot;:0,&quot;335559738&quot;:240,&quot;335559739&quot;:0,&quot;335559740&quot;:240}\">\u00a0<\/span><\/p>\n<p><span data-contrast=\"auto\">Kasutame v\u00f5i v\u00f5ime kasutada\u00a0kolmandate osapoolte k\u00fcpsiseid,\u00a0ehk meie\u00a0veebilehtedel ja \u00e4ppis meie partnerite poolt paigaldatud k\u00fcpsiseid, st:<\/span><span data-ccp-props=\"{&quot;201341983&quot;:0,&quot;335559739&quot;:0,&quot;335559740&quot;:240}\">\u00a0<\/span><\/p>\n<p><span data-ccp-props=\"{&quot;201341983&quot;:0,&quot;335559739&quot;:0,&quot;335559740&quot;:240}\">\u00a0<\/span><\/p>\n<ul>\n<li data-leveltext=\"\uf0b7\" data-font=\"Symbol\" data-listid=\"4\" aria-setsize=\"-1\" data-aria-posinset=\"1\" data-aria-level=\"1\"><span data-contrast=\"auto\">Google<\/span><span data-ccp-props=\"{&quot;134233279&quot;:true,&quot;201341983&quot;:0,&quot;335559739&quot;:0,&quot;335559740&quot;:240}\">\u00a0<\/span><\/li>\n<li data-leveltext=\"\uf0b7\" data-font=\"Symbol\" data-listid=\"4\" aria-setsize=\"-1\" data-aria-posinset=\"2\" data-aria-level=\"1\"><span data-contrast=\"auto\">Facebook<\/span><span data-ccp-props=\"{&quot;134233279&quot;:true,&quot;201341983&quot;:0,&quot;335559739&quot;:0,&quot;335559740&quot;:240}\">\u00a0<\/span><\/li>\n<li data-leveltext=\"\uf0b7\" data-font=\"Symbol\" data-listid=\"4\" aria-setsize=\"-1\" data-aria-posinset=\"3\" data-aria-level=\"1\"><span data-contrast=\"auto\">Hotjar<\/span><span data-ccp-props=\"{&quot;134233279&quot;:true,&quot;201341983&quot;:0,&quot;335559739&quot;:0,&quot;335559740&quot;:240}\">\u00a0<\/span><\/li>\n<\/ul>\n<p><span data-ccp-props=\"{&quot;201341983&quot;:0,&quot;335559739&quot;:0,&quot;335559740&quot;:240}\">\u00a0<\/span><\/p>\n<h3 aria-level=\"1\"><span data-contrast=\"none\">K\u00fcpsised ja kasutajate liikluse ja k\u00e4itumise anal\u00fc\u00fcs\u00a0<\/span><span data-ccp-props=\"{&quot;201341983&quot;:0,&quot;335559738&quot;:240,&quot;335559739&quot;:0,&quot;335559740&quot;:240}\">\u00a0<\/span><\/h3>\n<p><span data-contrast=\"auto\">Meie veebilehtede ja \u00e4ppi t\u00f6\u00f6 anal\u00fc\u00fcsiks ja t\u00f5hustamiseks kasutame Google Inc.\u2019i Google Analytics\u2019i\u00a0reklaamiteenuseid. Google Analytics t\u00f6\u00f6tleb andmeid\u00a0kokkuv\u00f5tlikult\u00a0ja anon\u00fc\u00fcmselt nii, et andmeid andnud\u00a0isiku tuvastamine on v\u00f5imatu. Google Analytics kasutab k\u00fcpsiseid selleks, et anal\u00fc\u00fcsida kuidas kasutajad veebilehte ja \u00e4ppi kasutavad, ning\u00a0koondstatistika\u00a0\/ k\u00fclastajate raportide loomiseks.\u00a0Lisaks sellele t<\/span><span data-contrast=\"auto\">\u00e4nu Google Analytics reklaamiteenusele saame:\u00a0<\/span><span data-ccp-props=\"{&quot;201341983&quot;:0,&quot;335559739&quot;:0,&quot;335559740&quot;:240}\">\u00a0<\/span><\/p>\n<p><span data-ccp-props=\"{&quot;201341983&quot;:0,&quot;335559739&quot;:0,&quot;335559740&quot;:240}\">\u00a0<\/span><\/p>\n<ul>\n<li data-leveltext=\"\uf0b7\" data-font=\"Symbol\" data-listid=\"2\" aria-setsize=\"-1\" data-aria-posinset=\"1\" data-aria-level=\"1\"><span data-contrast=\"auto\">Kasutada\u00a0<\/span><span data-contrast=\"none\">remarketingit Google Analytics\u2019iga;<\/span><span data-ccp-props=\"{&quot;201341983&quot;:0,&quot;335559738&quot;:96,&quot;335559739&quot;:96,&quot;335559740&quot;:240}\">\u00a0<\/span><\/li>\n<\/ul>\n<ul>\n<li data-leveltext=\"\uf0b7\" data-font=\"Symbol\" data-listid=\"2\" aria-setsize=\"-1\" data-aria-posinset=\"1\" data-aria-level=\"1\"><span data-contrast=\"none\">luua Google reklaamiv\u00f5rgustikus impressioonide raportid;<\/span><span data-ccp-props=\"{&quot;201341983&quot;:0,&quot;335559738&quot;:96,&quot;335559739&quot;:96,&quot;335559740&quot;:240}\">\u00a0<\/span><\/li>\n<li data-leveltext=\"\uf0b7\" data-font=\"Symbol\" data-listid=\"2\" aria-setsize=\"-1\" data-aria-posinset=\"2\" data-aria-level=\"1\"><span data-contrast=\"none\">luua Google Analytic\u2019iga\u00a0raportid\u00a0demograafiliste n\u00e4itajate\u00a0ja huvide\u00a0j\u00e4rgi;<\/span><span data-ccp-props=\"{&quot;201341983&quot;:0,&quot;335559738&quot;:96,&quot;335559739&quot;:96,&quot;335559740&quot;:240}\">\u00a0<\/span><\/li>\n<li data-leveltext=\"\uf0b7\" data-font=\"Symbol\" data-listid=\"2\" aria-setsize=\"-1\" data-aria-posinset=\"3\" data-aria-level=\"1\"><span data-contrast=\"none\">kasutada selliseid\u00a0integreeritud teenuseid,\u00a0mis n\u00f5uvad Google Analytic\u2019ilt andmete kogumist reklaami eesm\u00e4rkidel.\u00a0<\/span><span data-ccp-props=\"{&quot;201341983&quot;:0,&quot;335559738&quot;:96,&quot;335559739&quot;:96,&quot;335559740&quot;:240}\">\u00a0<\/span><\/li>\n<\/ul>\n<p><span data-ccp-props=\"{&quot;201341983&quot;:0,&quot;335559685&quot;:720,&quot;335559738&quot;:96,&quot;335559739&quot;:96,&quot;335559740&quot;:240}\">\u00a0<\/span><\/p>\n<p><span data-ccp-props=\"{&quot;201341983&quot;:0,&quot;335559739&quot;:0,&quot;335559740&quot;:240}\">\u00a0<\/span><\/p>\n<p><span data-contrast=\"auto\">Reklaami seadistused\u00a0saab\u00a0Google\u2019is\u00a0iga hetk\u00a0muuta, sh\u00a0v\u00e4lja l\u00fclitada\u00a0reklaami kohandamist, mis v\u00f5imaldab Google\u2019il kasutada infot: kasutaja k\u00e4itumisest Google kontol, otsingutest Goolge teenustes (nagu otsingumootor ja YouTube), Google\u2019i partnerite veebilehtede ja \u00e4ppide sirvimisest.\u00a0<\/span><a href=\"https:\/\/adssettings.google.com\/\"><span data-contrast=\"none\">Reklaami seadistused saab muuta\u00a0SIIN<\/span><\/a><span data-contrast=\"none\">.<\/span><span data-ccp-props=\"{&quot;201341983&quot;:0,&quot;335559739&quot;:0,&quot;335559740&quot;:240}\">\u00a0<\/span><\/p>\n<p><span data-ccp-props=\"{&quot;201341983&quot;:0,&quot;335559739&quot;:0,&quot;335559740&quot;:240}\">\u00a0<\/span><\/p>\n<p><span data-contrast=\"auto\">Kui kasutaja ei soovi, et Google Analytics\u00a0tema\u00a0kohta meie veebilehe kaudu andmeid\u00a0koguks, siis saab sellist\u00a0veebibrauseri lisa\u00a0kasutada, mis blokeeriks Google Analytics\u2019it.\u00a0<\/span><a href=\"https:\/\/tools.google.com\/dlpage\/gaoptout\/\"><span data-contrast=\"none\">Lisa on k\u00e4ttesaadav\u00a0SIIN<\/span><\/a><span data-contrast=\"auto\">.<\/span><span data-contrast=\"none\">\u00a0<\/span><span data-contrast=\"auto\">Ligip\u00e4\u00e4s veebilehtedele ja \u00e4ppile j\u00e4\u00e4b alles.\u00a0<\/span><span data-ccp-props=\"{&quot;201341983&quot;:0,&quot;335559739&quot;:0,&quot;335559740&quot;:240}\">\u00a0<\/span><\/p>\n<p><span data-ccp-props=\"{&quot;201341983&quot;:0,&quot;335559739&quot;:0,&quot;335559740&quot;:240}\">\u00a0<\/span><\/p>\n<p><span data-contrast=\"auto\">T\u00e4psem info sellest, kuidas Google Analytics kasutajate andmeid kogub ja t\u00f6\u00f6tleb\u00a0<\/span><a href=\"https:\/\/policies.google.com\/technologies\/partner-sites?hl=et\"><span data-contrast=\"none\">on k\u00e4ttesaadav SIIN<\/span><\/a><span data-contrast=\"auto\">,\u00a0ja Google Inc.\u2019i privaatsuspoliitika\u00a0<\/span><a href=\"https:\/\/policies.google.com\/privacy?hl=et\"><span data-contrast=\"none\">SIIN<\/span><\/a><span data-contrast=\"auto\">.\u00a0<\/span><span data-ccp-props=\"{&quot;201341983&quot;:0,&quot;335559739&quot;:0,&quot;335559740&quot;:240}\">\u00a0<\/span><\/p>\n<p><span data-ccp-props=\"{&quot;201341983&quot;:0,&quot;335559739&quot;:0,&quot;335559740&quot;:240}\">\u00a0<\/span><\/p>\n<h3 aria-level=\"1\"><span data-contrast=\"none\">K\u00fcpsiste seadete muutmine\u00a0veebilehitsejas<\/span><span data-ccp-props=\"{&quot;201341983&quot;:0,&quot;335559738&quot;:240,&quot;335559739&quot;:0,&quot;335559740&quot;:240}\">\u00a0<\/span><\/h3>\n<p><span data-contrast=\"auto\">K\u00fcpsiste vastuv\u00f5tmise ning salvestamise\u00a0seadeid\u00a0saab veebilehitsejas muuta:<\/span><span data-ccp-props=\"{&quot;201341983&quot;:0,&quot;335559739&quot;:0,&quot;335559740&quot;:240}\">\u00a0<\/span><\/p>\n<ul>\n<li data-leveltext=\"\uf0b7\" data-font=\"Symbol\" data-listid=\"5\" aria-setsize=\"-1\" data-aria-posinset=\"1\" data-aria-level=\"1\"><a href=\"https:\/\/support.google.com\/chrome\/answer\/95647?hl=et\"><span data-contrast=\"none\">Chrome<\/span><\/a><span data-ccp-props=\"{&quot;134233117&quot;:true,&quot;201341983&quot;:0,&quot;335559739&quot;:150,&quot;335559740&quot;:240}\">\u00a0<\/span><\/li>\n<li data-leveltext=\"\uf0b7\" data-font=\"Symbol\" data-listid=\"5\" aria-setsize=\"-1\" data-aria-posinset=\"2\" data-aria-level=\"1\"><a href=\"https:\/\/support.google.com\/chrome\/answer\/95647?hl=et%22%20%20HYPERLINK%20%22https:\/\/support.microsoft.com\/et-ee\/windows\/k%C3%BCpsiste-kustutamine-ja-haldamine-168dab11-0753-043d-7c16-ede5947fc64d\"><span data-contrast=\"none\">Internet Explorer<\/span><\/a><span data-ccp-props=\"{&quot;134233117&quot;:true,&quot;201341983&quot;:0,&quot;335559739&quot;:150,&quot;335559740&quot;:240}\">\u00a0<\/span><\/li>\n<\/ul>\n<ul>\n<li data-leveltext=\"\uf0b7\" data-font=\"Symbol\" data-listid=\"5\" aria-setsize=\"-1\" data-aria-posinset=\"1\" data-aria-level=\"1\"><a href=\"https:\/\/support.microsoft.com\/et-ee\/windows\/k%C3%BCpsiste-kustutamine-ja-haldamine-168dab11-0753-043d-7c16-ede5947fc64d%22%20%20HYPERLINK%20%22https:\/\/support.mozilla.org\/en-US\/kb\/cookies-information-websites-store-on-your-computer\"><span data-contrast=\"none\">Mozilla Firefox<\/span><\/a><span data-ccp-props=\"{&quot;134233117&quot;:true,&quot;201341983&quot;:0,&quot;335559739&quot;:150,&quot;335559740&quot;:240}\">\u00a0<\/span><\/li>\n<li data-leveltext=\"\uf0b7\" data-font=\"Symbol\" data-listid=\"5\" aria-setsize=\"-1\" data-aria-posinset=\"2\" data-aria-level=\"1\"><a href=\"https:\/\/support.mozilla.org\/en-US\/kb\/cookies-information-websites-store-on-your-computer%22%20%20HYPERLINK%20%22https:\/\/help.opera.com\/en\/latest\/web-preferences\/%22%20\/l%20%22cookies\"><span data-contrast=\"none\">Opera<\/span><\/a><span data-ccp-props=\"{&quot;134233117&quot;:true,&quot;201341983&quot;:0,&quot;335559739&quot;:150,&quot;335559740&quot;:240}\">\u00a0<\/span><\/li>\n<li data-leveltext=\"\uf0b7\" data-font=\"Symbol\" data-listid=\"5\" aria-setsize=\"-1\" data-aria-posinset=\"3\" data-aria-level=\"1\"><a href=\"https:\/\/help.opera.com\/en\/latest\/web-preferences\/%22%20\/l%20%22cookies%22%20%20HYPERLINK%20%22https:\/\/support.apple.com\/en-euro\/guide\/safari\/sfri11471\/mac\"><span data-contrast=\"none\">Safari<\/span><\/a><span data-ccp-props=\"{&quot;134233117&quot;:true,&quot;201341983&quot;:0,&quot;335559739&quot;:150,&quot;335559740&quot;:240}\">\u00a0<\/span><\/li>\n<\/ul>\n<p><span data-ccp-props=\"{&quot;201341983&quot;:0,&quot;335559739&quot;:0,&quot;335559740&quot;:240}\">\u00a0<\/span><\/p>\n<p><span data-ccp-props=\"{&quot;201341983&quot;:0,&quot;335559739&quot;:0,&quot;335559740&quot;:240}\">\u00a0<\/span><\/p>\n","protected":false},"excerpt":{"rendered":"Mis on k\u00fcpsised\u00a0(cookies)?\u00a0 K\u00fcpsised on\u00a0veebilehe k\u00fclastamisel teie arvutisse v\u00f5i seadmesse salvestatavad tekstifailid. Nendes failides sisalduv info on k\u00e4ttesaadav\u00a0ainult sellele\u00a0veebilehele, mis on neid k\u00fcpsiseid loonud. Samal ajal veebilehel ei ole liigip\u00e4\u00e4su teistele\u00a0kasutaja arvutis v\u00f5i seadmes olevatele failidele.\u00a0\u00a0 \u00a0 WAGAS S.A.\u00a0kasutavate\u00a0k\u00fcpsiste liigid\u00a0 Veebilehtedel wagas.pl ja wagas.eu ning WAGAS S.A. \u00e4ppis saab kasutada kahte liiki k\u00fcpsiseid:\u00a0 \u00a0 p\u00fcsik\u00fcpsised\u00a0\u2013\u00a0j\u00e4\u00e4vad&#8230; <a class=\"view-article\" href=\"https:\/\/wagas.eu\/et\/kupsiste-poliitika\/\">View Article<\/a>","protected":false},"author":1,"featured_media":0,"parent":0,"menu_order":0,"comment_status":"closed","ping_status":"closed","template":"","meta":{"footnotes":""},"_links":{"self":[{"href":"https:\/\/wagas.eu\/et\/wp-json\/wp\/v2\/pages\/3366"}],"collection":[{"href":"https:\/\/wagas.eu\/et\/wp-json\/wp\/v2\/pages"}],"about":[{"href":"https:\/\/wagas.eu\/et\/wp-json\/wp\/v2\/types\/page"}],"author":[{"embeddable":true,"href":"https:\/\/wagas.eu\/et\/wp-json\/wp\/v2\/users\/1"}],"replies":[{"embeddable":true,"href":"https:\/\/wagas.eu\/et\/wp-json\/wp\/v2\/comments?post=3366"}],"version-history":[{"count":3,"href":"https:\/\/wagas.eu\/et\/wp-json\/wp\/v2\/pages\/3366\/revisions"}],"predecessor-version":[{"id":7976,"href":"https:\/\/wagas.eu\/et\/wp-json\/wp\/v2\/pages\/3366\/revisions\/7976"}],"wp:attachment":[{"href":"https:\/\/wagas.eu\/et\/wp-json\/wp\/v2\/media?parent=3366"}],"curies":[{"name":"wp","href":"https:\/\/api.w.org\/{rel}","templated":true}]}}