{"id":3364,"date":"2019-04-09T15:52:15","date_gmt":"2019-04-09T13:52:15","guid":{"rendered":"http:\/\/www.sandis.type.pl\/wagas\/bg\/cookie-policy\/"},"modified":"2021-06-02T16:58:18","modified_gmt":"2021-06-02T14:58:18","slug":"politika-kolacica","status":"publish","type":"page","link":"https:\/\/wagas.eu\/hr\/politika-kolacica\/","title":{"rendered":"Politika kola\u010di\u0107a"},"content":{"rendered":"<h3 aria-level=\"1\"><span data-contrast=\"none\">\u0160to\u00a0su\u00a0kola\u010di\u0107i?<\/span><span data-ccp-props=\"{&quot;335559738&quot;:240}\">\u00a0<\/span><\/h3>\n<p><span data-contrast=\"auto\">Kola\u010di\u0107i (engleski:\u00a0cookies) su tekstualne datoteke koje se \u0161alju na posje\u0107ene web stranice, a zatim preuzimaju na ra\u010dunalo korisnika.\u00a0Podaci u kola\u010di\u0107ima omogu\u0107uju im \u010ditanje samo web stranice koja ih je stvorila.\u00a0U isto vrijeme, web mjesto nema pristup drugim datotekama koje se nalaze na korisnikovom ra\u010dunalu.<\/span><span data-ccp-props=\"{}\">\u00a0<\/span><\/p>\n<p><span data-ccp-props=\"{}\">\u00a0<\/span><\/p>\n<h3><span data-contrast=\"none\">Vrste\u00a0kola\u010di\u0107a\u00a0koje\u00a0koristi\u00a0WAGAS S.A.<\/span><span data-ccp-props=\"{}\">\u00a0<\/span><\/h3>\n<p><span data-contrast=\"auto\">Kao dio web stranica koje rade na wagas.pl i wagas.eu, te u mobilnim aplikacijama WAGAS S.A.\u00a0koriste se dvije vrste kola\u010di\u0107a:<\/span><span data-ccp-props=\"{}\">\u00a0<\/span><\/p>\n<ul>\n<li data-leveltext=\"\uf0b7\" data-font=\"Symbol\" data-listid=\"5\" aria-setsize=\"-1\" data-aria-posinset=\"1\" data-aria-level=\"1\"><span data-contrast=\"auto\">trajni &#8211; ostaju u korisnikovom ure\u0111aju dok ih korisnik ne izbri\u0161e ru\u010dno ili za vrijeme odre\u0111eno u parametrima datoteke;<\/span><span data-ccp-props=\"{&quot;134233279&quot;:true}\">\u00a0<\/span><\/li>\n<li data-leveltext=\"\uf0b7\" data-font=\"Symbol\" data-listid=\"5\" aria-setsize=\"-1\" data-aria-posinset=\"2\" data-aria-level=\"1\"><span data-contrast=\"auto\">povremeni ili kola\u010di\u0107i sesije &#8211; ostaju u korisnikovom ure\u0111aju dok se softver (web preglednik) ne isklju\u010di ili dok sesija ne zavr\u0161i.<\/span><span data-ccp-props=\"{&quot;134233279&quot;:true}\">\u00a0<\/span><\/li>\n<\/ul>\n<h3 aria-level=\"1\"><span data-contrast=\"none\">Svrha\u00a0upotrebe\u00a0kola\u010di\u0107a<\/span><span data-ccp-props=\"{&quot;335559738&quot;:240}\">\u00a0<\/span><\/h3>\n<p><span data-contrast=\"auto\">Kola\u010di\u0107i koje web stranica koristi omogu\u0107uju odgovaraju\u0107i prikaz podataka prikazanih na web mjestu i personalizaciju predstavljenog sadr\u017eaja.\u00a0Omogu\u0107uju vam i mjerenje korisni\u010dkih interakcija na web mjestima.\u00a0Kola\u010di\u0107i se koriste za prilagodbu i pobolj\u0161anje izvedbe web stranica i aplikacija, te za mjerenje u\u010dinaka poduzetih mjera u sklopu web stranice.<\/span><span data-ccp-props=\"{}\">\u00a0<\/span><\/p>\n<p><span data-ccp-props=\"{}\">\u00a0<\/span><\/p>\n<h3><span data-contrast=\"auto\">Primjeri upotrebe kola\u010di\u0107a na web stranici:<\/span><span data-ccp-props=\"{&quot;201341983&quot;:2,&quot;335559739&quot;:225,&quot;335559740&quot;:330}\">\u00a0<\/span><\/h3>\n<ul>\n<li data-leveltext=\"\uf0b7\" data-font=\"Symbol\" data-listid=\"2\" aria-setsize=\"-1\" data-aria-posinset=\"1\" data-aria-level=\"1\"><span data-contrast=\"auto\">podudaranje prikazanih oglasa na web mjestu<\/span><span data-contrast=\"auto\">;<\/span><span data-ccp-props=\"{&quot;335559738&quot;:96,&quot;335559739&quot;:96}\">\u00a0<\/span><\/li>\n<li data-leveltext=\"\uf0b7\" data-font=\"Symbol\" data-listid=\"2\" aria-setsize=\"-1\" data-aria-posinset=\"2\" data-aria-level=\"1\"><span data-contrast=\"auto\">analiziranje korisni\u010dkih preferencija i aktivnosti na web mjestu<\/span><span data-contrast=\"auto\">;<\/span><span data-ccp-props=\"{&quot;335559738&quot;:96,&quot;335559739&quot;:96}\">\u00a0<\/span><\/li>\n<li data-leveltext=\"\uf0b7\" data-font=\"Symbol\" data-listid=\"2\" aria-setsize=\"-1\" data-aria-posinset=\"3\" data-aria-level=\"1\"><span data-contrast=\"auto\">Prilagodba sadr\u017eaja oglasa koji se pojavljuju na oglasnoj mre\u017ei, izme\u0111u ostalog u Google-u (remarketing);<\/span><span data-ccp-props=\"{&quot;335559738&quot;:96,&quot;335559739&quot;:96}\">\u00a0<\/span><\/li>\n<li data-leveltext=\"\uf0b7\" data-font=\"Symbol\" data-listid=\"2\" aria-setsize=\"-1\" data-aria-posinset=\"4\" data-aria-level=\"1\"><span data-contrast=\"auto\">mjerenje u\u010dinkovitosti mjera provedenih za osiguravaju\u0107e dru\u0161tvo, npr.\u00a0na u Google-u, pridru\u017eenim mre\u017eama, partnerskim programima<\/span><span data-contrast=\"auto\">;<\/span><span data-ccp-props=\"{&quot;335559738&quot;:96,&quot;335559739&quot;:96}\">\u00a0<\/span><\/li>\n<\/ul>\n<ul>\n<li data-leveltext=\"\uf0b7\" data-font=\"Symbol\" data-listid=\"2\" aria-setsize=\"-1\" data-aria-posinset=\"1\" data-aria-level=\"1\"><span data-contrast=\"auto\">implementacija datoteka tre\u0107e strane, npr.\u00a0pridru\u017eene mre\u017ee putem Google Upravitelja oznaka &#8211; vi\u0161e informacija na<\/span><span data-contrast=\"none\">\u00a0<\/span><a href=\"https:\/\/www.google.com\/analytics\/tag-manager\/use-policy\/\"><span data-contrast=\"none\">ovom\u00a0linku<\/span><\/a><span data-contrast=\"auto\">;<\/span><span data-ccp-props=\"{&quot;335559738&quot;:96,&quot;335559739&quot;:96}\">\u00a0<\/span><\/li>\n<li data-leveltext=\"\uf0b7\" data-font=\"Symbol\" data-listid=\"2\" aria-setsize=\"-1\" data-aria-posinset=\"2\" data-aria-level=\"1\"><span data-contrast=\"auto\">pam\u0107enje neslaganja oko prikazivanja odre\u0111enog sadr\u017eaja u budu\u0107nosti<\/span><span data-contrast=\"none\">.<\/span><span data-ccp-props=\"{&quot;335559738&quot;:96,&quot;335559739&quot;:96}\">\u00a0<\/span><\/li>\n<\/ul>\n<p><span data-contrast=\"auto\">\u00a0<\/span><span data-ccp-props=\"{}\">\u00a0<\/span><\/p>\n<h3 aria-level=\"1\"><span data-contrast=\"none\">Kola\u010di\u0107i\u00a0vanjskih\u00a0partnera<\/span><span data-ccp-props=\"{&quot;335559738&quot;:240}\">\u00a0<\/span><\/h3>\n<p><span data-contrast=\"auto\">Koristimo ili mo\u017eemo koristiti kola\u010di\u0107e tre\u0107ih strana, odnosno kola\u010di\u0107e koje su na na\u0161em web mjestu objavili na\u0161i partneri:<\/span><span data-ccp-props=\"{}\">\u00a0<\/span><\/p>\n<ul>\n<li data-leveltext=\"\uf0b7\" data-font=\"Symbol\" data-listid=\"6\" aria-setsize=\"-1\" data-aria-posinset=\"1\" data-aria-level=\"1\"><span data-contrast=\"auto\">Google<\/span><span data-ccp-props=\"{&quot;134233279&quot;:true}\">\u00a0<\/span><\/li>\n<li data-leveltext=\"\uf0b7\" data-font=\"Symbol\" data-listid=\"6\" aria-setsize=\"-1\" data-aria-posinset=\"2\" data-aria-level=\"1\"><span data-contrast=\"auto\">Facebook<\/span><span data-ccp-props=\"{&quot;134233279&quot;:true}\">\u00a0<\/span><\/li>\n<li data-leveltext=\"\uf0b7\" data-font=\"Symbol\" data-listid=\"6\" aria-setsize=\"-1\" data-aria-posinset=\"3\" data-aria-level=\"1\"><span data-contrast=\"auto\">Hotjar<\/span><span data-ccp-props=\"{&quot;134233279&quot;:true}\">\u00a0<\/span><\/li>\n<\/ul>\n<p><span data-ccp-props=\"{}\">\u00a0<\/span><\/p>\n<h3 aria-level=\"1\"><span data-contrast=\"none\">Kola\u010di\u0107\u00a0i analiza\u00a0korisni\u010dkog\u00a0prometa\u00a0i\u00a0pona\u0161anja<\/span><span data-ccp-props=\"{&quot;335559738&quot;:240}\">\u00a0<\/span><\/h3>\n<p><span data-contrast=\"auto\">Da bismo analizirali i pobolj\u0161ali izvedbu na\u0161e web stranice, koristimo usluge i reklamne zna\u010dajke ogla\u0161avanja koje nudi Google Analytics, a koje pru\u017ea Google Inc.\u00a0Google Analytics primljene podatke obra\u0111uje kolektivno i anonimno, tako da nije mogu\u0107e identificirati jednu osobu \u010diji su podaci dobiveni.\u00a0Google Analytics koristi kola\u010di\u0107e za analizu na\u010dina na koji koristite web stranicu i generira zbirnu statistiku \/ izvje\u0161\u0107a posjetitelja.\u00a0Uz to, pomo\u0107u zna\u010dajke ogla\u0161avanja Google Analytics mo\u017eemo:<\/span><span data-ccp-props=\"{}\">\u00a0<\/span><\/p>\n<ul>\n<li data-leveltext=\"\uf0b7\" data-font=\"Symbol\" data-listid=\"4\" aria-setsize=\"-1\" data-aria-posinset=\"1\" data-aria-level=\"1\"><span data-contrast=\"auto\">koristiti ponovni marketing ili\u00a0remarketing\u00a0pomo\u0107u Google Analytics;<\/span><span data-ccp-props=\"{&quot;335559738&quot;:96,&quot;335559739&quot;:96}\">\u00a0<\/span><\/li>\n<li data-leveltext=\"\uf0b7\" data-font=\"Symbol\" data-listid=\"4\" aria-setsize=\"-1\" data-aria-posinset=\"2\" data-aria-level=\"1\"><span data-contrast=\"auto\">pripremiti izvje\u0161\u0107a o prikazima u Googleovoj ogla\u0161iva\u010dkoj mre\u017ei<\/span><span data-contrast=\"auto\">;<\/span><span data-ccp-props=\"{&quot;335559738&quot;:96,&quot;335559739&quot;:96}\">\u00a0<\/span><\/li>\n<li data-leveltext=\"\uf0b7\" data-font=\"Symbol\" data-listid=\"4\" aria-setsize=\"-1\" data-aria-posinset=\"3\" data-aria-level=\"1\"><span data-contrast=\"auto\">pripremiti izvje\u0161\u0107a o demografskim podacima i interesima koriste\u0107i Google Analytics<\/span><span data-contrast=\"none\">;<\/span><span data-ccp-props=\"{&quot;335559738&quot;:96,&quot;335559739&quot;:96}\">\u00a0<\/span><\/li>\n<li data-leveltext=\"\uf0b7\" data-font=\"Symbol\" data-listid=\"4\" aria-setsize=\"-1\" data-aria-posinset=\"4\" data-aria-level=\"1\"><span data-contrast=\"auto\">koristiti integrirane usluge koje zahtijevaju Google Analytics za prikupljanje podataka u svrhe ogla\u0161avanja, uklju\u010duju\u0107i upotrebu identifikatora i reklamnih kola\u010di\u0107a<\/span><span data-contrast=\"none\">.<\/span><span data-ccp-props=\"{&quot;335559738&quot;:96,&quot;335559739&quot;:96}\">\u00a0<\/span><\/li>\n<\/ul>\n<p><span data-contrast=\"auto\">Postavke oglasa mo\u017eete promijeniti u bilo kojem trenutku na Google-u, uklju\u010duju\u0107i onemogu\u0107avanje personalizacije oglasa, \u0161to Google-u omogu\u0107uje upotrebu podataka o va\u0161oj aktivnosti na va\u0161em Google ra\u010dunu, podataka pohranjenih na Google-ovim uslugama (poput\u00a0internetske\u00a0tra\u017eilice i YouTubea) i pregledavanja podataka web stranica\u00a0i partnerskih aplikacija Google.\u00a0Postavke oglasa mo\u017eete promijeniti\u00a0na<\/span><span data-contrast=\"auto\">\u00a0<\/span><a href=\"https:\/\/adssettings.google.com\/\"><span data-contrast=\"none\">ovom\u00a0linku<\/span><\/a><span data-contrast=\"auto\">.<\/span><span data-ccp-props=\"{}\">\u00a0<\/span><\/p>\n<p><span data-ccp-props=\"{}\">\u00a0<\/span><\/p>\n<p><span data-contrast=\"auto\">Ako ne \u017eelite da Google Analytics prikuplja podatke o va\u0161oj aktivnosti na web mjestu, mo\u017eete upotrijebiti dodatak za preglednik koji blokira Google Analytics.\u00a0Da biste to u\u010dinili, preuzmite i instalirajte besplatni dodatak dostupan na<\/span><span data-contrast=\"auto\">\u00a0<\/span><a href=\"https:\/\/tools.google.com\/dlpage\/gaoptout\/\"><span data-contrast=\"none\">ovom\u00a0linku<\/span><\/a><span data-contrast=\"auto\">.<\/span><span data-contrast=\"none\">\u00a0<\/span><span data-contrast=\"auto\">Tada Google Analytics ne\u0107e prikupljati podatke o posjetima web mjestu, a vi \u0107ete i dalje imati pristup web mjestu<\/span><span data-contrast=\"auto\">.<\/span><span data-ccp-props=\"{}\">\u00a0<\/span><\/p>\n<p><span data-ccp-props=\"{}\">\u00a0<\/span><\/p>\n<p><span data-contrast=\"auto\">Detaljne informacije o na\u010dinu na koji Google Analytics prikuplja i obra\u0111uje podatke dostupne su na<\/span><span data-contrast=\"auto\">\u00a0<\/span><a href=\"https:\/\/policies.google.com\/privacy\/partners?hl=hr\"><span data-contrast=\"none\">ovom linku<\/span><\/a><span data-contrast=\"auto\">,<\/span><span data-contrast=\"none\">\u00a0<\/span><span data-contrast=\"auto\">dok su cjelovita pravila o privatnosti Google Inc. dostupna na<\/span><span data-contrast=\"auto\">\u00a0<\/span><a href=\"https:\/\/policies.google.com\/privacy?hl=hr\"><span data-contrast=\"none\">ovom\u00a0linku<\/span><\/a><span data-contrast=\"auto\">.<\/span><span data-ccp-props=\"{}\">\u00a0<\/span><\/p>\n<p><span data-ccp-props=\"{}\">\u00a0<\/span><\/p>\n<h3 aria-level=\"1\"><span data-contrast=\"none\">Promjena\u00a0postavki\u00a0kola\u010di\u0107a\u00a0u web\u00a0pregledniku<\/span><span data-ccp-props=\"{&quot;335559738&quot;:240}\">\u00a0<\/span><\/h3>\n<p><span data-contrast=\"auto\">Uvjete za pohranu ili primanje kola\u010di\u0107a mo\u017eete promijeniti konfiguriranjem postavki u web preglednicima<\/span><span data-contrast=\"auto\">:<\/span><span data-ccp-props=\"{}\">\u00a0<\/span><\/p>\n<ul>\n<li data-leveltext=\"\uf0b7\" data-font=\"Symbol\" data-listid=\"7\" aria-setsize=\"-1\" data-aria-posinset=\"1\" data-aria-level=\"1\"><span data-contrast=\"auto\">u pregledniku\u00a0<\/span><a href=\"https:\/\/support.google.com\/chrome\/answer\/95647?hl=hr\"><span data-contrast=\"none\">Chrome<\/span><\/a><span data-ccp-props=\"{&quot;134233117&quot;:true,&quot;335559739&quot;:150}\">\u00a0<\/span><\/li>\n<li data-leveltext=\"\uf0b7\" data-font=\"Symbol\" data-listid=\"7\" aria-setsize=\"-1\" data-aria-posinset=\"2\" data-aria-level=\"1\"><span data-contrast=\"auto\">u pregledniku\u00a0<\/span><a href=\"https:\/\/support.microsoft.com\/hr-hr\/windows\/upravljanje-kola%C4%8Di%C4%87ima-i-njihovo-brisanje-168dab11-0753-043d-7c16-ede5947fc64d\"><span data-contrast=\"none\">Internet\u00a0Explorer<\/span><\/a><span data-ccp-props=\"{&quot;134233117&quot;:true,&quot;335559739&quot;:150}\">\u00a0<\/span><\/li>\n<\/ul>\n<ul>\n<li data-leveltext=\"\uf0b7\" data-font=\"Symbol\" data-listid=\"7\" aria-setsize=\"-1\" data-aria-posinset=\"1\" data-aria-level=\"1\"><span data-contrast=\"auto\">u pregledniku\u00a0<\/span><a href=\"https:\/\/support.mozilla.org\/hr\/kb\/Kola%C4%8Di%C4%87i\"><span data-contrast=\"none\">Mozilla\u00a0Firefox<\/span><\/a><span data-ccp-props=\"{&quot;134233117&quot;:true,&quot;335559739&quot;:150}\">\u00a0<\/span><\/li>\n<li data-leveltext=\"\uf0b7\" data-font=\"Symbol\" data-listid=\"7\" aria-setsize=\"-1\" data-aria-posinset=\"2\" data-aria-level=\"1\"><span data-contrast=\"auto\">u pregledniku\u00a0<\/span><a href=\"https:\/\/help.opera.com\/en\/latest\/web-preferences\/#cookies\"><span data-contrast=\"none\">Opera<\/span><\/a><span data-ccp-props=\"{&quot;134233117&quot;:true,&quot;335559739&quot;:150}\">\u00a0<\/span><\/li>\n<li data-leveltext=\"\uf0b7\" data-font=\"Symbol\" data-listid=\"7\" aria-setsize=\"-1\" data-aria-posinset=\"3\" data-aria-level=\"1\"><span data-contrast=\"auto\">u pregledniku\u00a0<\/span><a href=\"https:\/\/support.apple.com\/hr-hr\/guide\/safari\/sfri11471\/mac\"><span data-contrast=\"none\">Safari<\/span><\/a><span data-ccp-props=\"{&quot;134233117&quot;:true,&quot;335559739&quot;:150}\">\u00a0<\/span><\/li>\n<\/ul>\n","protected":false},"excerpt":{"rendered":"\u0160to\u00a0su\u00a0kola\u010di\u0107i?\u00a0 Kola\u010di\u0107i (engleski:\u00a0cookies) su tekstualne datoteke koje se \u0161alju na posje\u0107ene web stranice, a zatim preuzimaju na ra\u010dunalo korisnika.\u00a0Podaci u kola\u010di\u0107ima omogu\u0107uju im \u010ditanje samo web stranice koja ih je stvorila.\u00a0U isto vrijeme, web mjesto nema pristup drugim datotekama koje se nalaze na korisnikovom ra\u010dunalu.\u00a0 \u00a0 Vrste\u00a0kola\u010di\u0107a\u00a0koje\u00a0koristi\u00a0WAGAS S.A.\u00a0 Kao dio web stranica koje rade na&#8230; <a class=\"view-article\" href=\"https:\/\/wagas.eu\/hr\/politika-kolacica\/\">View Article<\/a>","protected":false},"author":1,"featured_media":0,"parent":0,"menu_order":0,"comment_status":"closed","ping_status":"closed","template":"","meta":{"footnotes":""},"_links":{"self":[{"href":"https:\/\/wagas.eu\/hr\/wp-json\/wp\/v2\/pages\/3364"}],"collection":[{"href":"https:\/\/wagas.eu\/hr\/wp-json\/wp\/v2\/pages"}],"about":[{"href":"https:\/\/wagas.eu\/hr\/wp-json\/wp\/v2\/types\/page"}],"author":[{"embeddable":true,"href":"https:\/\/wagas.eu\/hr\/wp-json\/wp\/v2\/users\/1"}],"replies":[{"embeddable":true,"href":"https:\/\/wagas.eu\/hr\/wp-json\/wp\/v2\/comments?post=3364"}],"version-history":[{"count":3,"href":"https:\/\/wagas.eu\/hr\/wp-json\/wp\/v2\/pages\/3364\/revisions"}],"predecessor-version":[{"id":7982,"href":"https:\/\/wagas.eu\/hr\/wp-json\/wp\/v2\/pages\/3364\/revisions\/7982"}],"wp:attachment":[{"href":"https:\/\/wagas.eu\/hr\/wp-json\/wp\/v2\/media?parent=3364"}],"curies":[{"name":"wp","href":"https:\/\/api.w.org\/{rel}","templated":true}]}}