{"id":3368,"date":"2019-04-09T15:52:15","date_gmt":"2019-04-09T13:52:15","guid":{"rendered":"http:\/\/www.sandis.type.pl\/wagas\/bg\/cookie-policy\/"},"modified":"2021-06-02T17:01:13","modified_gmt":"2021-06-02T15:01:13","slug":"suti-politika","status":"publish","type":"page","link":"https:\/\/wagas.eu\/hu\/suti-politika\/","title":{"rendered":"S\u00fcti Politika"},"content":{"rendered":"<h3 aria-level=\"1\"><span data-contrast=\"none\">Mik azok a s\u00fctik<\/span><span data-contrast=\"none\">?<\/span><span data-ccp-props=\"{&quot;335559738&quot;:240}\">\u00a0<\/span><\/h3>\n<p><span data-contrast=\"auto\">A cookie-f\u00e1jlok (s\u00fctik) a megl\u00e1togatott webhelyek \u00e1ltal k\u00fcld\u00f6tt, majd a felhaszn\u00e1l\u00f3 sz\u00e1m\u00edt\u00f3g\u00e9p\u00e9re let\u00f6lt\u00f6tt sz\u00f6veges f\u00e1jlok.<\/span><span data-contrast=\"auto\">\u00a0<\/span><span data-contrast=\"auto\">A s\u00fctikben tal\u00e1lhat\u00f3 inform\u00e1ci\u00f3k lehet\u0151v\u00e9 teszik, hogy csak az \u0151ket l\u00e9trehoz\u00f3 webhely olvassa el \u0151ket.<\/span><span data-contrast=\"auto\">\u00a0<\/span><span data-contrast=\"auto\">Ugyanakkor a webhely nem f\u00e9r hozz\u00e1 m\u00e1s f\u00e1jlokhoz, amelyek a felhaszn\u00e1l\u00f3 sz\u00e1m\u00edt\u00f3g\u00e9p\u00e9n vannak.<\/span><span data-ccp-props=\"{}\">\u00a0<\/span><\/p>\n<p><span data-ccp-props=\"{}\">\u00a0<\/span><\/p>\n<h3><span data-contrast=\"none\">A\u00a0<\/span><span data-contrast=\"none\">WAGAS S.A.\u00a0<\/span><span data-contrast=\"none\">\u00e1ltal haszn\u00e1lt t\u00edpus\u00fa s\u00fctik<\/span><span data-ccp-props=\"{}\">\u00a0<\/span><\/h3>\n<p><span data-contrast=\"auto\">A wagas.pl \u00e9s a wagas.eu internetes szolg\u00e1ltat\u00e1sainak keret\u00e9n bel\u00fcl fut\u00f3 webhelyek \u00e9s a WAGAS S.A. mobilalkalmaz\u00e1sok r\u00e9szek\u00e9nt\u00a0k\u00e9tf\u00e9le s\u00fcti haszn\u00e1lhat\u00f3:<\/span><span data-ccp-props=\"{}\">\u00a0<\/span><\/p>\n<ul>\n<li data-leveltext=\"\uf0b7\" data-font=\"Symbol\" data-listid=\"5\" aria-setsize=\"-1\" data-aria-posinset=\"1\" data-aria-level=\"1\"><span data-contrast=\"auto\">\u00e1lland\u00f3 &#8211; mindaddig a felhaszn\u00e1l\u00f3 eszk\u00f6z\u00e9n maradnak, am\u00edg a felhaszn\u00e1l\u00f3 manu\u00e1lisan nem t\u00f6rli \u0151ket, vagy a f\u00e1jlparam\u00e9terekben megadott ideig;<\/span><span data-ccp-props=\"{&quot;134233279&quot;:true}\">\u00a0<\/span><\/li>\n<li data-leveltext=\"\uf0b7\" data-font=\"Symbol\" data-listid=\"5\" aria-setsize=\"-1\" data-aria-posinset=\"2\" data-aria-level=\"1\"><span data-contrast=\"auto\">munkamenet &#8211; mindaddig a felhaszn\u00e1l\u00f3 eszk\u00f6z\u00e9n maradnak, am\u00edg a szoftvert (webb\u00f6ng\u00e9sz\u0151t) ki nem kapcsolj\u00e1k, vagy am\u00edg a webhelyet el nem hagyj\u00e1k.<\/span><span data-ccp-props=\"{&quot;134233279&quot;:true}\">\u00a0<\/span><\/li>\n<\/ul>\n<h3 aria-level=\"1\"><span data-contrast=\"none\">A s\u00fctik haszn\u00e1lat\u00e1nak c\u00e9lja<\/span><span data-ccp-props=\"{&quot;335559738&quot;:240}\">\u00a0<\/span><\/h3>\n<p><span data-contrast=\"auto\">A weboldal \u00e1ltal haszn\u00e1lt s\u00fctik lehet\u0151v\u00e9 teszik a weboldalon megjelen\u0151 inform\u00e1ci\u00f3k megfelel\u0151 kiigaz\u00edt\u00e1s\u00e1t \u00e9s a bemutatott tartalom szem\u00e9lyre szab\u00e1s\u00e1t.<\/span><span data-contrast=\"auto\">\u00a0<\/span><span data-contrast=\"auto\">Tov\u00e1bb\u00e1 lehet\u0151v\u00e9 teszik a felhaszn\u00e1l\u00f3k k\u00f6lcs\u00f6nhat\u00e1sainak m\u00e9r\u00e9s\u00e9t a webhelyeken is.<\/span><span data-contrast=\"auto\">\u00a0<\/span><span data-contrast=\"auto\">A s\u00fctiket a weboldalak \u00e9s alkalmaz\u00e1sok m\u0171k\u00f6d\u00e9s\u00e9nek kiigaz\u00edt\u00e1s\u00e1ra \u00e9s jav\u00edt\u00e1s\u00e1ra, valamint a weboldal r\u00e9szek\u00e9nt v\u00e9grehajtott m\u0171veletek hat\u00e1sainak m\u00e9r\u00e9s\u00e9re haszn\u00e1lj\u00e1k.<\/span><span data-ccp-props=\"{}\">\u00a0<\/span><\/p>\n<p><span data-ccp-props=\"{}\">\u00a0<\/span><\/p>\n<h3><span data-contrast=\"none\">P\u00e9ld\u00e1k a s\u00fctik haszn\u00e1lat\u00e1ra a webhelyen:<\/span><span data-ccp-props=\"{&quot;201341983&quot;:2,&quot;335559739&quot;:225,&quot;335559740&quot;:330}\">\u00a0<\/span><\/h3>\n<ul>\n<li data-leveltext=\"\uf0b7\" data-font=\"Symbol\" data-listid=\"2\" aria-setsize=\"-1\" data-aria-posinset=\"1\" data-aria-level=\"1\"><span data-contrast=\"auto\">a weboldalon megjelen\u0151 hirdet\u00e9sek beilleszt\u00e9se;<\/span><span data-ccp-props=\"{&quot;335559738&quot;:96,&quot;335559739&quot;:96}\">\u00a0<\/span><\/li>\n<li data-leveltext=\"\uf0b7\" data-font=\"Symbol\" data-listid=\"2\" aria-setsize=\"-1\" data-aria-posinset=\"2\" data-aria-level=\"1\"><span data-contrast=\"auto\">a felhaszn\u00e1l\u00f3i preferenci\u00e1k \u00e9s a weboldalon v\u00e9gzett tev\u00e9kenys\u00e9g elemz\u00e9se;<\/span><span data-ccp-props=\"{&quot;335559738&quot;:96,&quot;335559739&quot;:96}\">\u00a0<\/span><\/li>\n<li data-leveltext=\"\uf0b7\" data-font=\"Symbol\" data-listid=\"2\" aria-setsize=\"-1\" data-aria-posinset=\"3\" data-aria-level=\"1\"><span data-contrast=\"auto\">a rekl\u00e1mh\u00e1l\u00f3zaton megjelen\u0151 hirdet\u00e9sek tartalm\u00e1nak\u00a0hozz\u00e1igaz\u00edt\u00e1sa, t\u00f6bbek k\u00f6z\u00f6tt a\u00a0Google (remarketing);<\/span><span data-ccp-props=\"{&quot;335559738&quot;:96,&quot;335559739&quot;:96}\">\u00a0<\/span><\/li>\n<li data-leveltext=\"\uf0b7\" data-font=\"Symbol\" data-listid=\"2\" aria-setsize=\"-1\" data-aria-posinset=\"4\" data-aria-level=\"1\"><span data-contrast=\"auto\">a biztos\u00edt\u00f3 sz\u00e1m\u00e1ra v\u00e9grehajtott m\u0171veletek hat\u00e9konys\u00e1g\u00e1nak m\u00e9r\u00e9se, pl. A Google-ban, az affiliate h\u00e1l\u00f3zatokban, a partnerprogramokban;<\/span><span data-ccp-props=\"{&quot;335559738&quot;:96,&quot;335559739&quot;:96}\">\u00a0<\/span><\/li>\n<\/ul>\n<ul>\n<li data-leveltext=\"\uf0b7\" data-font=\"Symbol\" data-listid=\"2\" aria-setsize=\"-1\" data-aria-posinset=\"1\" data-aria-level=\"1\"><span data-contrast=\"auto\">harmadik f\u00e9lt\u0151l sz\u00e1rmaz\u00f3 f\u00e1jlok, p\u00e9ld\u00e1ul t\u00e1rsult h\u00e1l\u00f3zatok megval\u00f3s\u00edt\u00e1sa a Google C\u00edmkekezel\u0151n kereszt\u00fcl &#8211; tov\u00e1bbi inform\u00e1ci\u00f3k\u00a0<\/span><a href=\"https:\/\/www.google.com\/analytics\/tag-manager\/use-policy\/\"><span data-contrast=\"none\">ezen<\/span><\/a><span data-contrast=\"auto\">\u00a0a webhelyen.<\/span><span data-ccp-props=\"{&quot;335559738&quot;:96,&quot;335559739&quot;:96}\">\u00a0<\/span><\/li>\n<li data-leveltext=\"\uf0b7\" data-font=\"Symbol\" data-listid=\"2\" aria-setsize=\"-1\" data-aria-posinset=\"2\" data-aria-level=\"1\"><span data-contrast=\"auto\">beleegyez\u00e9s hi\u00e1nya bizonyos tartalmak megjelen\u00edt\u00e9s\u00e9re a j\u00f6v\u0151ben.<\/span><span data-ccp-props=\"{&quot;335559738&quot;:96,&quot;335559739&quot;:96}\">\u00a0<\/span><\/li>\n<\/ul>\n<p><span data-contrast=\"auto\">\u00a0<\/span><span data-ccp-props=\"{}\">\u00a0<\/span><\/p>\n<h3 aria-level=\"1\"><span data-contrast=\"none\">Harmadik\u00a0f\u00e9lt\u0151l sz\u00e1rmaz\u00f3 s\u00fctik<\/span><span data-ccp-props=\"{&quot;335559738&quot;:240}\">\u00a0<\/span><\/h3>\n<p><span data-contrast=\"auto\">Harmadik f\u00e9lt\u0151l sz\u00e1rmaz\u00f3 cookie-kat haszn\u00e1lunk, vagy haszn\u00e1lhatunk, azaz partnereink \u00e1ltal a Weboldalon k\u00f6zz\u00e9tett s\u00fctiket, \u00fagy mint:<\/span><span data-ccp-props=\"{}\">\u00a0<\/span><\/p>\n<ul>\n<li data-leveltext=\"\uf0b7\" data-font=\"Symbol\" data-listid=\"6\" aria-setsize=\"-1\" data-aria-posinset=\"1\" data-aria-level=\"1\"><span data-contrast=\"auto\">Google<\/span><span data-ccp-props=\"{&quot;134233279&quot;:true}\">\u00a0<\/span><\/li>\n<li data-leveltext=\"\uf0b7\" data-font=\"Symbol\" data-listid=\"6\" aria-setsize=\"-1\" data-aria-posinset=\"2\" data-aria-level=\"1\"><span data-contrast=\"auto\">Facebook<\/span><span data-ccp-props=\"{&quot;134233279&quot;:true}\">\u00a0<\/span><\/li>\n<li data-leveltext=\"\uf0b7\" data-font=\"Symbol\" data-listid=\"6\" aria-setsize=\"-1\" data-aria-posinset=\"3\" data-aria-level=\"1\"><span data-contrast=\"auto\">Hotjar<\/span><span data-ccp-props=\"{&quot;134233279&quot;:true}\">\u00a0<\/span><\/li>\n<\/ul>\n<p><span data-ccp-props=\"{}\">\u00a0<\/span><\/p>\n<h3 aria-level=\"1\"><span data-contrast=\"none\">S\u00fctik \u00e9s a\u00a0forgalom elemz\u00e9s valamint a felhaszn\u00e1l\u00f3i viselked\u00e9s<\/span><span data-ccp-props=\"{&quot;335559738&quot;:240}\">\u00a0<\/span><\/h3>\n<p><span data-contrast=\"auto\">Weboldalunk m\u0171k\u00f6d\u00e9s\u00e9nek elemz\u00e9se \u00e9s jav\u00edt\u00e1sa \u00e9rdek\u00e9ben a Google\u00a0Analytics seg\u00edts\u00e9g\u00e9vel\u00a0a Google Inc. \u00e1ltal k\u00edn\u00e1lt szolg\u00e1ltat\u00e1sokat \u00e9s hirdet\u00e9si funkci\u00f3kat haszn\u00e1ljuk.\u00a0A Google Analytics a be\u00e9rkezett adatokat gy\u0171jt\u0151 \u00e9s anonimiz\u00e1lt m\u00f3don dolgozza fel, \u00edgy nem lehet egyetlen szem\u00e9lyt azonos\u00edtani, akinek az adatait megszerezt\u00e9k.\u00a0A Google Analytics cookie-kat haszn\u00e1l a weboldal haszn\u00e1lat\u00e1nak elemz\u00e9s\u00e9hez, valamint \u00f6sszes\u00edtett statisztik\u00e1k \/ jelent\u00e9sek k\u00e9sz\u00edt\u00e9s\u00e9hez a l\u00e1togat\u00f3kr\u00f3l.\u00a0Ezenk\u00edv\u00fcl a Google Analytics hirdet\u00e9si funkci\u00f3nak k\u00f6sz\u00f6nhet\u0151en lehet\u0151s\u00e9ge\u00a0van:<\/span><span data-ccp-props=\"{}\">\u00a0<\/span><\/p>\n<ul>\n<li data-leveltext=\"\uf0b7\" data-font=\"Symbol\" data-listid=\"4\" aria-setsize=\"-1\" data-aria-posinset=\"1\" data-aria-level=\"1\"><span data-contrast=\"auto\">haszn\u00e1lni a remarketinget a Google Analytics seg\u00edts\u00e9g\u00e9vel<\/span><span data-contrast=\"none\">;<\/span><span data-ccp-props=\"{&quot;335559738&quot;:96,&quot;335559739&quot;:96}\">\u00a0<\/span><\/li>\n<li data-leveltext=\"\uf0b7\" data-font=\"Symbol\" data-listid=\"4\" aria-setsize=\"-1\" data-aria-posinset=\"2\" data-aria-level=\"1\"><span data-contrast=\"none\">n\u00e9zetts\u00e9gi jelent\u00e9sek\u00a0k\u00e9sz\u00edt\u00e9se a Google rekl\u00e1m h\u00e1l\u00f3zaton\u00a0;<\/span><span data-ccp-props=\"{&quot;335559738&quot;:96,&quot;335559739&quot;:96}\">\u00a0<\/span><\/li>\n<li data-leveltext=\"\uf0b7\" data-font=\"Symbol\" data-listid=\"4\" aria-setsize=\"-1\" data-aria-posinset=\"3\" data-aria-level=\"1\"><span data-contrast=\"auto\">jelent\u00e9sek k\u00e9sz\u00edt\u00e9se a demogr\u00e1fiai adatokr\u00f3l \u00e9s az \u00e9rdekl\u0151d\u00e9si k\u00f6r\u00f6kr\u0151l a Google Analytics szolg\u00e1ltat\u00e1sban<\/span><span data-contrast=\"none\">;<\/span><span data-ccp-props=\"{&quot;335559738&quot;:96,&quot;335559739&quot;:96}\">\u00a0<\/span><\/li>\n<li data-leveltext=\"\uf0b7\" data-font=\"Symbol\" data-listid=\"4\" aria-setsize=\"-1\" data-aria-posinset=\"4\" data-aria-level=\"1\"><span data-contrast=\"auto\">olyan integr\u00e1lt szolg\u00e1ltat\u00e1sokat haszn\u00e1lni, amelyek a Google Analytics haszn\u00e1lat\u00e1t ig\u00e9nylik adatgy\u0171jt\u00e9shez hirdet\u00e9si c\u00e9lokra, bele\u00e9rtve az azonos\u00edt\u00f3k \u00e9s a hirdet\u00e9si s\u00fctik haszn\u00e1lat\u00e1t.<\/span><span data-ccp-props=\"{&quot;335559738&quot;:96,&quot;335559739&quot;:96}\">\u00a0<\/span><\/li>\n<\/ul>\n<p><span data-contrast=\"auto\">B\u00e1rmikor megv\u00e1ltoztathatja hirdet\u00e9si be\u00e1ll\u00edt\u00e1sait a Google-on bel\u00fcl, ide\u00e9rtve a hirdet\u00e9s-szem\u00e9lyre szab\u00e1s letilt\u00e1s\u00e1t is, amely lehet\u0151v\u00e9 teszi a Google sz\u00e1m\u00e1ra, hogy inform\u00e1ci\u00f3kat haszn\u00e1ljon a Google-fi\u00f3kj\u00e1ban v\u00e9gzett tev\u00e9kenys\u00e9geir\u0151l, a Google szolg\u00e1ltat\u00e1saiban (p\u00e9ld\u00e1ul a\u00a0b\u00f6ng\u00e9sz\u0151ben\u00a0\u00e9s a YouTube-on) t\u00e1rolt inform\u00e1ci\u00f3kr\u00f3l,\u00a0valamint adatok b\u00f6ng\u00e9sz\u00e9se a Google partner webhelyeir\u0151l \u00e9s alkalmaz\u00e1sokb\u00f3l.<\/span><span data-contrast=\"auto\">\u00a0<\/span><span data-contrast=\"auto\">A hirdet\u00e9si be\u00e1ll\u00edt\u00e1sokat\u00a0<\/span><a href=\"https:\/\/adssettings.google.com\/\"><span data-contrast=\"none\">itt<\/span><\/a><span data-contrast=\"auto\">\u00a0 m\u00f3dos\u00edthatja<\/span><span data-contrast=\"auto\">.\u00a0<\/span><span data-ccp-props=\"{}\">\u00a0<\/span><\/p>\n<p><span data-ccp-props=\"{}\">\u00a0<\/span><\/p>\n<p><span data-contrast=\"auto\">Ha nem szeretn\u00e9, hogy a Google Analytics adatokat gy\u0171jts\u00f6n a webhelyen v\u00e9gzett tev\u00e9kenys\u00e9geir\u0151l, haszn\u00e1lhatja a Google Analytics blokkol\u00f3 b\u00f6ng\u00e9sz\u0151b\u0151v\u00edtm\u00e9nyt.<\/span><span data-contrast=\"auto\">\u00a0<\/span><span data-contrast=\"auto\">Ehhez t\u00f6lts\u00f6n le \u00e9s telep\u00edtsen egy ingyenes b\u0151v\u00edtm\u00e9nyt, amely\u00a0<\/span><a href=\"https:\/\/tools.google.com\/dlpage\/gaoptout\/\"><span data-contrast=\"none\">itt<\/span><\/a><span data-contrast=\"auto\">\u00a0el\u00e9rhet\u0151<\/span><span data-contrast=\"none\">.\u00a0<\/span><span data-contrast=\"auto\">Ekkor a Google Analytics nem gy\u0171jt adatokat a webhely l\u00e1togat\u00e1sair\u00f3l, \u00e9s \u00d6n tov\u00e1bbra is hozz\u00e1f\u00e9rhet a webhelyhez.<\/span><span data-ccp-props=\"{}\">\u00a0<\/span><\/p>\n<p><span data-ccp-props=\"{}\">\u00a0<\/span><\/p>\n<p><span data-contrast=\"auto\">R\u00e9szletes inform\u00e1ci\u00f3k az adatok Google Analytics \u00e1ltali gy\u0171jt\u00e9s\u00e9nek \u00e9s feldolgoz\u00e1s\u00e1nak m\u00f3dj\u00e1r\u00f3l\u00a0<\/span><a href=\"https:\/\/policies.google.com\/privacy\/partners?hl=hu\"><span data-contrast=\"none\">itt<\/span><\/a><span data-contrast=\"auto\">\u00a0\u00e9rhet\u0151k el,\u00a0ugyanakkor a Google Inc. teljes adatv\u00e9delmi ir\u00e1nyelvei\u00a0<\/span><a href=\"https:\/\/policies.google.com\/privacy?hl=hu\"><span data-contrast=\"none\">ezen<\/span><\/a><span data-contrast=\"auto\">\u00a0a\u00a0c\u00edmen \u00e9rhet\u0151k el.<\/span><span data-contrast=\"auto\">\u00a0<\/span><span data-ccp-props=\"{}\">\u00a0<\/span><\/p>\n<p><span data-ccp-props=\"{}\">\u00a0<\/span><\/p>\n<h3 aria-level=\"1\"><span data-contrast=\"none\">A s\u00fcti-be\u00e1ll\u00edt\u00e1sok m\u00f3dos\u00edt\u00e1sa a webb\u00f6ng\u00e9sz\u0151ben<\/span><span data-ccp-props=\"{&quot;335559738&quot;:240}\">\u00a0<\/span><\/h3>\n<p><span data-contrast=\"auto\">A s\u00fctik t\u00e1rol\u00e1s\u00e1nak vagy fogad\u00e1s\u00e1nak felt\u00e9teleinek megv\u00e1ltoztat\u00e1sa a k\u00f6vetkez\u0151 webb\u00f6ng\u00e9sz\u0151k be\u00e1ll\u00edt\u00e1sainak konfigur\u00e1l\u00e1s\u00e1val lehets\u00e9ges:<\/span><span data-ccp-props=\"{}\">\u00a0<\/span><\/p>\n<ul>\n<li data-leveltext=\"\uf0b7\" data-font=\"Symbol\" data-listid=\"7\" aria-setsize=\"-1\" data-aria-posinset=\"1\" data-aria-level=\"1\"><span data-contrast=\"none\">a\u202f<\/span><a href=\"https:\/\/support.google.com\/chrome\/answer\/95647?hl=hu\"><span data-contrast=\"none\">Chrome<\/span><\/a><span data-contrast=\"none\">\u00a0<\/span><span data-contrast=\"none\">b\u00f6ng\u00e9sz\u0151ben<\/span><span data-ccp-props=\"{&quot;134233117&quot;:true,&quot;335559739&quot;:150}\">\u00a0<\/span><\/li>\n<li data-leveltext=\"\uf0b7\" data-font=\"Symbol\" data-listid=\"7\" aria-setsize=\"-1\" data-aria-posinset=\"2\" data-aria-level=\"1\"><span data-contrast=\"none\">az\u202f<\/span><a href=\"https:\/\/support.microsoft.com\/hu-hu\/windows\/cookie-k-t%C3%B6rl%C3%A9se-%C3%A9s-kezel%C3%A9se-168dab11-0753-043d-7c16-ede5947fc64d\"><span data-contrast=\"none\">Internet Explorer<\/span><\/a><span data-contrast=\"none\">\u00a0<\/span><span data-contrast=\"none\">b\u00f6ng\u00e9sz\u0151ben<\/span><span data-ccp-props=\"{&quot;134233117&quot;:true,&quot;335559739&quot;:150}\">\u00a0<\/span><\/li>\n<\/ul>\n<ul>\n<li data-leveltext=\"\uf0b7\" data-font=\"Symbol\" data-listid=\"7\" aria-setsize=\"-1\" data-aria-posinset=\"1\" data-aria-level=\"1\"><span data-contrast=\"none\">a\u202f<\/span><a href=\"https:\/\/support.mozilla.org\/hu\/kb\/sutik-informacio-amelyet-weboldalak-tarolnak-szami\"><span data-contrast=\"none\">Mozilla\u00a0Firefox<\/span><\/a><span data-contrast=\"none\">\u00a0<\/span><span data-contrast=\"none\">b\u00f6ng\u00e9sz\u0151ben<\/span><span data-ccp-props=\"{&quot;134233117&quot;:true,&quot;335559739&quot;:150}\">\u00a0<\/span><\/li>\n<li data-leveltext=\"\uf0b7\" data-font=\"Symbol\" data-listid=\"7\" aria-setsize=\"-1\" data-aria-posinset=\"2\" data-aria-level=\"1\"><span data-contrast=\"none\">az\u202f<\/span><a href=\"https:\/\/help.opera.com\/en\/latest\/web-preferences\/#cookies\"><span data-contrast=\"none\">Opera<\/span><\/a><span data-contrast=\"none\">\u00a0<\/span><span data-contrast=\"none\">b\u00f6ng\u00e9sz\u0151ben<\/span><span data-ccp-props=\"{&quot;134233117&quot;:true,&quot;335559739&quot;:150}\">\u00a0<\/span><\/li>\n<li data-leveltext=\"\uf0b7\" data-font=\"Symbol\" data-listid=\"7\" aria-setsize=\"-1\" data-aria-posinset=\"3\" data-aria-level=\"1\"><span data-contrast=\"none\">a\u202f<\/span><a href=\"https:\/\/support.apple.com\/hu-hu\/guide\/safari\/sfri11471\/mac\"><span data-contrast=\"none\">Safari<\/span><\/a><span data-contrast=\"none\">\u00a0<\/span><span data-contrast=\"none\">b\u00f6ng\u00e9sz\u0151ben<\/span><span data-ccp-props=\"{&quot;134233117&quot;:true,&quot;335559739&quot;:150}\">\u00a0<\/span><\/li>\n<\/ul>\n<p><span data-ccp-props=\"{}\">\u00a0<\/span><\/p>\n","protected":false},"excerpt":{"rendered":"Mik azok a s\u00fctik?\u00a0 A cookie-f\u00e1jlok (s\u00fctik) a megl\u00e1togatott webhelyek \u00e1ltal k\u00fcld\u00f6tt, majd a felhaszn\u00e1l\u00f3 sz\u00e1m\u00edt\u00f3g\u00e9p\u00e9re let\u00f6lt\u00f6tt sz\u00f6veges f\u00e1jlok.\u00a0A s\u00fctikben tal\u00e1lhat\u00f3 inform\u00e1ci\u00f3k lehet\u0151v\u00e9 teszik, hogy csak az \u0151ket l\u00e9trehoz\u00f3 webhely olvassa el \u0151ket.\u00a0Ugyanakkor a webhely nem f\u00e9r hozz\u00e1 m\u00e1s f\u00e1jlokhoz, amelyek a felhaszn\u00e1l\u00f3 sz\u00e1m\u00edt\u00f3g\u00e9p\u00e9n vannak.\u00a0 \u00a0 A\u00a0WAGAS S.A.\u00a0\u00e1ltal haszn\u00e1lt t\u00edpus\u00fa s\u00fctik\u00a0 A wagas.pl \u00e9s a&#8230; <a class=\"view-article\" href=\"https:\/\/wagas.eu\/hu\/suti-politika\/\">Tartalom Megtekint\u00e9se<\/a>","protected":false},"author":1,"featured_media":0,"parent":0,"menu_order":0,"comment_status":"closed","ping_status":"closed","template":"","meta":{"footnotes":""},"_links":{"self":[{"href":"https:\/\/wagas.eu\/hu\/wp-json\/wp\/v2\/pages\/3368"}],"collection":[{"href":"https:\/\/wagas.eu\/hu\/wp-json\/wp\/v2\/pages"}],"about":[{"href":"https:\/\/wagas.eu\/hu\/wp-json\/wp\/v2\/types\/page"}],"author":[{"embeddable":true,"href":"https:\/\/wagas.eu\/hu\/wp-json\/wp\/v2\/users\/1"}],"replies":[{"embeddable":true,"href":"https:\/\/wagas.eu\/hu\/wp-json\/wp\/v2\/comments?post=3368"}],"version-history":[{"count":4,"href":"https:\/\/wagas.eu\/hu\/wp-json\/wp\/v2\/pages\/3368\/revisions"}],"predecessor-version":[{"id":7986,"href":"https:\/\/wagas.eu\/hu\/wp-json\/wp\/v2\/pages\/3368\/revisions\/7986"}],"wp:attachment":[{"href":"https:\/\/wagas.eu\/hu\/wp-json\/wp\/v2\/media?parent=3368"}],"curies":[{"name":"wp","href":"https:\/\/api.w.org\/{rel}","templated":true}]}}