{"id":3370,"date":"2019-04-09T15:52:15","date_gmt":"2019-04-09T13:52:15","guid":{"rendered":"http:\/\/www.sandis.type.pl\/wagas\/bg\/cookie-policy\/"},"modified":"2021-06-02T17:03:02","modified_gmt":"2021-06-02T15:03:02","slug":"slapuku-politika","status":"publish","type":"page","link":"https:\/\/wagas.eu\/lt\/slapuku-politika\/","title":{"rendered":"Slapuk\u0173 politika"},"content":{"rendered":"<h4><span data-contrast=\"none\">Kas yra slapukai?<\/span><\/h4>\n<p><span data-contrast=\"auto\">Slapukai yra nedideli tekstiniai failai, kurie yra i\u0161siun\u010diami i\u0161 svetain\u0117s, kurioje apsilankoma, o v\u0117liau i\u0161saugomi\u00a0J\u016bs\u0173\u00a0kompiuteryje.\u00a0Juose<\/span><i><span data-contrast=\"auto\">\u00a0<\/span><\/i><span data-contrast=\"auto\">i\u0161saugot\u0105 informacij\u0105 gali perskaityti<\/span><i><span data-contrast=\"auto\">\u00a0<\/span><\/i><span data-contrast=\"auto\">tik ta interneto<\/span><i><span data-contrast=\"auto\">\u00a0<\/span><\/i><span data-contrast=\"auto\">svetain\u0117.\u00a0Tuo pa\u010diu metu svetain\u0117 neturi prieigos prie kit\u0173 fail\u0173, esan\u010di\u0173\u00a0J\u016bs\u0173\u00a0kompiuteryje.<\/span><span data-ccp-props=\"{&quot;201341983&quot;:0,&quot;335559739&quot;:160,&quot;335559740&quot;:240}\">\u00a0<\/span><\/p>\n<h3><span data-contrast=\"none\">WAGAS S.A. svetain\u0117je naudojam\u0173 slapuk\u0173 r\u016b\u0161ys<\/span><\/h3>\n<p><span data-contrast=\"auto\">Internetin\u0117 svetain\u0117 wagas.pl ir wagas.eu bei mobilioji program\u0117l\u0117 WAGAS S.A. gali naudoti dviej\u0173 r\u016b\u0161i\u0173 slapukus:<\/span><span data-ccp-props=\"{&quot;201341983&quot;:0,&quot;335559738&quot;:240,&quot;335559739&quot;:160,&quot;335559740&quot;:240}\">\u00a0<\/span><\/p>\n<ul>\n<li data-leveltext=\"\uf0b7\" data-font=\"Symbol\" data-listid=\"12\" aria-setsize=\"-1\" data-aria-posinset=\"1\" data-aria-level=\"1\"><span data-contrast=\"auto\">ilgalaikiai\u00a0slapukai\u00a0yra\u00a0nepa\u0161alinami ir lieka J\u016bs\u0173 \u012frenginyje tol, kol pa\u0161alinami aktyviais veiksmais arba kol baigiasi j\u0173 galiojimas;<\/span><span data-ccp-props=\"{&quot;134233279&quot;:true,&quot;201341983&quot;:0,&quot;335559685&quot;:709,&quot;335559739&quot;:160,&quot;335559740&quot;:240,&quot;335559991&quot;:349}\">\u00a0<\/span><\/li>\n<li data-leveltext=\"\uf0b7\" data-font=\"Symbol\" data-listid=\"12\" aria-setsize=\"-1\" data-aria-posinset=\"2\" data-aria-level=\"1\"><span data-contrast=\"auto\">seanso slapukai yra laikini ir i\u0161nyksta\u00a0Jums\u00a0i\u0161\u0117jus i\u0161 interneto svetain\u0117s ar u\u017ev\u0117rus nar\u0161ykl\u0119.<\/span><span data-ccp-props=\"{&quot;134233279&quot;:true,&quot;201341983&quot;:0,&quot;335559685&quot;:709,&quot;335559739&quot;:160,&quot;335559740&quot;:240,&quot;335559991&quot;:349}\">\u00a0<\/span><\/li>\n<\/ul>\n<p><span data-contrast=\"none\">Tikslai, kuriais naudojame slapukus<\/span><br \/>\n<span data-contrast=\"auto\">Slapukai\u00a0naudojami\u00a0siekiant individualizuoti\u00a0J\u016bs\u0173 nar\u0161ymo patirt\u012f ir Jums rodom\u0105 turin\u012f.\u00a0Jie taip pat leid\u017eia\u00a0steb\u0117ti lankytoj\u0173 veiksmus\u00a0svetain\u0117se.\u00a0Slapukai\u00a0naudojami siekiant pagerinti interneto svetaini\u0173 bei mobiliosios program\u0117l\u0117s funkcionalum\u0105\u00a0bei tam, kad gal\u0117tume i\u0161matuoti svetain\u0117je vykdom\u0173 kampanij\u0173 efektyvum\u0105.<\/span><span data-ccp-props=\"{&quot;201341983&quot;:0,&quot;335559738&quot;:240,&quot;335559739&quot;:160,&quot;335559740&quot;:240}\">\u00a0<\/span><\/p>\n<h3><span data-contrast=\"auto\">Slapukais\u00a0siekiame:<\/span><span data-ccp-props=\"{&quot;201341983&quot;:0,&quot;335559739&quot;:160,&quot;335559740&quot;:259}\">\u00a0<\/span><\/h3>\n<ul>\n<li data-leveltext=\"\uf0b7\" data-font=\"Symbol\" data-listid=\"8\" aria-setsize=\"-1\" data-aria-posinset=\"1\" data-aria-level=\"1\"><span data-contrast=\"auto\">atrinkti Jums tinkam\u0105 reklam\u0105;<\/span><span data-ccp-props=\"{&quot;134233279&quot;:true,&quot;201341983&quot;:0,&quot;335559739&quot;:160,&quot;335559740&quot;:240}\">\u00a0<\/span><\/li>\n<li data-leveltext=\"\uf0b7\" data-font=\"Symbol\" data-listid=\"8\" aria-setsize=\"-1\" data-aria-posinset=\"2\" data-aria-level=\"1\"><span data-contrast=\"auto\">analizuoti J\u016bs\u0173 \u012fpro\u010dius bei aktyvum\u0105\u00a0svetain\u0117je;<\/span><span data-ccp-props=\"{&quot;134233279&quot;:true,&quot;201341983&quot;:0,&quot;335559739&quot;:160,&quot;335559740&quot;:240}\">\u00a0<\/span><\/li>\n<li data-leveltext=\"\uf0b7\" data-font=\"Symbol\" data-listid=\"8\" aria-setsize=\"-1\" data-aria-posinset=\"3\" data-aria-level=\"1\"><span data-contrast=\"auto\">atrinkti reklamos tinkle, pvz., Google (pakartotin\u0117 rinkodara) rodom\u0173 reklam\u0173 turin\u012f;<\/span><span data-ccp-props=\"{&quot;134233279&quot;:true,&quot;201341983&quot;:0,&quot;335559739&quot;:160,&quot;335559740&quot;:240}\">\u00a0<\/span><\/li>\n<li data-leveltext=\"\uf0b7\" data-font=\"Symbol\" data-listid=\"8\" aria-setsize=\"-1\" data-aria-posinset=\"4\" data-aria-level=\"1\"><span data-contrast=\"auto\">i\u0161matuoti\u00a0draudiko vykdom\u0173 kampanij\u0173,\u00a0pvz.,\u00a0Google, prijungtuose tinkluose, partneri\u0173 programose, efektyvum\u0105;\u00a0<\/span><span data-ccp-props=\"{&quot;134233279&quot;:true,&quot;201341983&quot;:0,&quot;335559739&quot;:160,&quot;335559740&quot;:240}\">\u00a0<\/span><\/li>\n<\/ul>\n<ul>\n<li data-leveltext=\"\uf0b7\" data-font=\"Symbol\" data-listid=\"8\" aria-setsize=\"-1\" data-aria-posinset=\"1\" data-aria-level=\"1\"><span data-contrast=\"auto\">\u012fdiegti tre\u010di\u0173j\u0173 \u0161ali\u0173 fail\u0173, pvz.,\u00a0prijungtuose tinkluose\u00a0per Google\u00a0Tag\u00a0Manager\u00a0&#8211; daugiau informacijos\u00a0<\/span><a href=\"https:\/\/www.google.com\/analytics\/tag-manager\/use-policy\/\"><span data-contrast=\"none\">rasite\u00a0\u010dia<\/span><\/a><span data-contrast=\"none\">;<\/span><span data-ccp-props=\"{&quot;134233279&quot;:true,&quot;201341983&quot;:0,&quot;335559739&quot;:160,&quot;335559740&quot;:240}\">\u00a0<\/span><\/li>\n<li data-leveltext=\"\uf0b7\" data-font=\"Symbol\" data-listid=\"8\" aria-setsize=\"-1\" data-aria-posinset=\"2\" data-aria-level=\"1\"><span data-contrast=\"auto\">u\u017etikrinti, kad nenorimas turinys neb\u016bt\u0173 rodomas ateityje.<\/span><span data-ccp-props=\"{&quot;134233279&quot;:true,&quot;201341983&quot;:0,&quot;335559739&quot;:160,&quot;335559740&quot;:240}\">\u00a0<\/span><\/li>\n<\/ul>\n<h3><span data-contrast=\"none\">Tre\u010di\u0173j\u0173 \u0161ali\u0173 slapukai\u00a0<\/span><\/h3>\n<p><span data-contrast=\"auto\">Svetain\u0117je\u00a0naudojame arba galime naudoti tre\u010di\u0173j\u0173 \u0161ali\u0173 slapukus, t.\u00a0y.\u00a0slapukus, kuriuos svetain\u0117je\u00a0sukuria\u00a0m\u016bs\u0173 partneriai:<\/span><span data-ccp-props=\"{&quot;134233117&quot;:true,&quot;201341983&quot;:0,&quot;335559739&quot;:160,&quot;335559740&quot;:240}\">\u00a0<\/span><\/p>\n<ul>\n<li data-leveltext=\"\uf0b7\" data-font=\"Symbol\" data-listid=\"3\" aria-setsize=\"-1\" data-aria-posinset=\"3\" data-aria-level=\"1\"><span data-contrast=\"auto\">Google<\/span><span data-ccp-props=\"{&quot;134233279&quot;:true,&quot;201341983&quot;:0,&quot;335559739&quot;:160,&quot;335559740&quot;:240}\">\u00a0<\/span><\/li>\n<li data-leveltext=\"\uf0b7\" data-font=\"Symbol\" data-listid=\"3\" aria-setsize=\"-1\" data-aria-posinset=\"4\" data-aria-level=\"1\"><span data-contrast=\"auto\">Facebook<\/span><span data-ccp-props=\"{&quot;134233279&quot;:true,&quot;201341983&quot;:0,&quot;335559739&quot;:160,&quot;335559740&quot;:240}\">\u00a0<\/span><\/li>\n<\/ul>\n<ul>\n<li data-leveltext=\"\uf0b7\" data-font=\"Symbol\" data-listid=\"3\" aria-setsize=\"-1\" data-aria-posinset=\"1\" data-aria-level=\"1\"><span data-contrast=\"auto\">Hotjar<\/span><span data-ccp-props=\"{&quot;134233279&quot;:true,&quot;201341983&quot;:0,&quot;335559739&quot;:160,&quot;335559740&quot;:240}\">\u00a0<\/span><\/li>\n<\/ul>\n<h4><span data-contrast=\"none\">Vartotoj\u0173 srauto steb\u0117jimas bei\u00a0elgesio analiz\u0117<\/span><\/h4>\n<p><span data-contrast=\"auto\">Naudojame Google Analytics \u2013 Google\u00a0Inc., kad gal\u0117tume analizuoti savo interneto svetain\u0117s naudojim\u0105 ir j\u012f reguliariai tobulinti.\u00a0Google Analytics renka ir tvarko\u00a0asmens duomenis\u00a0anonimi\u0161kai, tod\u0117l\u00a0identifikuoti vartotoj\u0105 n\u0117ra \u012fmanoma<\/span><i><span data-contrast=\"auto\">.\u00a0<\/span><\/i><span data-contrast=\"auto\">Google Analytics<\/span><i><span data-contrast=\"auto\">\u00a0<\/span><\/i><span data-contrast=\"auto\">naudoja slapukus<\/span><span data-contrast=\"auto\">\u00a0tam, kad pad\u0117t\u0173 mums\u00a0<\/span><span data-contrast=\"auto\">analizuoti<\/span><i><span data-contrast=\"auto\">,<\/span><\/i><span data-contrast=\"auto\">\u00a0kaip lankytojai naudojasi m\u016bs\u0173 svetaine bei rengti\u00a0<\/span><span data-contrast=\"auto\">statistines ataskaitas<\/span><span data-contrast=\"auto\">\u00a0apie j\u0173 aktyvum\u0105. Be to, Google Analytics reklamavimo funkcijos\u00a0suteikia galimyb\u0119:<\/span><span data-ccp-props=\"{&quot;201341983&quot;:0,&quot;335559738&quot;:240,&quot;335559739&quot;:160,&quot;335559740&quot;:240}\">\u00a0<\/span><\/p>\n<ul>\n<li data-leveltext=\"\u2022\" data-font=\"Calibri\" data-listid=\"10\" aria-setsize=\"-1\" data-aria-posinset=\"0\" data-aria-level=\"1\"><span data-contrast=\"auto\">naudoti<\/span><span data-contrast=\"auto\">\u00a0Google Analytics\u00a0pakartotin\u0119\u00a0<\/span><span data-contrast=\"auto\">rinkodar\u0105;<\/span><span data-ccp-props=\"{&quot;134233279&quot;:true,&quot;201341983&quot;:0,&quot;335559739&quot;:160,&quot;335559740&quot;:240}\">\u00a0<\/span><\/li>\n<li data-leveltext=\"\u2022\" data-font=\"Calibri\" data-listid=\"10\" aria-setsize=\"-1\" data-aria-posinset=\"0\" data-aria-level=\"1\"><span data-contrast=\"auto\">rengti\u00a0puslapio per\u017ei\u016br\u0173 ataskaitas Google Analytics platformoje;\u00a0<\/span><span data-ccp-props=\"{&quot;134233279&quot;:true,&quot;201341983&quot;:0,&quot;335559739&quot;:160,&quot;335559740&quot;:240}\">\u00a0<\/span><\/li>\n<li data-leveltext=\"\u2022\" data-font=\"Calibri\" data-listid=\"10\" aria-setsize=\"-1\" data-aria-posinset=\"0\" data-aria-level=\"1\"><span data-contrast=\"auto\">rengti\u00a0<\/span><span data-contrast=\"auto\">demografini\u0173<\/span><span data-contrast=\"auto\">\u00a0rodikli\u0173 ir\u00a0<\/span><span data-contrast=\"auto\">pom\u0117gi\u0173 ataskaitas<\/span><i><span data-contrast=\"auto\">\u00a0G<\/span><\/i><span data-contrast=\"auto\">oogle Analytics platformoje;\u00a0<\/span><span data-ccp-props=\"{&quot;134233279&quot;:true,&quot;201341983&quot;:0,&quot;335559739&quot;:160,&quot;335559740&quot;:240}\">\u00a0<\/span><\/li>\n<\/ul>\n<ul>\n<li data-leveltext=\"\u2022\" data-font=\"Calibri\" data-listid=\"10\" aria-setsize=\"-1\" data-aria-posinset=\"0\" data-aria-level=\"1\"><span data-contrast=\"auto\">naudotis\u00a0integruotomis\u00a0paslaugomis,\u00a0kurios\u00a0Google Analytics\u00a0pagalba renka\u00a0asmens\u00a0duomenis reklamos tikslais, \u012fskaitant identifikatori\u0173 ir reklamini\u0173 slapuk\u0173 naudojim\u0105.<\/span><span data-ccp-props=\"{&quot;134233279&quot;:true,&quot;201341983&quot;:0,&quot;335559739&quot;:160,&quot;335559740&quot;:240}\">\u00a0<\/span><\/li>\n<\/ul>\n<p><span data-contrast=\"auto\">Bet kuriuo metu\u00a0galite\u00a0pakeisti Google\u00a0paskyros\u00a0slapuk\u0173\u00a0nustatymus\u00a0bei atsisakyti rodyti skelbimus, pagr\u012fstus\u00a0informacija apie J\u016bs\u0173 veikl\u0105 Google paskyroje, informacija saugoma Google paslaug\u0173 (toki\u0173 kaip paie\u0161kos sistema ir\u00a0Youtube) bei kit\u0173 Google partneri\u0173 program\u0173 ir svetaini\u0173\u00a0nar\u0161ymo duomenimis.\u00a0Nustatymus galite\u00a0<\/span><a href=\"https:\/\/adssettings.google.com\/\"><span data-contrast=\"none\">pakeisti \u010dia<\/span><\/a><span data-contrast=\"none\">.<\/span><span data-ccp-props=\"{&quot;201341983&quot;:0,&quot;335559739&quot;:160,&quot;335559740&quot;:240}\">\u00a0<\/span><\/p>\n<p><span data-contrast=\"auto\">Jei norite atsisakyti Google Analytics slapuk\u0173, atsisi\u0173skite ir \u012fdiekite Google Analytics atsisakymo nar\u0161ykl\u0117s pl\u0117tin\u012f. Tai padaryti\u00a0<\/span><a href=\"https:\/\/tools.google.com\/dlpage\/gaoptout\/?hl=en\"><span data-contrast=\"none\">galite\u00a0\u010dia<\/span><\/a><span data-contrast=\"auto\">.<\/span><span data-ccp-props=\"{&quot;134233117&quot;:true,&quot;134233118&quot;:true,&quot;201341983&quot;:0,&quot;335559740&quot;:240}\">\u00a0<\/span><\/p>\n<p><span data-contrast=\"auto\">I\u0161sami\u0105 informacij\u0105 apie tai, kaip Google Analytics renka ir tvarko asmens duomenis, galite\u00a0<\/span><a href=\"https:\/\/policies.google.com\/privacy\/partners?hl=lt\"><span data-contrast=\"none\">rasti\u00a0\u010dia<\/span><\/a><span data-contrast=\"auto\">, o Google\u00a0Inc. privatumo politik\u0105\u00a0rasite paspaud\u0119\u00a0<\/span><a href=\"https:\/\/policies.google.com\/privacy?hl=lt\"><span data-contrast=\"none\">\u0161i\u0105 nuorod\u0105<\/span><\/a><span data-contrast=\"auto\">.<\/span><span data-ccp-props=\"{&quot;201341983&quot;:0,&quot;335559739&quot;:160,&quot;335559740&quot;:240}\">\u00a0<\/span><\/p>\n<h3><span data-contrast=\"none\">Slapuk\u0173 nustatym\u0173 keitimas<\/span><\/h3>\n<p><span data-contrast=\"auto\">Pasirinkti priimamus slapukus ar atsisakyti tam tikr\u0173 slapuk\u0173 galite bet kada pakeit\u0119 savo nar\u0161ykl\u0117s nustatymus:<\/span><span data-ccp-props=\"{&quot;201341983&quot;:0,&quot;335559738&quot;:240,&quot;335559739&quot;:160,&quot;335559740&quot;:259}\">\u00a0<\/span><\/p>\n<ul>\n<li data-leveltext=\"\uf0b7\" data-font=\"Symbol\" data-listid=\"4\" aria-setsize=\"-1\" data-aria-posinset=\"1\" data-aria-level=\"1\"><a href=\"https:\/\/support.google.com\/chrome\/answer\/95647?hl=lt\"><span data-contrast=\"none\">Chrome<\/span><\/a><span data-contrast=\"none\">\u00a0nar\u0161ykl\u0117<\/span><span data-ccp-props=\"{&quot;134233117&quot;:true,&quot;201341983&quot;:0,&quot;335559739&quot;:150,&quot;335559740&quot;:240}\">\u00a0<\/span><\/li>\n<li data-leveltext=\"\uf0b7\" data-font=\"Symbol\" data-listid=\"4\" aria-setsize=\"-1\" data-aria-posinset=\"2\" data-aria-level=\"1\"><a href=\"https:\/\/support.microsoft.com\/lt-lt\/help\/17442\/windows-internet-explorerdelete-manage-cookies\"><span data-contrast=\"none\">Internet Explorer<\/span><\/a><span data-contrast=\"none\">\u00a0<\/span><span data-contrast=\"none\">nar\u0161ykl\u0117<\/span><span data-ccp-props=\"{&quot;134233117&quot;:true,&quot;201341983&quot;:0,&quot;335559739&quot;:150,&quot;335559740&quot;:240}\">\u00a0<\/span><\/li>\n<li data-leveltext=\"\uf0b7\" data-font=\"Symbol\" data-listid=\"4\" aria-setsize=\"-1\" data-aria-posinset=\"3\" data-aria-level=\"1\"><a href=\"https:\/\/support.mozilla.org\/lt\/kb\/Slapuk%C5%B3%20valdymas\"><span data-contrast=\"none\">Mozilla Firefox<\/span><\/a><span data-contrast=\"auto\">\u00a0<\/span><span data-contrast=\"none\">nar\u0161ykl\u0117<\/span><span data-ccp-props=\"{&quot;134233117&quot;:true,&quot;201341983&quot;:0,&quot;335559739&quot;:150,&quot;335559740&quot;:240}\">\u00a0<\/span><\/li>\n<li data-leveltext=\"\uf0b7\" data-font=\"Symbol\" data-listid=\"4\" aria-setsize=\"-1\" data-aria-posinset=\"4\" data-aria-level=\"1\"><a href=\"https:\/\/help.opera.com\/en\/latest\/web-preferences\/#cookies\"><span data-contrast=\"none\">Opera<\/span><\/a><span data-contrast=\"none\">\u00a0nar\u0161ykl\u0117<\/span><span data-contrast=\"none\">\u00a0<\/span><span data-ccp-props=\"{&quot;134233117&quot;:true,&quot;201341983&quot;:0,&quot;335559739&quot;:150,&quot;335559740&quot;:240}\">\u00a0<\/span><\/li>\n<li data-leveltext=\"\uf0b7\" data-font=\"Symbol\" data-listid=\"4\" aria-setsize=\"-1\" data-aria-posinset=\"5\" data-aria-level=\"1\"><a href=\"https:\/\/support.apple.com\/en-euro\/guide\/safari\/sfri11471\/mac\"><span data-contrast=\"none\">Safari<\/span><\/a><span data-contrast=\"none\">\u00a0nar\u0161ykl\u0117<\/span><span data-contrast=\"auto\">\u00a0<\/span><span data-ccp-props=\"{&quot;134233117&quot;:true,&quot;201341983&quot;:0,&quot;335559739&quot;:150,&quot;335559740&quot;:240}\">\u00a0<\/span><\/li>\n<\/ul>\n","protected":false},"excerpt":{"rendered":"Kas yra slapukai? Slapukai yra nedideli tekstiniai failai, kurie yra i\u0161siun\u010diami i\u0161 svetain\u0117s, kurioje apsilankoma, o v\u0117liau i\u0161saugomi\u00a0J\u016bs\u0173\u00a0kompiuteryje.\u00a0Juose\u00a0i\u0161saugot\u0105 informacij\u0105 gali perskaityti\u00a0tik ta interneto\u00a0svetain\u0117.\u00a0Tuo pa\u010diu metu svetain\u0117 neturi prieigos prie kit\u0173 fail\u0173, esan\u010di\u0173\u00a0J\u016bs\u0173\u00a0kompiuteryje.\u00a0 WAGAS S.A. svetain\u0117je naudojam\u0173 slapuk\u0173 r\u016b\u0161ys Internetin\u0117 svetain\u0117 wagas.pl ir wagas.eu bei mobilioji program\u0117l\u0117 WAGAS S.A. gali naudoti dviej\u0173 r\u016b\u0161i\u0173 slapukus:\u00a0 ilgalaikiai\u00a0slapukai\u00a0yra\u00a0nepa\u0161alinami ir&#8230; <a class=\"view-article\" href=\"https:\/\/wagas.eu\/lt\/slapuku-politika\/\">View Article<\/a>","protected":false},"author":1,"featured_media":0,"parent":0,"menu_order":0,"comment_status":"closed","ping_status":"closed","template":"","meta":{"footnotes":""},"_links":{"self":[{"href":"https:\/\/wagas.eu\/lt\/wp-json\/wp\/v2\/pages\/3370"}],"collection":[{"href":"https:\/\/wagas.eu\/lt\/wp-json\/wp\/v2\/pages"}],"about":[{"href":"https:\/\/wagas.eu\/lt\/wp-json\/wp\/v2\/types\/page"}],"author":[{"embeddable":true,"href":"https:\/\/wagas.eu\/lt\/wp-json\/wp\/v2\/users\/1"}],"replies":[{"embeddable":true,"href":"https:\/\/wagas.eu\/lt\/wp-json\/wp\/v2\/comments?post=3370"}],"version-history":[{"count":3,"href":"https:\/\/wagas.eu\/lt\/wp-json\/wp\/v2\/pages\/3370\/revisions"}],"predecessor-version":[{"id":7987,"href":"https:\/\/wagas.eu\/lt\/wp-json\/wp\/v2\/pages\/3370\/revisions\/7987"}],"wp:attachment":[{"href":"https:\/\/wagas.eu\/lt\/wp-json\/wp\/v2\/media?parent=3370"}],"curies":[{"name":"wp","href":"https:\/\/api.w.org\/{rel}","templated":true}]}}