{"id":11663,"date":"2021-08-27T21:28:59","date_gmt":"2021-08-27T19:28:59","guid":{"rendered":"https:\/\/wagas.eu\/terms-and-conditions-database\/"},"modified":"2021-09-07T12:19:45","modified_gmt":"2021-09-07T10:19:45","slug":"apdrosinasanas-noteikumu-baze","status":"publish","type":"page","link":"https:\/\/wagas.eu\/lv\/apdrosinasanas-noteikumu-baze\/","title":{"rendered":"Apdro\u0161in\u0101\u0161anas noteikumu b\u0101ze"},"content":{"rendered":"<p>1<\/p>\n","protected":false},"excerpt":{"rendered":"1","protected":false},"author":1,"featured_media":0,"parent":0,"menu_order":0,"comment_status":"closed","ping_status":"closed","template":"page-OWU.php","meta":{"footnotes":""},"_links":{"self":[{"href":"https:\/\/wagas.eu\/lv\/wp-json\/wp\/v2\/pages\/11663"}],"collection":[{"href":"https:\/\/wagas.eu\/lv\/wp-json\/wp\/v2\/pages"}],"about":[{"href":"https:\/\/wagas.eu\/lv\/wp-json\/wp\/v2\/types\/page"}],"author":[{"embeddable":true,"href":"https:\/\/wagas.eu\/lv\/wp-json\/wp\/v2\/users\/1"}],"replies":[{"embeddable":true,"href":"https:\/\/wagas.eu\/lv\/wp-json\/wp\/v2\/comments?post=11663"}],"version-history":[{"count":8,"href":"https:\/\/wagas.eu\/lv\/wp-json\/wp\/v2\/pages\/11663\/revisions"}],"predecessor-version":[{"id":12698,"href":"https:\/\/wagas.eu\/lv\/wp-json\/wp\/v2\/pages\/11663\/revisions\/12698"}],"wp:attachment":[{"href":"https:\/\/wagas.eu\/lv\/wp-json\/wp\/v2\/media?parent=11663"}],"curies":[{"name":"wp","href":"https:\/\/api.w.org\/{rel}","templated":true}]}}