{"id":3325,"date":"2020-08-13T20:02:27","date_gmt":"2020-08-13T18:02:27","guid":{"rendered":"http:\/\/www.sandis.type.pl\/wagas\/bg\/%d0%bf%d1%80%d0%be%d0%b4%d1%83%d0%ba%d1%82%d0%b8\/%d0%b7%d0%b0%d1%81%d1%82%d1%80%d0%b0%d1%85%d0%be%d0%b2%d0%ba%d0%b0-%d1%80%d0%b0%d0%b7%d1%85%d0%be%d0%b4%d0%b8-%d0%b7%d0%b0-%d1%80%d0%b5%d0%bc%d0%be%d0%bd%d1%82\/"},"modified":"2021-05-09T17:30:53","modified_gmt":"2021-05-09T15:30:53","slug":"ria-remontdarbu-izmaksu-apdrosinasana","status":"publish","type":"page","link":"https:\/\/wagas.eu\/lv\/produkti\/ria-remontdarbu-izmaksu-apdrosinasana\/","title":{"rendered":"RIA (REMONTDARBU IZMAKSU APDRO\u0160IN\u0100\u0160ANA)"},"content":{"rendered":"","protected":false},"excerpt":{"rendered":"","protected":false},"author":1,"featured_media":0,"parent":3306,"menu_order":0,"comment_status":"closed","ping_status":"closed","template":"page-ukn.php","meta":{"footnotes":""},"_links":{"self":[{"href":"https:\/\/wagas.eu\/lv\/wp-json\/wp\/v2\/pages\/3325"}],"collection":[{"href":"https:\/\/wagas.eu\/lv\/wp-json\/wp\/v2\/pages"}],"about":[{"href":"https:\/\/wagas.eu\/lv\/wp-json\/wp\/v2\/types\/page"}],"author":[{"embeddable":true,"href":"https:\/\/wagas.eu\/lv\/wp-json\/wp\/v2\/users\/1"}],"replies":[{"embeddable":true,"href":"https:\/\/wagas.eu\/lv\/wp-json\/wp\/v2\/comments?post=3325"}],"version-history":[{"count":5,"href":"https:\/\/wagas.eu\/lv\/wp-json\/wp\/v2\/pages\/3325\/revisions"}],"predecessor-version":[{"id":7074,"href":"https:\/\/wagas.eu\/lv\/wp-json\/wp\/v2\/pages\/3325\/revisions\/7074"}],"up":[{"embeddable":true,"href":"https:\/\/wagas.eu\/lv\/wp-json\/wp\/v2\/pages\/3306"}],"wp:attachment":[{"href":"https:\/\/wagas.eu\/lv\/wp-json\/wp\/v2\/media?parent=3325"}],"curies":[{"name":"wp","href":"https:\/\/api.w.org\/{rel}","templated":true}]}}