{"id":3369,"date":"2019-04-09T15:52:15","date_gmt":"2019-04-09T13:52:15","guid":{"rendered":"http:\/\/www.sandis.type.pl\/wagas\/bg\/cookie-policy\/"},"modified":"2021-06-02T17:04:45","modified_gmt":"2021-06-02T15:04:45","slug":"sikdatnu-politika","status":"publish","type":"page","link":"https:\/\/wagas.eu\/lv\/sikdatnu-politika\/","title":{"rendered":"S\u012bkdat\u0146u politika"},"content":{"rendered":"<h3><span data-contrast=\"none\">Kas ir s\u012bkdatnes?<\/span><span data-ccp-props=\"{&quot;201341983&quot;:0,&quot;335559739&quot;:160,&quot;335559740&quot;:259}\">\u00a0<\/span><\/h3>\n<p><span data-contrast=\"none\">S\u012bkdatnes jeb s\u012bkfaili ir nelieli tekstveida faili, kas tiek ats\u016bt\u012bti uz J\u016bsu ier\u012bci, Jums apmekl\u0113jot attiec\u012bgo interneta vietni.\u00a0<\/span><span data-contrast=\"auto\">S\u012bkdatn\u0113s ietvert\u0101 inform\u0101cija \u013cauj tos las\u012bt tikai vietnei, kas t\u0101s ir izveidojusi. Taj\u0101 pa\u0161\u0101 laik\u0101 vietnei nav piek\u013cuves citiem failiem, kas atrodas lietot\u0101ja dator\u0101.<\/span><span data-ccp-props=\"{&quot;201341983&quot;:0,&quot;335559739&quot;:160,&quot;335559740&quot;:259}\">\u00a0<\/span><\/p>\n<h3><span data-contrast=\"none\">WAGAS S.A. izmantoto s\u012bkdat\u0146u veidi<\/span><span data-ccp-props=\"{&quot;201341983&quot;:0,&quot;335559739&quot;:160,&quot;335559740&quot;:259}\">\u00a0<\/span><\/h3>\n<p><span data-contrast=\"auto\">K\u0101 da\u013cu no t\u012bmek\u013ca vietn\u0113m\u00a0wagas.pl un wagas.eu, k\u0101 ar\u012b WAGAS S.A. mobil\u0101s lietojumprogrammas var izmantot divu veidu s\u012bkdatnes:<\/span><span data-ccp-props=\"{&quot;201341983&quot;:0,&quot;335559739&quot;:160,&quot;335559740&quot;:259}\">\u00a0<\/span><\/p>\n<ul>\n<li data-leveltext=\"\uf0b7\" data-font=\"Symbol\" data-listid=\"1\" aria-setsize=\"-1\" data-aria-posinset=\"1\" data-aria-level=\"1\"><span data-contrast=\"auto\">past\u0101v\u012bgas &#8211; paliek lietot\u0101ja ier\u012bc\u0113, l\u012bdz lietot\u0101js tos manu\u0101li izdz\u0113\u0161 vai l\u012bdz faila parametros nor\u0101d\u012bt\u0101 laikam;<\/span><span data-ccp-props=\"{&quot;134233279&quot;:true,&quot;201341983&quot;:0,&quot;335559685&quot;:284,&quot;335559739&quot;:160,&quot;335559740&quot;:259,&quot;335559991&quot;:284}\">\u00a0<\/span><\/li>\n<\/ul>\n<ul>\n<li data-leveltext=\"\uf0b7\" data-font=\"Symbol\" data-listid=\"1\" aria-setsize=\"-1\" data-aria-posinset=\"1\" data-aria-level=\"1\"><span data-contrast=\"auto\">sesijas &#8211; paliek lietot\u0101ja ier\u012bc\u0113, l\u012bdz programmat\u016bra (t\u012bmek\u013ca p\u0101rl\u016bkprogramma) tiek izsl\u0113gta vai l\u012bdz t\u012bmek\u013ca vietne tiek atst\u0101ta.<\/span><span data-ccp-props=\"{&quot;134233279&quot;:true,&quot;201341983&quot;:0,&quot;335559685&quot;:284,&quot;335559739&quot;:160,&quot;335559740&quot;:259,&quot;335559991&quot;:284}\">\u00a0<\/span><\/li>\n<\/ul>\n<h3><span data-contrast=\"none\">S\u012bkdat\u0146u izmanto\u0161anas m\u0113r\u0137is<\/span><span data-ccp-props=\"{&quot;201341983&quot;:0,&quot;335559739&quot;:160,&quot;335559740&quot;:259}\">\u00a0<\/span><\/h3>\n<p><span data-contrast=\"auto\">Vietn\u0113s izmantotie s\u012bkfaili \u013cauj atbilsto\u0161i piel\u0101got inform\u0101ciju\u00a0redzamo vietn\u0113s\u00a0un personaliz\u0113t att\u0113loto saturu.\u00a0S\u012bkdatnes\u00a0\u013cauj ar\u012b izm\u0113r\u012bt lietot\u0101ju mijiedarb\u012bbu vietn\u0113s. S\u012bkdatnes tiek izmantotas, lai piel\u0101gotu un uzlabotu viet\u0146u un lietojumprogrammu darb\u012bbu, k\u0101 ar\u012b lai nov\u0113rt\u0113tu to darb\u012bbu sekas, kas veiktas k\u0101 da\u013ca no vietnes.<\/span><span data-ccp-props=\"{&quot;201341983&quot;:0,&quot;335559739&quot;:160,&quot;335559740&quot;:259}\">\u00a0<\/span><\/p>\n<h3><span data-contrast=\"auto\">S\u012bkdat\u0146u izmanto\u0161anas piem\u0113ri:<\/span><span data-ccp-props=\"{&quot;201341983&quot;:0,&quot;335559739&quot;:160,&quot;335559740&quot;:259}\">\u00a0<\/span><\/h3>\n<ul>\n<li><span data-contrast=\"auto\">vietn\u0113s par\u0101d\u012bto rekl\u0101mu piel\u0101go\u0161ana;<\/span><\/li>\n<li><span data-contrast=\"auto\"> lietot\u0101ju v\u0113lmes un aktivit\u0101tesanal\u012bze;<\/span><\/li>\n<li><span data-contrast=\"auto\"> piel\u0101got rekl\u0101masvietn\u0113sr\u0101d\u012bto rekl\u0101mu saturu, piem\u0113ram\u00a0Google (atk\u0101rtots m\u0101rketings);<\/span><span data-ccp-props=\"{&quot;201341983&quot;:0,&quot;335559739&quot;:160,&quot;335559740&quot;:259}\">\u00a0<\/span><\/li>\n<li><span data-contrast=\"auto\"> apdro\u0161in\u0101t\u0101jam veikto darb\u012bbu efektivit\u0101tes nov\u0113rt\u0113\u0161ana, piem\u0113ram, Google, fili\u0101\u013cu t\u012bklos, partneru programm\u0101s;<\/span><\/li>\n<li><span data-contrast=\"auto\"> tre\u0161o pu\u0161u failu, piem\u0113ram, saist\u012bto t\u012bklu, ievie\u0161ana, izmantojot Google tagu p\u0101rvaldnieku &#8211; vair\u0101k inform\u0101cijas:<\/span><a href=\"https:\/\/www.google.com\/analytics\/tag-manager\/use-policy\/\"><span data-contrast=\"none\">nospied \u0161eit<\/span><\/a><span data-contrast=\"auto\">;<\/span><\/li>\n<li><span data-contrast=\"auto\"> atcer\u0113tiespiekri\u0161anas tr\u016bkumulai n\u0101kotn\u0113 par\u0101d\u012btu noteiktu saturu.<\/span><span data-ccp-props=\"{&quot;201341983&quot;:0,&quot;335559739&quot;:160,&quot;335559740&quot;:259}\">\u00a0<\/span><\/li>\n<\/ul>\n<h3><span data-contrast=\"none\">Tre\u0161\u0101s puses s\u012bkdatnes<\/span><span data-ccp-props=\"{&quot;201341983&quot;:0,&quot;335559739&quot;:160,&quot;335559740&quot;:259}\">\u00a0<\/span><\/h3>\n<p><span data-contrast=\"auto\">M\u0113s izmantojam vai ar\u012b varam izmantot tre\u0161o personu s\u012bkdatnes, t.i. s\u012bkdatnes, kuras vietn\u0113 ievietoju\u0161i m\u016bsu partneri,\u00a0ti.:<\/span><span data-ccp-props=\"{&quot;201341983&quot;:0,&quot;335559739&quot;:160,&quot;335559740&quot;:259}\">\u00a0<\/span><\/p>\n<ul>\n<li data-leveltext=\"\uf0b7\" data-font=\"Symbol\" data-listid=\"2\" aria-setsize=\"-1\" data-aria-posinset=\"1\" data-aria-level=\"1\"><span data-contrast=\"auto\">Google<\/span><span data-ccp-props=\"{&quot;134233279&quot;:true,&quot;201341983&quot;:0,&quot;335559685&quot;:284,&quot;335559739&quot;:160,&quot;335559740&quot;:259,&quot;335559991&quot;:284}\">\u00a0<\/span><\/li>\n<li data-leveltext=\"\uf0b7\" data-font=\"Symbol\" data-listid=\"2\" aria-setsize=\"-1\" data-aria-posinset=\"2\" data-aria-level=\"1\"><span data-contrast=\"auto\">Facebook<\/span><span data-ccp-props=\"{&quot;134233279&quot;:true,&quot;201341983&quot;:0,&quot;335559685&quot;:284,&quot;335559739&quot;:160,&quot;335559740&quot;:259,&quot;335559991&quot;:284}\">\u00a0<\/span><\/li>\n<li data-leveltext=\"\uf0b7\" data-font=\"Symbol\" data-listid=\"2\" aria-setsize=\"-1\" data-aria-posinset=\"3\" data-aria-level=\"1\"><span data-contrast=\"auto\">Hotjar<\/span><span data-ccp-props=\"{&quot;134233279&quot;:true,&quot;201341983&quot;:0,&quot;335559685&quot;:284,&quot;335559739&quot;:160,&quot;335559740&quot;:259,&quot;335559991&quot;:284}\">\u00a0<\/span><\/li>\n<\/ul>\n<h3><span data-contrast=\"none\">S\u012bkdatnes un lietot\u0101ju trafika un uzved\u012bbas anal\u012bze<\/span><span data-ccp-props=\"{&quot;201341983&quot;:0,&quot;335559739&quot;:160,&quot;335559740&quot;:259}\">\u00a0<\/span><\/h3>\n<p><span data-contrast=\"auto\">Lai analiz\u0113tu un uzlabotu m\u016bsu servisu darb\u012bbu, m\u0113s izmantojam Google\u00a0Inc. pied\u0101v\u0101tos pakalpojumus un rekl\u0101mas funkcijas, ko nodro\u0161ina Google\u00a0Inc. Google Analytics sa\u0146emtos datus apstr\u0101d\u0101 kolekt\u012bv\u0101 un\u00a0anon\u012bm\u0101\u00a0veid\u0101, t\u0101p\u0113c nav iesp\u0113jams identific\u0113t personu, kuras dati b\u016btu ieg\u016bti. Google Analytics izmanto s\u012bkfailus, lai analiz\u0113tu vietnes izmanto\u0161anu uz izveidotu\u00a0apkopotu statistiku \/ p\u0101rskatus par apmekl\u0113t\u0101jiem. Turkl\u0101t, pateicoties Google Analytics reklam\u0113\u0161anas funkcijai, m\u0113s varam:<\/span><span data-ccp-props=\"{&quot;201341983&quot;:0,&quot;335559739&quot;:160,&quot;335559740&quot;:259}\">\u00a0<\/span><\/p>\n<ul>\n<li data-leveltext=\"\uf0b7\" data-font=\"Symbol\" data-listid=\"3\" aria-setsize=\"-1\" data-aria-posinset=\"1\" data-aria-level=\"1\"><span data-contrast=\"auto\">izmantot atk\u0101rtoto m\u0101rketingu, izmantojot Google Analytics;<\/span><span data-ccp-props=\"{&quot;134233279&quot;:true,&quot;201341983&quot;:0,&quot;335559685&quot;:284,&quot;335559739&quot;:160,&quot;335559740&quot;:259,&quot;335559991&quot;:284}\">\u00a0<\/span><\/li>\n<li data-leveltext=\"\uf0b7\" data-font=\"Symbol\" data-listid=\"3\" aria-setsize=\"-1\" data-aria-posinset=\"2\" data-aria-level=\"1\"><span data-contrast=\"auto\">sagatavot p\u0101rskatus par skat\u012bjumiem Google rekl\u0101mas t\u012bkl\u0101;<\/span><span data-ccp-props=\"{&quot;134233279&quot;:true,&quot;201341983&quot;:0,&quot;335559685&quot;:284,&quot;335559739&quot;:160,&quot;335559740&quot;:259,&quot;335559991&quot;:284}\">\u00a0<\/span><\/li>\n<li data-leveltext=\"\uf0b7\" data-font=\"Symbol\" data-listid=\"3\" aria-setsize=\"-1\" data-aria-posinset=\"3\" data-aria-level=\"1\"><span data-contrast=\"auto\">sagatavot p\u0101rskatus par demogr\u0101fiju un interes\u0113m Google Analytics<\/span><span data-ccp-props=\"{&quot;134233279&quot;:true,&quot;201341983&quot;:0,&quot;335559685&quot;:284,&quot;335559739&quot;:160,&quot;335559740&quot;:259,&quot;335559991&quot;:284}\">\u00a0<\/span><\/li>\n<\/ul>\n<ul>\n<li data-leveltext=\"\uf0b7\" data-font=\"Symbol\" data-listid=\"3\" aria-setsize=\"-1\" data-aria-posinset=\"1\" data-aria-level=\"1\"><span data-contrast=\"auto\">izmantot integr\u0113tus pakalpojumus, kuriem nepiecie\u0161ams Google Analytics, lai v\u0101ktu datus rekl\u0101mas nol\u016bkos, ieskaitot identifikatoru un rekl\u0101mas s\u012bkdat\u0146u izmanto\u0161anu.<\/span><span data-ccp-props=\"{&quot;134233279&quot;:true,&quot;201341983&quot;:0,&quot;335559685&quot;:284,&quot;335559739&quot;:160,&quot;335559740&quot;:259,&quot;335559991&quot;:284}\">\u00a0<\/span><\/li>\n<\/ul>\n<p><span data-contrast=\"auto\">Jebkur\u0101 laik\u0101 varat main\u012bt savus rekl\u0101mu iestat\u012bjumus Google t\u012bkl\u0101, tostarp atsp\u0113jot rekl\u0101mu personaliz\u0113\u0161anu, kas \u013cauj Google izmantot inform\u0101ciju par j\u016bsu darb\u012bb\u0101m j\u016bsu Google kont\u0101, inform\u0101ciju, kas glab\u0101jas Google pakalpojumos (piem\u0113ram, mekl\u0113t\u0101jprogramm\u0101 un\u00a0YouTube), un\u00a0p\u0101rl\u016bko\u0161anas datus no Google partnera vietnes un lietojumprogrammas. Rekl\u0101mu iestat\u012bjumus varat main\u012bt vietn\u0113\u00a0<\/span><a href=\"https:\/\/adssettings.google.com\/\"><span data-contrast=\"none\">nospied \u0161eit<\/span><\/a><span data-contrast=\"auto\">.<\/span><span data-ccp-props=\"{&quot;201341983&quot;:0,&quot;335559739&quot;:160,&quot;335559740&quot;:259}\">\u00a0<\/span><\/p>\n<p><span data-contrast=\"auto\">Ja nev\u0113laties, lai Google Analytics apkopotu datus par j\u016bsu darb\u012bb\u0101m vietn\u0113, varat izmantot Google Analytics blo\u0137\u0113jo\u0161\u0101 p\u0101rl\u016bka papildin\u0101jumu. Lai to izdar\u012btu, lejupiel\u0101d\u0113jiet un instal\u0113jiet bezmaksas spraudni, kas pieejams vietn\u0113\u00a0<\/span><a href=\"https:\/\/tools.google.com\/dlpage\/gaoptout\/?hl=en\"><span data-contrast=\"none\">nospied \u0161eit<\/span><\/a><span data-contrast=\"auto\">. Tad Google Analytics neapkopos datus par vietnes apmekl\u0113jumiem, un jums joproj\u0101m b\u016bs piek\u013cuve vietnei.<\/span><span data-ccp-props=\"{&quot;201341983&quot;:0,&quot;335559739&quot;:160,&quot;335559740&quot;:259}\">\u00a0<\/span><\/p>\n<p><span data-contrast=\"auto\">Detaliz\u0113ta inform\u0101cija par datu v\u0101k\u0161anas un apstr\u0101des metodi pakalpojum\u0101 Google Analytics ir pieejama vietn\u0113\u00a0<\/span><a href=\"https:\/\/policies.google.com\/privacy\/partners?hl=lv\"><span data-contrast=\"none\">nospied\u00a0\u0161eit<\/span><\/a><span data-contrast=\"auto\">, savuk\u0101rt Google\u00a0Inc. pilna konfidencialit\u0101tes politika ir pieejams vietn\u0113\u00a0<\/span><a href=\"https:\/\/policies.google.com\/privacy?hl=lv\"><span data-contrast=\"none\">nospied \u0161eit<\/span><\/a><span data-contrast=\"auto\">.\u00a0<\/span><span data-ccp-props=\"{&quot;201341983&quot;:0,&quot;335559739&quot;:160,&quot;335559740&quot;:259}\">\u00a0<\/span><\/p>\n<h3><span data-contrast=\"none\">S\u012bkfailu iestat\u012bjumu main\u012b\u0161ana t\u012bmek\u013ca p\u0101rl\u016bkprogramm\u0101<\/span><span data-ccp-props=\"{&quot;201341983&quot;:0,&quot;335559739&quot;:160,&quot;335559740&quot;:259}\">\u00a0<\/span><\/h3>\n<p><span data-contrast=\"auto\">Main\u012bt s\u012bkfailu glab\u0101\u0161anas vai sa\u0146em\u0161anas nosac\u012bjumus ir iesp\u0113jams, konfigur\u0113jot iestat\u012bjumus t\u012bmek\u013ca p\u0101rl\u016bkprogramm\u0101s, tostarp:<\/span><span data-ccp-props=\"{&quot;201341983&quot;:0,&quot;335559739&quot;:160,&quot;335559740&quot;:259}\">\u00a0<\/span><\/p>\n<ul>\n<li><span data-contrast=\"auto\"> p\u0101rl\u016bkprogramm\u0101<\/span><a href=\"https:\/\/support.google.com\/chrome\/answer\/95647?hl=lv\"><span data-contrast=\"none\">Chrome<\/span><\/a><\/li>\n<li><span data-contrast=\"auto\"> p\u0101rl\u016bkprogramm\u0101<\/span><a href=\"https:\/\/support.microsoft.com\/lv-lv\/windows\/s%C4%ABkfailu-dz%C4%93%C5%A1ana-un-p%C4%81rvald%C4%ABba-168dab11-0753-043d-7c16-ede5947fc64d\"><span data-contrast=\"none\">Internet Explorer<\/span><\/a><\/li>\n<li><span data-contrast=\"auto\"> p\u0101rl\u016bkprogramm\u0101<\/span><a href=\"https:\/\/support.mozilla.org\/en-US\/kb\/cookies-information-websites-store-on-your-computer?redirectslug=Cookies&amp;redirectlocale=en-US\"><span data-contrast=\"none\">MozillaFirefox<\/span><\/a><span data-ccp-props=\"{&quot;201341983&quot;:0,&quot;335559739&quot;:160,&quot;335559740&quot;:259}\">\u00a0<\/span><\/li>\n<li><span data-contrast=\"auto\"> p\u0101rl\u016bkprogramm\u0101<\/span><a href=\"https:\/\/help.opera.com\/en\/latest\/web-preferences\/#cookies\"><span data-contrast=\"none\">Opera<\/span><\/a><\/li>\n<li><span data-contrast=\"auto\"> p\u0101rl\u016bkprogramm\u0101<\/span><a href=\"https:\/\/support.apple.com\/en-euro\/guide\/safari\/sfri11471\/mac\"><span data-contrast=\"none\">Safari<\/span><\/a><\/li>\n<\/ul>\n","protected":false},"excerpt":{"rendered":"Kas ir s\u012bkdatnes?\u00a0 S\u012bkdatnes jeb s\u012bkfaili ir nelieli tekstveida faili, kas tiek ats\u016bt\u012bti uz J\u016bsu ier\u012bci, Jums apmekl\u0113jot attiec\u012bgo interneta vietni.\u00a0S\u012bkdatn\u0113s ietvert\u0101 inform\u0101cija \u013cauj tos las\u012bt tikai vietnei, kas t\u0101s ir izveidojusi. Taj\u0101 pa\u0161\u0101 laik\u0101 vietnei nav piek\u013cuves citiem failiem, kas atrodas lietot\u0101ja dator\u0101.\u00a0 WAGAS S.A. izmantoto s\u012bkdat\u0146u veidi\u00a0 K\u0101 da\u013cu no t\u012bmek\u013ca vietn\u0113m\u00a0wagas.pl un&#8230; <a class=\"view-article\" href=\"https:\/\/wagas.eu\/lv\/sikdatnu-politika\/\">View Article<\/a>","protected":false},"author":1,"featured_media":0,"parent":0,"menu_order":0,"comment_status":"closed","ping_status":"closed","template":"","meta":{"footnotes":""},"_links":{"self":[{"href":"https:\/\/wagas.eu\/lv\/wp-json\/wp\/v2\/pages\/3369"}],"collection":[{"href":"https:\/\/wagas.eu\/lv\/wp-json\/wp\/v2\/pages"}],"about":[{"href":"https:\/\/wagas.eu\/lv\/wp-json\/wp\/v2\/types\/page"}],"author":[{"embeddable":true,"href":"https:\/\/wagas.eu\/lv\/wp-json\/wp\/v2\/users\/1"}],"replies":[{"embeddable":true,"href":"https:\/\/wagas.eu\/lv\/wp-json\/wp\/v2\/comments?post=3369"}],"version-history":[{"count":3,"href":"https:\/\/wagas.eu\/lv\/wp-json\/wp\/v2\/pages\/3369\/revisions"}],"predecessor-version":[{"id":7989,"href":"https:\/\/wagas.eu\/lv\/wp-json\/wp\/v2\/pages\/3369\/revisions\/7989"}],"wp:attachment":[{"href":"https:\/\/wagas.eu\/lv\/wp-json\/wp\/v2\/media?parent=3369"}],"curies":[{"name":"wp","href":"https:\/\/api.w.org\/{rel}","templated":true}]}}