{"id":3371,"date":"2019-04-09T15:52:15","date_gmt":"2019-04-09T13:52:15","guid":{"rendered":"http:\/\/www.sandis.type.pl\/wagas\/bg\/cookie-policy\/"},"modified":"2021-06-02T17:08:50","modified_gmt":"2021-06-02T15:08:50","slug":"politica-privind-cookie","status":"publish","type":"page","link":"https:\/\/wagas.eu\/ro\/politica-privind-cookie\/","title":{"rendered":"Politica privind cookie"},"content":{"rendered":"<h3><span data-contrast=\"none\">Ce sunt cookie-urile?\u00a0<\/span><span data-ccp-props=\"{}\">\u00a0<\/span><\/h3>\n<p><span data-contrast=\"auto\">Fi\u0219ierele cookie (cookie-uri) sunt fi\u0219iere text trimise de site-urile web vizitate \u0219i apoi desc\u0103rcate pe computerul utilizatorului. Informa\u021biile con\u021binute \u00een cookie-uri le permit s\u0103 fie citite numai de site-ul web care le-a creat. \u00cen acela\u0219i timp, site-ul web nu are acces la alte fi\u0219iere care se afl\u0103 pe computerul utilizatorului<\/span><span data-contrast=\"auto\">.<\/span><span data-ccp-props=\"{}\">\u00a0<\/span><\/p>\n<p><span data-ccp-props=\"{}\">\u00a0<\/span><\/p>\n<h3><span data-contrast=\"none\">Tipuri de cookie-uri utilizate de WAGAS S.A.\u00a0<\/span><span data-ccp-props=\"{}\">\u00a0<\/span><\/h3>\n<p><span data-contrast=\"auto\">Ca\u00a0parte a site-urilor web rulate\u00a0pe wagas.pl \u0219i wagas.eu \u0219i aplica\u021biile mobile WAGAS S.A. pot fi utilizate dou\u0103 tipuri de cookie-uri:\u00a0<\/span><span data-ccp-props=\"{}\">\u00a0<\/span><\/p>\n<ul>\n<li><span data-contrast=\"auto\"> permanente- r\u0103m\u00e2n pe dispozitivul utilizatorului p\u00e2n\u0103 c\u00e2nd sunt \u0219terse manual de c\u0103tre utilizator sau pentru timpul specificat \u00een parametrii fi\u0219ierului;<\/span><\/li>\n<li><span data-contrast=\"auto\"> sesiuni- acestea r\u0103m\u00e2n pe dispozitivul utilizatorului p\u00e2n\u0103 c\u00e2nd software-ul\u00a0( pagina\u00a0web) este oprit sau\u00a0p\u00e2n\u0103 c\u00e2nd site-ul web este p\u0103r\u0103sit.<\/span><span data-ccp-props=\"{}\">\u00a0<\/span><\/li>\n<\/ul>\n<p><span data-ccp-props=\"{}\">\u00a0<\/span><\/p>\n<h3><span data-contrast=\"none\">Scopul utiliz\u0103rii cookie-urilor\u00a0<\/span><span data-ccp-props=\"{}\">\u00a0<\/span><\/h3>\n<p><span data-contrast=\"auto\">Cookie-urile utilizate de site permit ajustarea adecvat\u0103 a informa\u021biilor afi\u0219ate pe site \u0219i personalizarea con\u021binutului prezentat. De asemenea, v\u0103 permit s\u0103 m\u0103sura\u021bi interac\u021biunile utilizatorilor pe site-uri web. Cookie-urile sunt utilizate pentru a ajusta \u0219i \u00eembun\u0103t\u0103\u021bi func\u021bionarea site-urilor web \u0219i a aplica\u021biilor, precum \u0219i pentru a m\u0103sura efectele ac\u021biunilor efectuate ca parte a site-ului web.<\/span><span data-ccp-props=\"{}\">\u00a0<\/span><\/p>\n<h3><span data-contrast=\"auto\">Exemple de utilizare a cookie-urilor pe site:\u00a0<\/span><span data-ccp-props=\"{}\">\u00a0<\/span><\/h3>\n<ul>\n<li><span data-contrast=\"auto\"> ajustareareclamelor afi\u0219ate pe site;\u00a0<\/span><\/li>\n<li><span data-contrast=\"auto\"> analizarea preferin\u021belor utilizatorilor \u0219i a activit\u0103\u021bii pe site;\u00a0<\/span><\/li>\n<li><span data-contrast=\"auto\"> ajustarea con\u021binutului reclamelor afi\u0219ate \u00een re\u021beaua publicitar\u0103, printre altele. Google (re-marketing);<\/span><\/li>\n<li><span data-contrast=\"auto\"> m\u0103surarea eficien\u021bei ac\u021biunilor \u00eentreprinse pentru asigur\u0103tor, de ex. \u00cen Google, re\u021belele afiliate, programele partenere;\u00a0<\/span><\/li>\n<li><span data-contrast=\"auto\"> implementarea fi\u0219ierelor ter\u021b\u0103 parte, de exemplu re\u021bele afiliate prin Google Tag Manager &#8211; mai multe informa\u021bii pute\u021bi g\u0103si<\/span><a href=\"https:\/\/www.google.com\/analytics\/tag-manager\/use-policy\/\"><span data-contrast=\"none\">aici<\/span><\/a><span data-contrast=\"auto\">.<\/span><\/li>\n<li><span data-contrast=\"auto\"> memorareadezacordului de a afi\u0219a un anumit con\u021binut \u00een viitor.<\/span><span data-ccp-props=\"{}\">\u00a0<\/span><\/li>\n<\/ul>\n<p><span data-ccp-props=\"{}\">\u00a0<\/span><\/p>\n<h3><span data-contrast=\"none\">Cookie-uri de la parteneri<\/span><span data-ccp-props=\"{}\">\u00a0<\/span><\/h3>\n<p><span data-contrast=\"auto\">Folosim sau putem folosi cookie-uri ale unor ter\u021be p\u0103r\u021bi, adic\u0103 cookie-uri postate pe site de c\u0103tre partenerii no\u0219tri, adic\u0103:<\/span><span data-ccp-props=\"{}\">\u00a0<\/span><\/p>\n<ul>\n<li data-leveltext=\"\uf0b7\" data-font=\"Symbol\" data-listid=\"6\" aria-setsize=\"-1\" data-aria-posinset=\"1\" data-aria-level=\"1\"><span data-contrast=\"auto\">Google<\/span><span data-ccp-props=\"{}\">\u00a0<\/span><\/li>\n<li data-leveltext=\"\uf0b7\" data-font=\"Symbol\" data-listid=\"6\" aria-setsize=\"-1\" data-aria-posinset=\"2\" data-aria-level=\"1\"><span data-contrast=\"auto\">Facebook<\/span><span data-ccp-props=\"{}\">\u00a0<\/span><\/li>\n<li data-leveltext=\"\uf0b7\" data-font=\"Symbol\" data-listid=\"6\" aria-setsize=\"-1\" data-aria-posinset=\"3\" data-aria-level=\"1\"><span data-contrast=\"auto\">Hotjar<\/span><span data-ccp-props=\"{}\">\u00a0<\/span><\/li>\n<\/ul>\n<p><span data-ccp-props=\"{}\">\u00a0<\/span><\/p>\n<h3><span data-contrast=\"none\">Cookie \u0219i analiza\u00a0mi\u0219c\u0103rilor\u00a0\u0219i comportamentului utilizatorilor\u00a0<\/span><span data-ccp-props=\"{}\">\u00a0<\/span><\/h3>\n<p><span data-contrast=\"auto\">Pentru a analiza \u0219i \u00eembun\u0103t\u0103\u021bi func\u021bionarea site-ului nostru web, folosim serviciile \u0219i func\u021biile de publicitate oferite de Google Analytics furnizate de Google Inc. Google Analytics prelucr\u0103m\u00a0datele primite \u00eentr-un mod colectiv \u0219i anonim, astfel \u00eenc\u00e2t nu este posibil\u0103 identificarea unei singure persoane ale c\u0103rei date au fost ob\u021binute. Google Analytics folose\u0219te cookie-uri pentru a analiza modul \u00een care utiliza\u021bi site-ul web \u0219i pentru a crea statistici \/ rapoarte agregate despre vizitatori. \u00cen plus, datorit\u0103 func\u021biei de publicitate Google Analytics, putem:\u00a0<\/span><span data-ccp-props=\"{}\">\u00a0<\/span><\/p>\n<ul>\n<li><span data-contrast=\"auto\"> folosire-marketingul cu utilizarea Google Analytics;\u00a0<\/span><\/li>\n<li><span data-contrast=\"auto\"> preg\u0103tirapoarte despre vizualiz\u0103ri \u00een Re\u021beaua de anun\u021buriGoogle;\u00a0<\/span><span data-ccp-props=\"{}\">\u00a0<\/span><\/li>\n<li><span data-contrast=\"auto\"> preg\u0103tirapoarte privind datele demografice \u0219i interesele din Google Analytics;\u00a0<\/span><\/li>\n<li><span data-contrast=\"auto\"> utilizaservicii integrate care necesit\u0103 Google Analytics pentru a colecta date \u00een scopuri publicitare, inclusiv utilizarea identificatorilor \u0219i a cookie-urilor publicitare.<\/span><\/li>\n<\/ul>\n<p><span data-ccp-props=\"{}\">\u00a0<\/span><\/p>\n<p><span data-contrast=\"auto\">Pute\u021bi modifica \u00een orice moment\u00a0set\u0103rile anun\u021burilor \u00een cadrul Google, inclusiv dezactivarea personaliz\u0103rii anun\u021burilor, care permite companiei Google s\u0103 foloseasc\u0103 informa\u021bii despre\u00a0activitatea dvs. din contul\u00a0Google, informa\u021bii stocate \u00een serviciile Google (cum ar fi motorul de c\u0103utare \u0219i YouTube) \u0219i datele de navigare de la partenerul Google site-uri \u0219i aplica\u021bii. Pute\u021bi modifica set\u0103rile pentru anun\u021buri\u00a0<\/span><a href=\"https:\/\/adssettings.google.com\/\"><span data-contrast=\"none\">aici<\/span><\/a><span data-contrast=\"auto\">.\u00a0<\/span><span data-ccp-props=\"{}\">\u00a0<\/span><\/p>\n<p><span data-contrast=\"auto\">Dac\u0103 nu dori\u021bi ca Google Analytics s\u0103 colecteze date despre activitatea dvs. pe site, pute\u021bi utiliza programul de completare pentru browserul de blocare Google Analytics. Pentru aceasta, desc\u0103rca\u021bi \u0219i instala\u021bi\u00a0un plug-in gratuit disponibil\u00a0<\/span><a href=\"https:\/\/policies.google.com\/technologies\/partner-sites?hl=ro\"><span data-contrast=\"none\">aici<\/span><\/a><span data-contrast=\"auto\">. Atunci Google Analytics nu va colecta date despre vizitele pe site-ul web \u0219i ve\u021bi avea \u00een continuare acces la site-ul web.<\/span><span data-ccp-props=\"{}\">\u00a0<\/span><\/p>\n<p><span data-ccp-props=\"{}\">\u00a0<\/span><\/p>\n<p><span data-contrast=\"auto\">Informa\u021bii detaliate despre modul \u00een care datele sunt colectate \u0219i procesate de Google Analytics sunt\u00a0disponibile\u00a0<\/span><a href=\"https:\/\/policies.google.com\/technologies\/partner-sites?hl=ro\"><span data-contrast=\"none\">aici<\/span><\/a><span data-contrast=\"auto\">\u00a0, \u00een\u00a0timp ce politica de confiden\u021bialitate complet\u0103 a Google Inc.\u00a0este disponibile\u00a0<\/span><a href=\"https:\/\/policies.google.com\/privacy?hl=ro\"><span data-contrast=\"none\">aici<\/span><\/a><span data-contrast=\"auto\">.\u00a0<\/span><span data-ccp-props=\"{}\">\u00a0<\/span><\/p>\n<p><span data-ccp-props=\"{}\">\u00a0<\/span><\/p>\n<h3><span data-contrast=\"none\">Modificarea set\u0103rilor cookie \u00een browser-ul web<\/span><span data-ccp-props=\"{}\">\u00a0<\/span><\/h3>\n<p><span data-contrast=\"auto\">Schimbarea condi\u021biilor de stocare sau primire a cookie-urilor este posibil\u0103 prin configurarea set\u0103rilor \u00een browserele\u00a0web, inclusiv:<\/span><span data-ccp-props=\"{}\">\u00a0<\/span><\/p>\n<ul>\n<li data-leveltext=\"\uf0b7\" data-font=\"Symbol\" data-listid=\"7\" aria-setsize=\"-1\" data-aria-posinset=\"1\" data-aria-level=\"1\"><span data-contrast=\"none\">\u00een browser-ul\u00a0<\/span><a href=\"https:\/\/support.google.com\/chrome\/answer\/95647?hl=ro\"><span data-contrast=\"none\">Chrome<\/span><\/a><span data-ccp-props=\"{&quot;134233117&quot;:true,&quot;335559739&quot;:150}\">\u00a0<\/span><\/li>\n<li data-leveltext=\"\uf0b7\" data-font=\"Symbol\" data-listid=\"7\" aria-setsize=\"-1\" data-aria-posinset=\"2\" data-aria-level=\"1\"><span data-contrast=\"none\">\u00een browser-ul\u00a0<\/span><a href=\"https:\/\/support.microsoft.com\/ro-ro\/windows\/%C8%99tergerea-%C8%99i-gestionarea-modulelor-cookie-168dab11-0753-043d-7c16-ede5947fc64d\"><span data-contrast=\"none\">Internet Explorer<\/span><\/a><span data-ccp-props=\"{&quot;134233117&quot;:true,&quot;335559739&quot;:150}\">\u00a0<\/span><\/li>\n<\/ul>\n<ul>\n<li data-leveltext=\"\uf0b7\" data-font=\"Symbol\" data-listid=\"7\" aria-setsize=\"-1\" data-aria-posinset=\"1\" data-aria-level=\"1\"><span data-contrast=\"none\">\u00een browser-ul\u00a0<\/span><a href=\"https:\/\/support.mozilla.org\/ro\/kb\/cookie-urile\"><span data-contrast=\"none\">Mozilla Firefox<\/span><\/a><span data-ccp-props=\"{&quot;134233117&quot;:true,&quot;335559739&quot;:150}\">\u00a0<\/span><\/li>\n<li data-leveltext=\"\uf0b7\" data-font=\"Symbol\" data-listid=\"7\" aria-setsize=\"-1\" data-aria-posinset=\"2\" data-aria-level=\"1\"><span data-contrast=\"none\">\u00een browser-ul\u00a0<\/span><a href=\"https:\/\/help.opera.com\/en\/latest\/web-preferences\/\"><span data-contrast=\"none\">Opera<\/span><\/a><span data-ccp-props=\"{&quot;134233117&quot;:true,&quot;335559739&quot;:150}\">\u00a0<\/span><\/li>\n<li data-leveltext=\"\uf0b7\" data-font=\"Symbol\" data-listid=\"7\" aria-setsize=\"-1\" data-aria-posinset=\"3\" data-aria-level=\"1\"><span data-contrast=\"none\">\u00een browser-ul\u00a0<\/span><a href=\"https:\/\/support.apple.com\/ro-ro\/guide\/safari\/sfri11471\/mac\"><span data-contrast=\"none\">Safari<\/span><\/a><span data-ccp-props=\"{&quot;134233117&quot;:true,&quot;335559739&quot;:150}\">\u00a0<\/span><\/li>\n<\/ul>\n<p><span data-ccp-props=\"{}\">\u00a0<\/span><\/p>\n","protected":false},"excerpt":{"rendered":"Ce sunt cookie-urile?\u00a0\u00a0 Fi\u0219ierele cookie (cookie-uri) sunt fi\u0219iere text trimise de site-urile web vizitate \u0219i apoi desc\u0103rcate pe computerul utilizatorului. Informa\u021biile con\u021binute \u00een cookie-uri le permit s\u0103 fie citite numai de site-ul web care le-a creat. \u00cen acela\u0219i timp, site-ul web nu are acces la alte fi\u0219iere care se afl\u0103 pe computerul utilizatorului.\u00a0 \u00a0 Tipuri&#8230; <a class=\"view-article\" href=\"https:\/\/wagas.eu\/ro\/politica-privind-cookie\/\">Vezi Articol<\/a>","protected":false},"author":1,"featured_media":0,"parent":0,"menu_order":0,"comment_status":"closed","ping_status":"closed","template":"","meta":{"footnotes":""},"_links":{"self":[{"href":"https:\/\/wagas.eu\/ro\/wp-json\/wp\/v2\/pages\/3371"}],"collection":[{"href":"https:\/\/wagas.eu\/ro\/wp-json\/wp\/v2\/pages"}],"about":[{"href":"https:\/\/wagas.eu\/ro\/wp-json\/wp\/v2\/types\/page"}],"author":[{"embeddable":true,"href":"https:\/\/wagas.eu\/ro\/wp-json\/wp\/v2\/users\/1"}],"replies":[{"embeddable":true,"href":"https:\/\/wagas.eu\/ro\/wp-json\/wp\/v2\/comments?post=3371"}],"version-history":[{"count":3,"href":"https:\/\/wagas.eu\/ro\/wp-json\/wp\/v2\/pages\/3371\/revisions"}],"predecessor-version":[{"id":7991,"href":"https:\/\/wagas.eu\/ro\/wp-json\/wp\/v2\/pages\/3371\/revisions\/7991"}],"wp:attachment":[{"href":"https:\/\/wagas.eu\/ro\/wp-json\/wp\/v2\/media?parent=3371"}],"curies":[{"name":"wp","href":"https:\/\/api.w.org\/{rel}","templated":true}]}}