{"id":11667,"date":"2021-08-27T21:28:59","date_gmt":"2021-08-27T19:28:59","guid":{"rendered":"https:\/\/wagas.eu\/terms-and-conditions-database\/"},"modified":"2021-09-07T12:30:29","modified_gmt":"2021-09-07T10:30:29","slug":"databaza-vpp","status":"publish","type":"page","link":"https:\/\/wagas.eu\/sk\/databaza-vpp\/","title":{"rendered":"Datab\u00e1za V\u0161eobecn\u00fdch poistn\u00fdch podmienok"},"content":{"rendered":"<p>1<\/p>\n","protected":false},"excerpt":{"rendered":"1","protected":false},"author":1,"featured_media":0,"parent":0,"menu_order":0,"comment_status":"closed","ping_status":"closed","template":"page-OWU.php","meta":{"footnotes":""},"_links":{"self":[{"href":"https:\/\/wagas.eu\/sk\/wp-json\/wp\/v2\/pages\/11667"}],"collection":[{"href":"https:\/\/wagas.eu\/sk\/wp-json\/wp\/v2\/pages"}],"about":[{"href":"https:\/\/wagas.eu\/sk\/wp-json\/wp\/v2\/types\/page"}],"author":[{"embeddable":true,"href":"https:\/\/wagas.eu\/sk\/wp-json\/wp\/v2\/users\/1"}],"replies":[{"embeddable":true,"href":"https:\/\/wagas.eu\/sk\/wp-json\/wp\/v2\/comments?post=11667"}],"version-history":[{"count":6,"href":"https:\/\/wagas.eu\/sk\/wp-json\/wp\/v2\/pages\/11667\/revisions"}],"predecessor-version":[{"id":12703,"href":"https:\/\/wagas.eu\/sk\/wp-json\/wp\/v2\/pages\/11667\/revisions\/12703"}],"wp:attachment":[{"href":"https:\/\/wagas.eu\/sk\/wp-json\/wp\/v2\/media?parent=11667"}],"curies":[{"name":"wp","href":"https:\/\/api.w.org\/{rel}","templated":true}]}}