{"id":3247,"date":"2021-05-07T18:09:53","date_gmt":"2021-05-07T16:09:53","guid":{"rendered":"http:\/\/www.sandis.type.pl\/wagas\/bg\/%d0%bb%d0%b8%d0%ba%d0%b2%d0%b8%d0%b4%d0%b0%d1%86%d0%b8%d1%8f-%d0%bd%d0%b0-%d1%89%d0%b5%d1%82%d0%b8\/"},"modified":"2022-10-12T14:39:41","modified_gmt":"2022-10-12T12:39:41","slug":"likvidacia-skod","status":"publish","type":"page","link":"https:\/\/wagas.eu\/sk\/produkty\/likvidacia-skod\/","title":{"rendered":"LIKVID\u00c1CIA \u0160K\u00d4D"},"content":{"rendered":"","protected":false},"excerpt":{"rendered":"","protected":false},"author":1,"featured_media":0,"parent":3312,"menu_order":0,"comment_status":"closed","ping_status":"closed","template":"page-szkody.php","meta":{"footnotes":""},"_links":{"self":[{"href":"https:\/\/wagas.eu\/sk\/wp-json\/wp\/v2\/pages\/3247"}],"collection":[{"href":"https:\/\/wagas.eu\/sk\/wp-json\/wp\/v2\/pages"}],"about":[{"href":"https:\/\/wagas.eu\/sk\/wp-json\/wp\/v2\/types\/page"}],"author":[{"embeddable":true,"href":"https:\/\/wagas.eu\/sk\/wp-json\/wp\/v2\/users\/1"}],"replies":[{"embeddable":true,"href":"https:\/\/wagas.eu\/sk\/wp-json\/wp\/v2\/comments?post=3247"}],"version-history":[{"count":4,"href":"https:\/\/wagas.eu\/sk\/wp-json\/wp\/v2\/pages\/3247\/revisions"}],"predecessor-version":[{"id":17024,"href":"https:\/\/wagas.eu\/sk\/wp-json\/wp\/v2\/pages\/3247\/revisions\/17024"}],"up":[{"embeddable":true,"href":"https:\/\/wagas.eu\/sk\/wp-json\/wp\/v2\/pages\/3312"}],"wp:attachment":[{"href":"https:\/\/wagas.eu\/sk\/wp-json\/wp\/v2\/media?parent=3247"}],"curies":[{"name":"wp","href":"https:\/\/api.w.org\/{rel}","templated":true}]}}