{"id":3372,"date":"2019-04-09T15:52:15","date_gmt":"2019-04-09T13:52:15","guid":{"rendered":"http:\/\/www.sandis.type.pl\/wagas\/bg\/cookie-policy\/"},"modified":"2021-06-02T17:14:54","modified_gmt":"2021-06-02T15:14:54","slug":"politika-suborov-cookie","status":"publish","type":"page","link":"https:\/\/wagas.eu\/sk\/politika-suborov-cookie\/","title":{"rendered":"Politika s\u00faborov cookie"},"content":{"rendered":"<h3 aria-level=\"1\"><span data-contrast=\"none\">\u010co s\u00fa\u00a0cookie\u00a0s\u00fabory?<\/span><span data-ccp-props=\"{&quot;335559738&quot;:240}\">\u00a0<\/span><\/h3>\n<p><span data-contrast=\"auto\">S\u00fabory\u00a0cookie\u00a0(cookies) s\u00fa textov\u00e9 s\u00fabory odoslan\u00e9 nav\u0161t\u00edven\u00fdmi webov\u00fdmi str\u00e1nkami a potom stiahnut\u00e9 do po\u010d\u00edta\u010da u\u017e\u00edvate\u013ea. Inform\u00e1cie obsiahnut\u00e9 v\u00a0cookies\u00a0sa m\u00f4\u017eu \u010d\u00edta\u0165 len webovou str\u00e1nkou, ktor\u00e1 ich vytvorila. T\u00e1to str\u00e1nka z\u00e1rove\u0148 nem\u00e1 pr\u00edstup k \u010fal\u0161\u00edm s\u00faborom, ktor\u00e9 s\u00fa v po\u010d\u00edta\u010di u\u017e\u00edvate\u013ea.<\/span><span data-ccp-props=\"{}\">\u00a0<\/span><\/p>\n<p><span data-ccp-props=\"{}\">\u00a0<\/span><\/p>\n<h3><span data-contrast=\"none\">Typy s\u00faborov\u00a0cookie\u00a0pou\u017e\u00edvan\u00fdch spolo\u010dnos\u0165ou\u00a0WAGAS S.A.\u00a0<\/span><span data-ccp-props=\"{}\">\u00a0<\/span><\/h3>\n<p><span data-contrast=\"auto\">V r\u00e1mci webov\u00fdch str\u00e1nok wagas.pl a wagas.eu a mobiln\u00fdch aplik\u00e1ci\u00ed WAGAS S.A. m\u00f4\u017eu by\u0165 pou\u017eit\u00e9 dva typu\u00a0cookies\u00a0s\u00faborov:<\/span><span data-ccp-props=\"{}\">\u00a0<\/span><\/p>\n<p><span data-ccp-props=\"{}\">\u00a0<\/span><\/p>\n<ul>\n<li data-leveltext=\"\uf0b7\" data-font=\"Symbol\" data-listid=\"5\" aria-setsize=\"-1\" data-aria-posinset=\"1\" data-aria-level=\"1\"><span data-contrast=\"auto\">Trval\u00e9\u00a0cookies\u00a0&#8211; s\u00fa to s\u00fabory ulo\u017een\u00e9 na koncovom zariaden\u00ed u\u017e\u00edvate\u013ea po dobu uveden\u00fa v parametroch s\u00faboru\u00a0cookie\u00a0alebo do doby, ne\u017e je pou\u017e\u00edvate\u013e zma\u017ee;<\/span><span data-ccp-props=\"{&quot;134233279&quot;:true}\">\u00a0<\/span><\/li>\n<li data-leveltext=\"\uf0b7\" data-font=\"Symbol\" data-listid=\"5\" aria-setsize=\"-1\" data-aria-posinset=\"2\" data-aria-level=\"1\"><span data-contrast=\"auto\">Rela\u010dn\u00e9\u00a0cookies\u00a0&#8211; s\u00fa to do\u010dasn\u00e9 s\u00fabory, ktor\u00e9 s\u00fa ulo\u017een\u00e9 na koncovom zariaden\u00ed u\u017e\u00edvate\u013ea a\u017e do odchodu, opustenia webu alebo vypnutia\u00a0softv\u00e9ru (webov\u00fd prehliada\u010d).<\/span><span data-ccp-props=\"{&quot;134233279&quot;:true}\">\u00a0<\/span><\/li>\n<\/ul>\n<p><span data-ccp-props=\"{}\">\u00a0<\/span><\/p>\n<h3><span data-contrast=\"none\">\u00da\u010del pou\u017eitia\u00a0cookies\u00a0<\/span><span data-ccp-props=\"{}\">\u00a0<\/span><\/h3>\n<p><span data-contrast=\"auto\">S\u00fabory\u00a0cookie\u00a0pou\u017e\u00edvan\u00e9 webovou str\u00e1nkou d\u00e1vaj\u00fa mo\u017enos\u0165 pr\u00edslu\u0161nej\u00a0\u00a0\u00fapravy inform\u00e1ci\u00ed zobrazen\u00fdch na webovej str\u00e1nke a personaliz\u00e1ciu zobrazovan\u00e9ho obsahu. Umo\u017e\u0148uj\u00fa tie\u017e mera\u0165 u\u017e\u00edvate\u013esk\u00e9 interakcie na webov\u00fdch str\u00e1nkach. S\u00fabory\u00a0cookie\u00a0sa pou\u017e\u00edvaj\u00fa na \u00fapravu a zlep\u0161enie fungovania webov\u00fdch str\u00e1nok a aplik\u00e1ci\u00ed a tie\u017e na meranie \u00fa\u010dinkov akci\u00ed vykon\u00e1van\u00fdch ako s\u00fa\u010das\u0165 webov\u00fdch str\u00e1nok.<\/span><span data-ccp-props=\"{}\">\u00a0<\/span><\/p>\n<p><span data-ccp-props=\"{}\">\u00a0<\/span><\/p>\n<h3><span data-contrast=\"none\">Pr\u00edklady pou\u017eitia\u00a0cookies\u00a0na webov\u00fdch str\u00e1nkach:<\/span><span data-ccp-props=\"{&quot;201341983&quot;:2,&quot;335559739&quot;:225,&quot;335559740&quot;:330}\">\u00a0<\/span><\/h3>\n<ul>\n<li data-leveltext=\"\uf0b7\" data-font=\"Symbol\" data-listid=\"2\" aria-setsize=\"-1\" data-aria-posinset=\"1\" data-aria-level=\"1\"><span data-contrast=\"none\">lep\u0161ie prisp\u00f4sobenie rekl\u00e1m zobrazovan\u00fdch na webe;<\/span><span data-ccp-props=\"{&quot;335559738&quot;:96,&quot;335559739&quot;:96}\">\u00a0<\/span><\/li>\n<li data-leveltext=\"\uf0b7\" data-font=\"Symbol\" data-listid=\"2\" aria-setsize=\"-1\" data-aria-posinset=\"2\" data-aria-level=\"1\"><span data-contrast=\"none\">anal\u00fdza u\u017e\u00edvate\u013esk\u00fdch preferenci\u00ed a aktivity na webe;<\/span><span data-ccp-props=\"{&quot;335559738&quot;:96,&quot;335559739&quot;:96}\">\u00a0<\/span><\/li>\n<\/ul>\n<ul>\n<li data-leveltext=\"\uf0b7\" data-font=\"Symbol\" data-listid=\"2\" aria-setsize=\"-1\" data-aria-posinset=\"1\" data-aria-level=\"1\"><span data-contrast=\"none\">\u00faprava obsahu rekl\u00e1m zobrazovan\u00fdch okrem in\u00e9ho v reklamnej sieti. Google (remarketing);<\/span><span data-ccp-props=\"{&quot;335559738&quot;:96,&quot;335559739&quot;:96}\">\u00a0<\/span><\/li>\n<li data-leveltext=\"\uf0b7\" data-font=\"Symbol\" data-listid=\"2\" aria-setsize=\"-1\" data-aria-posinset=\"2\" data-aria-level=\"1\"><span data-contrast=\"none\">meranie \u00fa\u010dinnosti akci\u00ed vykon\u00e1van\u00fdch pre Pois\u0165ov\u0148u, napr. V Google, pridru\u017een\u00fdch sie\u0165ach, partnersk\u00fdch programoch;\u00a0<\/span><span data-ccp-props=\"{&quot;335559738&quot;:96,&quot;335559739&quot;:96}\">\u00a0<\/span><\/li>\n<li data-leveltext=\"\uf0b7\" data-font=\"Symbol\" data-listid=\"2\" aria-setsize=\"-1\" data-aria-posinset=\"3\" data-aria-level=\"1\"><span data-contrast=\"none\">implement\u00e1cia s\u00faborov tret\u00edch str\u00e1n, napr. pridru\u017een\u00e9 siete prostredn\u00edctvom\u00a0Google Tag Manager &#8211;\u00a0viac inform\u00e1ci\u00ed<\/span><span data-contrast=\"none\">\u202f<\/span><a href=\"https:\/\/www.google.com\/analytics\/tag-manager\/use-policy\/\"><span data-contrast=\"none\">na webe<\/span><\/a><span data-contrast=\"none\">\u00a0;<\/span><span data-ccp-props=\"{&quot;335559738&quot;:96,&quot;335559739&quot;:96}\">\u00a0<\/span><\/li>\n<li data-leveltext=\"\uf0b7\" data-font=\"Symbol\" data-listid=\"2\" aria-setsize=\"-1\" data-aria-posinset=\"4\" data-aria-level=\"1\"><span data-contrast=\"none\">ulo\u017eenie nes\u00fahlasu so zobrazovan\u00edm ur\u010dit\u00e9ho obsahu v bud\u00facnosti.<\/span><span data-contrast=\"auto\">\u00a0<\/span><span data-ccp-props=\"{&quot;335559738&quot;:96,&quot;335559739&quot;:96}\">\u00a0<\/span><\/li>\n<\/ul>\n<h3><span data-contrast=\"none\">S\u00fabory\u00a0cookie\u00a0in\u00fdch subjektov\u00a0<\/span><span data-ccp-props=\"{}\">\u00a0<\/span><\/h3>\n<p><span data-contrast=\"auto\">Pou\u017e\u00edvame alebo m\u00f4\u017eeme pou\u017e\u00edva\u0165 s\u00fabory\u00a0cookie\u00a0in\u00fdch subjektov, \u010di\u017ee s\u00fabory\u00a0cookie\u00a0zverejnen\u00e9 na webov\u00fdch str\u00e1nkach na\u0161imi partnermi,\u00a0tj.:<\/span><span data-ccp-props=\"{}\">\u00a0<\/span><\/p>\n<ul>\n<li data-leveltext=\"\uf0b7\" data-font=\"Symbol\" data-listid=\"6\" aria-setsize=\"-1\" data-aria-posinset=\"1\" data-aria-level=\"1\"><span data-contrast=\"auto\">Google<\/span><span data-ccp-props=\"{&quot;134233279&quot;:true}\">\u00a0<\/span><\/li>\n<li data-leveltext=\"\uf0b7\" data-font=\"Symbol\" data-listid=\"6\" aria-setsize=\"-1\" data-aria-posinset=\"2\" data-aria-level=\"1\"><span data-contrast=\"auto\">Facebook<\/span><span data-ccp-props=\"{&quot;134233279&quot;:true}\">\u00a0<\/span><\/li>\n<li data-leveltext=\"\uf0b7\" data-font=\"Symbol\" data-listid=\"6\" aria-setsize=\"-1\" data-aria-posinset=\"3\" data-aria-level=\"1\"><span data-contrast=\"auto\">Hotjar<\/span><span data-ccp-props=\"{&quot;134233279&quot;:true}\">\u00a0<\/span><\/li>\n<\/ul>\n<p><span data-ccp-props=\"{}\">\u00a0<\/span><\/p>\n<h3><span data-contrast=\"none\">Cookie\u00a0a anal\u00fdza prev\u00e1dzky na webe a spr\u00e1vania\u00a0u\u017e\u00edvate\u013eov\u00a0<\/span><span data-ccp-props=\"{}\">\u00a0<\/span><\/h3>\n<p><span data-contrast=\"auto\">Pre rozbor a zlep\u0161enie fungovania na\u0161ich webov\u00fdch str\u00e1nok, pou\u017e\u00edvame slu\u017eby a reklamn\u00e9 funkcie, ktor\u00e9 pon\u00faka n\u00e1stroj Google\u00a0Analytics\u00a0dod\u00e1van\u00fd spolo\u010dnos\u0165ou Google\u00a0Inc. Google\u00a0Analytics\u00a0hromadne a anonymne spracov\u00e1va zhroma\u017eden\u00e9 \u00fadaje, preto nie je mo\u017en\u00e9 identifikova\u0165 jedin\u00fa osobu, ktorej \u00fadaje boli z\u00edskan\u00e9. Google\u00a0Analytics\u00a0pou\u017e\u00edva\u00a0cookies\u00a0na anal\u00fdzu toho, ako pou\u017e\u00edvate web a k vytv\u00e1raniu s\u00fahrnn\u00fdch \u0161tatist\u00edk \/ spr\u00e1v o n\u00e1v\u0161tevn\u00edkoch. Okrem toho v\u010faka reklamnej funkcii Google\u00a0Analytics\u00a0m\u00e1me mo\u017enos\u0165:<\/span><span data-ccp-props=\"{}\">\u00a0<\/span><\/p>\n<ul>\n<li data-leveltext=\"\uf0b7\" data-font=\"Symbol\" data-listid=\"4\" aria-setsize=\"-1\" data-aria-posinset=\"1\" data-aria-level=\"1\"><span data-contrast=\"none\">\u00a0pou\u017e\u00edva\u0165\u00a0remarketing\u00a0s vyu\u017eit\u00edm Google\u00a0Analytics;<\/span><span data-ccp-props=\"{&quot;335559738&quot;:96,&quot;335559739&quot;:96}\">\u00a0<\/span><\/li>\n<li data-leveltext=\"\uf0b7\" data-font=\"Symbol\" data-listid=\"4\" aria-setsize=\"-1\" data-aria-posinset=\"2\" data-aria-level=\"1\"><span data-contrast=\"none\">pripravova\u0165 spr\u00e1vy oh\u013eadom zobrazenia v reklamnej sieti Google;<\/span><span data-ccp-props=\"{&quot;335559738&quot;:96,&quot;335559739&quot;:96}\">\u00a0<\/span><\/li>\n<li data-leveltext=\"\uf0b7\" data-font=\"Symbol\" data-listid=\"4\" aria-setsize=\"-1\" data-aria-posinset=\"3\" data-aria-level=\"1\"><span data-contrast=\"none\">pripravova\u0165 spr\u00e1vy oh\u013eadom demografick\u00fdch \u00fadajov a z\u00e1ujmov v\u00a0\u00a0Google\u00a0Analytics;<\/span><span data-ccp-props=\"{&quot;335559738&quot;:96,&quot;335559739&quot;:96}\">\u00a0<\/span><\/li>\n<\/ul>\n<ul>\n<li data-leveltext=\"\uf0b7\" data-font=\"Symbol\" data-listid=\"4\" aria-setsize=\"-1\" data-aria-posinset=\"1\" data-aria-level=\"1\"><span data-contrast=\"none\">vyu\u017e\u00edva\u0165 integrovan\u00e9 slu\u017eby, ktor\u00e9 vy\u017eaduj\u00fa, aby Google\u00a0Analytics\u00a0zhroma\u017e\u010fovala \u00fadaje na reklamn\u00e9 \u00fa\u010dely, vr\u00e1tane pou\u017eitia identifik\u00e1torov a s\u00faborov\u00a0cookies\u00a0t\u00fdkaj\u00facich sa rekl\u00e1m.<\/span><span data-ccp-props=\"{&quot;335559738&quot;:96,&quot;335559739&quot;:96}\">\u00a0<\/span><\/li>\n<\/ul>\n<p><span data-contrast=\"auto\">Nastavenie rekl\u00e1m m\u00f4\u017eete kedyko\u013evek zmeni\u0165 v r\u00e1mci slu\u017eby Google, vr\u00e1tane deaktivovania personaliz\u00e1cie\u00a0rekl\u00e1m, ktor\u00e1 d\u00e1va Google na mo\u017enos\u0165 vyu\u017e\u00edvania inform\u00e1ci\u00ed o Va\u0161ej aktivite v \u00fa\u010dte Google, inform\u00e1ci\u00ed uchov\u00e1van\u00fdch v r\u00e1mci Google slu\u017eieb (ako napr\u00edklad vyh\u013ead\u00e1va\u010d a YouTube) a \u00fadajov t\u00fdkaj\u00facich sa prehliadania\u00a0d\u00e1t z webov a aplik\u00e1ci\u00ed partnerov Google. Nastavenie reklamy m\u00f4\u017eete zmeni\u0165\u202f<\/span><a href=\"https:\/\/adssettings.google.com\/\"><span data-contrast=\"none\">tu<\/span><\/a><span data-contrast=\"none\">\u00a0<\/span><span data-contrast=\"none\">.<\/span><span data-ccp-props=\"{}\">\u00a0<\/span><\/p>\n<p><span data-ccp-props=\"{}\">\u00a0<\/span><\/p>\n<p><span data-contrast=\"auto\">Ak nechcete poskytova\u0165 anonymn\u00e9 d\u00e1ta o pou\u017e\u00edvan\u00ed webe slu\u017ebe Google\u00a0Analytics, m\u00f4\u017eete pou\u017ei\u0165 plugin poskytovan\u00fd spolo\u010dnos\u0165ou Google\u202f<\/span><a href=\"https:\/\/tools.google.com\/dlpage\/gaoptout\/?hl=en\"><span data-contrast=\"none\">tu<\/span><\/a><span data-contrast=\"none\">\u00a0<\/span><span data-contrast=\"none\">.\u00a0<\/span><span data-contrast=\"auto\">Po nain\u0161talovan\u00ed do V\u00e1\u0161ho prehliada\u010da a aktiv\u00e1cii\u00a0nebud\u00fa \u010falej d\u00e1ta odosielan\u00e9, ale Vy budete st\u00e1le ma\u0165 pr\u00edstup k dan\u00e9mu webu.<\/span><span data-ccp-props=\"{}\">\u00a0<\/span><\/p>\n<p><span data-ccp-props=\"{}\">\u00a0<\/span><\/p>\n<p><span data-contrast=\"auto\">Viac inform\u00e1ci\u00ed o spracovan\u00ed a vyu\u017eit\u00ed d\u00e1t v r\u00e1mci Google\u00a0Analytics\u00a0n\u00e1jdete tu:\u202f<\/span><a href=\"https:\/\/policies.google.com\/technologies\/partner-sites?hl=sk\"><span data-contrast=\"none\">tu<\/span><\/a><span data-contrast=\"none\">,\u00a0<\/span><span data-contrast=\"auto\">zatia\u013e \u010do \u00fapln\u00e9 pravidl\u00e1 pre ochranu osobn\u00fdch \u00fadajov Google\u00a0Inc. S\u00fa dostupn\u00e1 tu:\u202f<\/span><a href=\"https:\/\/policies.google.com\/privacy?hl=sk\"><span data-contrast=\"none\">tu<\/span><\/a><span data-ccp-props=\"{}\">\u00a0<\/span><\/p>\n<h3 aria-level=\"1\"><span data-contrast=\"none\">Zmena nastavenia\u00a0cookie\u00a0s\u00faborov v prehliada\u010di<\/span><span data-ccp-props=\"{&quot;335559738&quot;:240}\">\u00a0<\/span><\/h3>\n<p><span data-contrast=\"auto\">Zmena podmienok pre ukladanie alebo prij\u00edmanie\u00a0cookies\u00a0je mo\u017en\u00e1 konfigur\u00e1ciou nastavenia vo webov\u00fdch prehliada\u010doch, napr.:<\/span><span data-ccp-props=\"{}\">\u00a0<\/span><\/p>\n<ul>\n<li data-leveltext=\"\uf0b7\" data-font=\"Symbol\" data-listid=\"7\" aria-setsize=\"-1\" data-aria-posinset=\"1\" data-aria-level=\"1\"><span data-contrast=\"none\">v prehliada\u010di\u202f<\/span><a href=\"https:\/\/support.google.com\/chrome\/answer\/95647?hl=en\"><span data-contrast=\"none\">Chrome<\/span><\/a><span data-ccp-props=\"{&quot;134233117&quot;:true,&quot;335559739&quot;:150}\">\u00a0<\/span><\/li>\n<li data-leveltext=\"\uf0b7\" data-font=\"Symbol\" data-listid=\"7\" aria-setsize=\"-1\" data-aria-posinset=\"2\" data-aria-level=\"1\"><span data-contrast=\"none\">v prehliada\u010di\u202f<\/span><a href=\"https:\/\/support.microsoft.com\/sk-sk\/windows\/odstr%C3%A1nenie-a-spr%C3%A1va-s%C3%BAborov-cookie-168dab11-0753-043d-7c16-ede5947fc64d\"><span data-contrast=\"none\">Internet\u00a0Explorer<\/span><\/a><span data-ccp-props=\"{&quot;134233117&quot;:true,&quot;335559739&quot;:150}\">\u00a0<\/span><\/li>\n<\/ul>\n<ul>\n<li data-leveltext=\"\uf0b7\" data-font=\"Symbol\" data-listid=\"7\" aria-setsize=\"-1\" data-aria-posinset=\"1\" data-aria-level=\"1\"><span data-contrast=\"none\">v prehliada\u010di\u202f<\/span><a href=\"https:\/\/support.mozilla.org\/pl\/kb\/ciasteczka\"><span data-contrast=\"none\">Mozilla\u00a0Firefox<\/span><\/a><span data-ccp-props=\"{&quot;134233117&quot;:true,&quot;335559739&quot;:150}\">\u00a0<\/span><\/li>\n<li data-leveltext=\"\uf0b7\" data-font=\"Symbol\" data-listid=\"7\" aria-setsize=\"-1\" data-aria-posinset=\"2\" data-aria-level=\"1\"><span data-contrast=\"none\">v prehliada\u010di\u202f<\/span><a href=\"https:\/\/help.opera.com\/en\/latest\/web-preferences\/\"><span data-contrast=\"none\">Opera<\/span><\/a><span data-ccp-props=\"{&quot;134233117&quot;:true,&quot;335559739&quot;:150}\">\u00a0<\/span><\/li>\n<li data-leveltext=\"\uf0b7\" data-font=\"Symbol\" data-listid=\"7\" aria-setsize=\"-1\" data-aria-posinset=\"3\" data-aria-level=\"1\"><span data-contrast=\"none\">v prehliada\u010di\u202f<\/span><a href=\"https:\/\/support.apple.com\/en-gb\/guide\/safari\/sfri11471\/mac\"><span data-contrast=\"none\">Safari<\/span><\/a><span data-ccp-props=\"{&quot;134233117&quot;:true,&quot;335559739&quot;:150}\">\u00a0<\/span><\/li>\n<\/ul>\n<p><span data-ccp-props=\"{}\">\u00a0<\/span><\/p>\n","protected":false},"excerpt":{"rendered":"\u010co s\u00fa\u00a0cookie\u00a0s\u00fabory?\u00a0 S\u00fabory\u00a0cookie\u00a0(cookies) s\u00fa textov\u00e9 s\u00fabory odoslan\u00e9 nav\u0161t\u00edven\u00fdmi webov\u00fdmi str\u00e1nkami a potom stiahnut\u00e9 do po\u010d\u00edta\u010da u\u017e\u00edvate\u013ea. Inform\u00e1cie obsiahnut\u00e9 v\u00a0cookies\u00a0sa m\u00f4\u017eu \u010d\u00edta\u0165 len webovou str\u00e1nkou, ktor\u00e1 ich vytvorila. T\u00e1to str\u00e1nka z\u00e1rove\u0148 nem\u00e1 pr\u00edstup k \u010fal\u0161\u00edm s\u00faborom, ktor\u00e9 s\u00fa v po\u010d\u00edta\u010di u\u017e\u00edvate\u013ea.\u00a0 \u00a0 Typy s\u00faborov\u00a0cookie\u00a0pou\u017e\u00edvan\u00fdch spolo\u010dnos\u0165ou\u00a0WAGAS S.A.\u00a0\u00a0 V r\u00e1mci webov\u00fdch str\u00e1nok wagas.pl a wagas.eu a mobiln\u00fdch aplik\u00e1ci\u00ed&#8230; <a class=\"view-article\" href=\"https:\/\/wagas.eu\/sk\/politika-suborov-cookie\/\">View Article<\/a>","protected":false},"author":1,"featured_media":0,"parent":0,"menu_order":0,"comment_status":"closed","ping_status":"closed","template":"","meta":{"footnotes":""},"_links":{"self":[{"href":"https:\/\/wagas.eu\/sk\/wp-json\/wp\/v2\/pages\/3372"}],"collection":[{"href":"https:\/\/wagas.eu\/sk\/wp-json\/wp\/v2\/pages"}],"about":[{"href":"https:\/\/wagas.eu\/sk\/wp-json\/wp\/v2\/types\/page"}],"author":[{"embeddable":true,"href":"https:\/\/wagas.eu\/sk\/wp-json\/wp\/v2\/users\/1"}],"replies":[{"embeddable":true,"href":"https:\/\/wagas.eu\/sk\/wp-json\/wp\/v2\/comments?post=3372"}],"version-history":[{"count":3,"href":"https:\/\/wagas.eu\/sk\/wp-json\/wp\/v2\/pages\/3372\/revisions"}],"predecessor-version":[{"id":7998,"href":"https:\/\/wagas.eu\/sk\/wp-json\/wp\/v2\/pages\/3372\/revisions\/7998"}],"wp:attachment":[{"href":"https:\/\/wagas.eu\/sk\/wp-json\/wp\/v2\/media?parent=3372"}],"curies":[{"name":"wp","href":"https:\/\/api.w.org\/{rel}","templated":true}]}}