{"id":3373,"date":"2019-04-09T15:52:15","date_gmt":"2019-04-09T13:52:15","guid":{"rendered":"http:\/\/www.sandis.type.pl\/wagas\/bg\/cookie-policy\/"},"modified":"2021-06-02T17:12:56","modified_gmt":"2021-06-02T15:12:56","slug":"politika-piskotkov","status":"publish","type":"page","link":"https:\/\/wagas.eu\/sl\/politika-piskotkov\/","title":{"rendered":"Politika pi\u0161kotkov"},"content":{"rendered":"<h3 aria-level=\"1\"><span data-contrast=\"none\">Kaj so pi\u0161kotki?<\/span><span data-ccp-props=\"{&quot;335559738&quot;:240}\">\u00a0<\/span><\/h3>\n<p><span data-contrast=\"auto\">Datoteke pi\u0161kotki (angle\u0161ko:\u00a0cookies) so tekstovne datoteke, ki jih po\u0161ljejo obiskana spletna mesta in nato prenesejo v uporabnikov ra\u010dunalnik.\u00a0Informacije v pi\u0161kotkih omogo\u010dajo, da jih bere samo spletno mesto, ki jih je ustvarilo.\u00a0Hkrati spletno mesto nima dostopa do drugih datotek, ki so v uporabnikovem ra\u010dunalniku.<\/span><span data-ccp-props=\"{}\">\u00a0<\/span><\/p>\n<p><span data-ccp-props=\"{}\">\u00a0<\/span><\/p>\n<h3><span data-contrast=\"none\">Vrste pi\u0161kotkov, ki jih uporablja WAGAS S.A.<\/span><span data-ccp-props=\"{}\">\u00a0<\/span><\/h3>\n<p><span data-contrast=\"auto\">Kot del spletnih strani, ki delujeta na spletnih naslovih wagas.pl in wagas.eu, ter v mobilnih aplikacijah WAGAS S.A.\u00a0se\u00a0uporabljata dve vrsti pi\u0161kotkov:<\/span><span data-ccp-props=\"{}\">\u00a0<\/span><\/p>\n<ul>\n<li data-leveltext=\"\uf0b7\" data-font=\"Symbol\" data-listid=\"5\" aria-setsize=\"-1\" data-aria-posinset=\"1\" data-aria-level=\"1\"><span data-contrast=\"auto\">trajni &#8211; ostanejo v uporabnikovi napravi, dokler jih uporabnik ro\u010dno ne izbri\u0161e ali za \u010das, dolo\u010den v parametrih datoteke;<\/span><span data-ccp-props=\"{&quot;134233279&quot;:true}\">\u00a0<\/span><\/li>\n<li data-leveltext=\"\uf0b7\" data-font=\"Symbol\" data-listid=\"5\" aria-setsize=\"-1\" data-aria-posinset=\"2\" data-aria-level=\"1\"><span data-contrast=\"auto\">sejni &#8211; ostanejo v uporabnikovi napravi, dokler programska oprema (spletni brskalnik) ni izklopljena ali do trenutka, ko se seja kon\u010da.<\/span><span data-ccp-props=\"{&quot;134233279&quot;:true}\">\u00a0<\/span><\/li>\n<\/ul>\n<p aria-level=\"1\"><span data-contrast=\"none\">Namen uporabe pi\u0161kotkov<\/span><span data-ccp-props=\"{&quot;335559738&quot;:240}\">\u00a0<\/span><\/p>\n<p><span data-contrast=\"auto\">Pi\u0161kotki, ki jih uporablja spletno mesto, omogo\u010dajo ustrezno prilagoditev informacij, prikazanih na spletnem mestu in personalizacijo predstavljene vsebine.\u00a0Omogo\u010dajo tudi merjenje interakcij uporabnikov na spletnih mestih.\u00a0Pi\u0161kotki se uporabljajo za prilagajanje in izbolj\u0161anje delovanja spletnih strani in aplikacij, ter za merjenje u\u010dinkov ukrepov, izvedenih kot del spletnega mesta<\/span><span data-contrast=\"auto\">.<\/span><span data-ccp-props=\"{}\">\u00a0<\/span><\/p>\n<p><span data-ccp-props=\"{}\">\u00a0<\/span><\/p>\n<h3><span data-contrast=\"auto\">Primeri uporabe pi\u0161kotkov na spletnem mestu<\/span><span data-contrast=\"none\">:<\/span><span data-ccp-props=\"{&quot;201341983&quot;:2,&quot;335559739&quot;:225,&quot;335559740&quot;:330}\">\u00a0<\/span><\/h3>\n<ul>\n<li data-leveltext=\"\uf0b7\" data-font=\"Symbol\" data-listid=\"2\" aria-setsize=\"-1\" data-aria-posinset=\"1\" data-aria-level=\"1\"><span data-contrast=\"auto\">ujemanje oglasov, prikazanih na spletnem mestu;<\/span><span data-ccp-props=\"{&quot;335559738&quot;:96,&quot;335559739&quot;:96}\">\u00a0<\/span><\/li>\n<li data-leveltext=\"\uf0b7\" data-font=\"Symbol\" data-listid=\"2\" aria-setsize=\"-1\" data-aria-posinset=\"2\" data-aria-level=\"1\"><span data-contrast=\"auto\">analiziranje uporabni\u0161kih preferenc in aktivnosti na spletnem mestu;<\/span><span data-ccp-props=\"{&quot;335559738&quot;:96,&quot;335559739&quot;:96}\">\u00a0<\/span><\/li>\n<li data-leveltext=\"\uf0b7\" data-font=\"Symbol\" data-listid=\"2\" aria-setsize=\"-1\" data-aria-posinset=\"3\" data-aria-level=\"1\"><span data-contrast=\"auto\">prilagajanje vsebine oglasov, ki se med drugim prikazujejo v ogla\u0161evalskem omre\u017eju, npr. Google (ponovno tr\u017eenje oz.\u00a0remarketing);<\/span><span data-ccp-props=\"{&quot;335559738&quot;:96,&quot;335559739&quot;:96}\">\u00a0<\/span><\/li>\n<li data-leveltext=\"\uf0b7\" data-font=\"Symbol\" data-listid=\"2\" aria-setsize=\"-1\" data-aria-posinset=\"4\" data-aria-level=\"1\"><span data-contrast=\"auto\">merjenje u\u010dinkovitosti ukrepov, ki se izvajajo za zavarovalnico, npr. v Googlu, pridru\u017eenih omre\u017ejih, partnerskih programih;<\/span><span data-ccp-props=\"{&quot;335559738&quot;:96,&quot;335559739&quot;:96}\">\u00a0<\/span><\/li>\n<\/ul>\n<ul>\n<li data-leveltext=\"\uf0b7\" data-font=\"Symbol\" data-listid=\"2\" aria-setsize=\"-1\" data-aria-posinset=\"1\" data-aria-level=\"1\"><span data-contrast=\"auto\">implementacija datotek tretjih oseb, npr. pridru\u017eenih omre\u017eij prek Google Upravitelja oznak &#8211; ve\u010d informacij<\/span><span data-contrast=\"none\">\u00a0<\/span><a href=\"https:\/\/www.google.com\/analytics\/tag-manager\/use-policy\/\"><span data-contrast=\"none\">je dostopnih na\u00a0tej\u00a0povezavi<\/span><\/a><span data-contrast=\"none\">\u00a0<\/span><span data-contrast=\"auto\">;<\/span><span data-ccp-props=\"{&quot;335559738&quot;:96,&quot;335559739&quot;:96}\">\u00a0<\/span><\/li>\n<li data-leveltext=\"\uf0b7\" data-font=\"Symbol\" data-listid=\"2\" aria-setsize=\"-1\" data-aria-posinset=\"2\" data-aria-level=\"1\"><span data-contrast=\"auto\">zapomnitev nestrinjanja glede prikazovanja dolo\u010dene vsebine v prihodnosti<\/span><span data-contrast=\"none\">.<\/span><span data-ccp-props=\"{&quot;335559738&quot;:96,&quot;335559739&quot;:96}\">\u00a0<\/span><\/li>\n<\/ul>\n<p><span data-contrast=\"auto\">\u00a0<\/span><span data-ccp-props=\"{}\">\u00a0<\/span><\/p>\n<h3 aria-level=\"1\"><span data-contrast=\"none\">Pi\u0161kotki zunanjih partnerjev<\/span><span data-ccp-props=\"{&quot;335559738&quot;:240}\">\u00a0<\/span><\/h3>\n<p><span data-contrast=\"auto\">Uporabljamo oziroma lahko uporabljamo pi\u0161kotke tretjih oseb, to so pi\u0161kotki, ki jih na spletnem mestu objavijo na\u0161i partnerji:<\/span><span data-ccp-props=\"{}\">\u00a0<\/span><\/p>\n<ul>\n<li data-leveltext=\"\uf0b7\" data-font=\"Symbol\" data-listid=\"6\" aria-setsize=\"-1\" data-aria-posinset=\"1\" data-aria-level=\"1\"><span data-contrast=\"auto\">Google<\/span><span data-ccp-props=\"{&quot;134233279&quot;:true}\">\u00a0<\/span><\/li>\n<li data-leveltext=\"\uf0b7\" data-font=\"Symbol\" data-listid=\"6\" aria-setsize=\"-1\" data-aria-posinset=\"2\" data-aria-level=\"1\"><span data-contrast=\"auto\">Facebook<\/span><span data-ccp-props=\"{&quot;134233279&quot;:true}\">\u00a0<\/span><\/li>\n<li data-leveltext=\"\uf0b7\" data-font=\"Symbol\" data-listid=\"6\" aria-setsize=\"-1\" data-aria-posinset=\"3\" data-aria-level=\"1\"><span data-contrast=\"auto\">Hotjar<\/span><span data-ccp-props=\"{&quot;134233279&quot;:true}\">\u00a0<\/span><\/li>\n<\/ul>\n<p><span data-ccp-props=\"{}\">\u00a0<\/span><\/p>\n<h3 aria-level=\"1\"><span data-contrast=\"none\">Pi\u0161kotek\u00a0in analiza\u00a0uporabni\u0161kega\u00a0prometa\u00a0in\u00a0vedenja<\/span><span data-ccp-props=\"{&quot;335559738&quot;:240}\">\u00a0<\/span><\/h3>\n<p><span data-contrast=\"auto\">V namen analize in izbolj\u0161anja delovanja\u00a0na\u0161ega spletnega mesta, uporabljamo storitve in ogla\u0161evalske funkcije, ki jih ponuja Google Analytics, posredovane preko\u00a0Google Inc.\u00a0Google Analytics prejete podatke obdela zbirno in\u00a0anonimno, zato ni mogo\u010de identificirati ene osebe, katere podatki so bili pridobljeni.\u00a0Google Analytics s pomo\u010djo pi\u0161kotkov analizira, kako uporabljate spletno mesto\u00a0in ustvarja zbirno statistiko\/poro\u010dila o obiskovalcih.\u00a0Poleg tega lahko z ogla\u0161evalsko funkcijo Google Analytics:<\/span><span data-ccp-props=\"{}\">\u00a0<\/span><\/p>\n<ul>\n<li data-leveltext=\"\uf0b7\" data-font=\"Symbol\" data-listid=\"4\" aria-setsize=\"-1\" data-aria-posinset=\"1\" data-aria-level=\"1\"><span data-contrast=\"auto\">uporabljamo ponovno tr\u017eenje oz.\u00a0remarketing\u00a0z uporabo storitve Google Analytics;<\/span><span data-ccp-props=\"{&quot;335559738&quot;:96,&quot;335559739&quot;:96}\">\u00a0<\/span><\/li>\n<li data-leveltext=\"\uf0b7\" data-font=\"Symbol\" data-listid=\"4\" aria-setsize=\"-1\" data-aria-posinset=\"2\" data-aria-level=\"1\"><span data-contrast=\"auto\">pripravimo poro\u010dila o pogledih v Google reklamnem omre\u017eju;<\/span><span data-ccp-props=\"{&quot;335559738&quot;:96,&quot;335559739&quot;:96}\">\u00a0<\/span><\/li>\n<li data-leveltext=\"\uf0b7\" data-font=\"Symbol\" data-listid=\"4\" aria-setsize=\"-1\" data-aria-posinset=\"3\" data-aria-level=\"1\"><span data-contrast=\"auto\">pripravimo poro\u010dila o demografskih podatkih in zanimanjih z uporabo Google Analytics<\/span><span data-contrast=\"none\">;<\/span><span data-ccp-props=\"{&quot;335559738&quot;:96,&quot;335559739&quot;:96}\">\u00a0<\/span><\/li>\n<li data-leveltext=\"\uf0b7\" data-font=\"Symbol\" data-listid=\"4\" aria-setsize=\"-1\" data-aria-posinset=\"4\" data-aria-level=\"1\"><span data-contrast=\"auto\">uporabljamo integrirane storitve, ki zahtevajo, da Google Analytics zbira podatke v ogla\u0161evalske namene, vklju\u010dno z uporabo identifikatorjev in ogla\u0161evalskih pi\u0161kotkov<\/span><span data-contrast=\"none\">.<\/span><span data-ccp-props=\"{&quot;335559738&quot;:96,&quot;335559739&quot;:96}\">\u00a0<\/span><\/li>\n<\/ul>\n<p><span data-contrast=\"auto\">Nastavitve oglasov lahko kadarkoli spremenite v Googlu, vklju\u010dno z onemogo\u010danjem personalizacije oglasov, kar Googlu omogo\u010da, da uporablja podatke o va\u0161i dejavnosti v va\u0161em Google ra\u010dunu, podatke, shranjene v Googlovih storitvah (kot sta iskalnik in YouTube)\u00a0in brskanje po podatkih\u00a0spletnih mest in aplikacij\u00a0Googlovih\u00a0partnerjev.\u00a0Nastavitve oglasov lahko spremenite na<\/span><span data-contrast=\"none\">\u00a0<\/span><a href=\"https:\/\/adssettings.google.com\/\"><span data-contrast=\"none\">tej povezavi<\/span><\/a><span data-contrast=\"auto\">.<\/span><span data-ccp-props=\"{}\">\u00a0<\/span><\/p>\n<p><span data-ccp-props=\"{}\">\u00a0<\/span><\/p>\n<p><span data-contrast=\"auto\">\u010ce ne \u017eelite, da Google Analytics zbira podatke o va\u0161i dejavnosti na spletnem mestu, lahko uporabite dodatek za brskalnik, ki blokira Google Analytics.\u00a0\u010ce \u017eelite to narediti, prenesite in namestite brezpla\u010den vti\u010dnik, ki je na voljo\u00a0na\u00a0<\/span><a href=\"https:\/\/tools.google.com\/dlpage\/gaoptout\/\"><span data-contrast=\"none\">tej povezavi<\/span><\/a><span data-contrast=\"auto\">.<\/span><span data-contrast=\"none\">\u00a0<\/span><span data-contrast=\"auto\">Potem Google Analytics ne bo zbiral podatkov o obiskih spletnega mesta in \u0161e vedno boste imeli dostop do spletnega mesta.<\/span><span data-ccp-props=\"{}\">\u00a0<\/span><\/p>\n<p><span data-ccp-props=\"{}\">\u00a0<\/span><\/p>\n<p><span data-contrast=\"auto\">Podrobne informacije o na\u010dinu zbiranja in obdelave podatkov s strani storitve Google\u00a0Analytics\u00a0<\/span><a href=\"https:\/\/policies.google.com\/privacy\/partners?hl=sl\"><span data-contrast=\"none\">so dostopne na tej povezavi<\/span><\/a><span data-contrast=\"auto\">,<\/span><span data-contrast=\"none\">\u00a0<\/span><span data-contrast=\"auto\">medtem ko je celotna politika zasebnosti dru\u017ebe Google\u00a0Inc.\u00a0<\/span><a href=\"https:\/\/policies.google.com\/privacy?hl=sl\"><span data-contrast=\"none\">dostopna na tej povezavi<\/span><\/a><span data-contrast=\"auto\">.<\/span><span data-ccp-props=\"{}\">\u00a0<\/span><\/p>\n<p><span data-ccp-props=\"{}\">\u00a0<\/span><\/p>\n<h3 aria-level=\"1\"><span data-contrast=\"none\">Spreminjanje\u00a0nastavitev\u00a0pi\u0161kotkov\u00a0v\u00a0spletnem\u00a0brskalniku<\/span><span data-ccp-props=\"{&quot;335559738&quot;:240}\">\u00a0<\/span><\/h3>\n<p><span data-contrast=\"auto\">Spreminjanje pogojev shranjevanja ali prejemanja pi\u0161kotkov je mogo\u010de s konfiguracijo nastavitev v spletnih brskalnikih:<\/span><span data-ccp-props=\"{}\">\u00a0<\/span><\/p>\n<ul>\n<li data-leveltext=\"\uf0b7\" data-font=\"Symbol\" data-listid=\"7\" aria-setsize=\"-1\" data-aria-posinset=\"1\" data-aria-level=\"1\"><span data-contrast=\"auto\">v brskalniku\u00a0<\/span><a href=\"https:\/\/support.google.com\/chrome\/answer\/95647?hl=sl\"><span data-contrast=\"none\">Chrome<\/span><\/a><span data-ccp-props=\"{&quot;134233117&quot;:true,&quot;335559739&quot;:150}\">\u00a0<\/span><\/li>\n<li data-leveltext=\"\uf0b7\" data-font=\"Symbol\" data-listid=\"7\" aria-setsize=\"-1\" data-aria-posinset=\"2\" data-aria-level=\"1\"><span data-contrast=\"auto\">v brskalniku\u00a0<\/span><a href=\"https:\/\/support.microsoft.com\/sl-si\/windows\/brisanje-in-upravljanje-pi%C5%A1kotkov-168dab11-0753-043d-7c16-ede5947fc64d\"><span data-contrast=\"none\">Internet\u00a0Explorer<\/span><\/a><span data-ccp-props=\"{&quot;134233117&quot;:true,&quot;335559739&quot;:150}\">\u00a0<\/span><\/li>\n<\/ul>\n<ul>\n<li data-leveltext=\"\uf0b7\" data-font=\"Symbol\" data-listid=\"7\" aria-setsize=\"-1\" data-aria-posinset=\"1\" data-aria-level=\"1\"><span data-contrast=\"auto\">v brskalniku\u00a0<\/span><a href=\"https:\/\/support.mozilla.org\/sl\/kb\/piskotki\"><span data-contrast=\"none\">Mozilla\u00a0Firefox<\/span><\/a><span data-ccp-props=\"{&quot;134233117&quot;:true,&quot;335559739&quot;:150}\">\u00a0<\/span><\/li>\n<li data-leveltext=\"\uf0b7\" data-font=\"Symbol\" data-listid=\"7\" aria-setsize=\"-1\" data-aria-posinset=\"2\" data-aria-level=\"1\"><span data-contrast=\"auto\">v brskalniku\u00a0<\/span><a href=\"https:\/\/help.opera.com\/en\/latest\/web-preferences\/#cookies\"><span data-contrast=\"none\">Opera<\/span><\/a><span data-ccp-props=\"{&quot;134233117&quot;:true,&quot;335559739&quot;:150}\">\u00a0<\/span><\/li>\n<li data-leveltext=\"\uf0b7\" data-font=\"Symbol\" data-listid=\"7\" aria-setsize=\"-1\" data-aria-posinset=\"3\" data-aria-level=\"1\"><span data-contrast=\"auto\">v brskalniku\u00a0<\/span><a href=\"https:\/\/support.apple.com\/en-euro\/guide\/safari\/sfri11471\/mac\"><span data-contrast=\"none\">Safari<\/span><\/a><span data-ccp-props=\"{&quot;134233117&quot;:true,&quot;335559739&quot;:150}\">\u00a0<\/span><\/li>\n<\/ul>\n<p><span data-ccp-props=\"{}\">\u00a0<\/span><\/p>\n","protected":false},"excerpt":{"rendered":"Kaj so pi\u0161kotki?\u00a0 Datoteke pi\u0161kotki (angle\u0161ko:\u00a0cookies) so tekstovne datoteke, ki jih po\u0161ljejo obiskana spletna mesta in nato prenesejo v uporabnikov ra\u010dunalnik.\u00a0Informacije v pi\u0161kotkih omogo\u010dajo, da jih bere samo spletno mesto, ki jih je ustvarilo.\u00a0Hkrati spletno mesto nima dostopa do drugih datotek, ki so v uporabnikovem ra\u010dunalniku.\u00a0 \u00a0 Vrste pi\u0161kotkov, ki jih uporablja WAGAS S.A.\u00a0 Kot&#8230; <a class=\"view-article\" href=\"https:\/\/wagas.eu\/sl\/politika-piskotkov\/\">View Article<\/a>","protected":false},"author":1,"featured_media":0,"parent":0,"menu_order":0,"comment_status":"closed","ping_status":"closed","template":"","meta":{"footnotes":""},"_links":{"self":[{"href":"https:\/\/wagas.eu\/sl\/wp-json\/wp\/v2\/pages\/3373"}],"collection":[{"href":"https:\/\/wagas.eu\/sl\/wp-json\/wp\/v2\/pages"}],"about":[{"href":"https:\/\/wagas.eu\/sl\/wp-json\/wp\/v2\/types\/page"}],"author":[{"embeddable":true,"href":"https:\/\/wagas.eu\/sl\/wp-json\/wp\/v2\/users\/1"}],"replies":[{"embeddable":true,"href":"https:\/\/wagas.eu\/sl\/wp-json\/wp\/v2\/comments?post=3373"}],"version-history":[{"count":3,"href":"https:\/\/wagas.eu\/sl\/wp-json\/wp\/v2\/pages\/3373\/revisions"}],"predecessor-version":[{"id":7996,"href":"https:\/\/wagas.eu\/sl\/wp-json\/wp\/v2\/pages\/3373\/revisions\/7996"}],"wp:attachment":[{"href":"https:\/\/wagas.eu\/sl\/wp-json\/wp\/v2\/media?parent=3373"}],"curies":[{"name":"wp","href":"https:\/\/api.w.org\/{rel}","templated":true}]}}